{"id":2790,"date":"2022-04-16T08:44:59","date_gmt":"2022-04-16T08:44:59","guid":{"rendered":"https:\/\/janelaswp.themesflat.com\/?page_id=2790"},"modified":"2024-03-14T23:09:47","modified_gmt":"2024-03-14T23:09:47","slug":"kontakto","status":"publish","type":"page","link":"https:\/\/danteshpk.al\/en\/kontakto\/","title":{"rendered":"Get in touch"},"content":{"rendered":"<div data-elementor-type=\"wp-page\" data-elementor-id=\"2790\" class=\"elementor elementor-2790\">\n\t\t\t\t\t\t<section class=\"elementor-section elementor-top-section elementor-element elementor-element-94882f1 elementor-section-full_width elementor-section-stretched elementor-section-height-default elementor-section-height-default\" data-id=\"94882f1\" data-element_type=\"section\" data-settings=\"{&quot;stretch_section&quot;:&quot;section-stretched&quot;}\">\n\t\t\t\t\t\t<div class=\"elementor-container elementor-column-gap-default\">\n\t\t\t\t\t<div class=\"elementor-column elementor-col-100 elementor-top-column elementor-element elementor-element-827caef\" data-id=\"827caef\" data-element_type=\"column\">\n\t\t\t<div class=\"elementor-widget-wrap elementor-element-populated\">\n\t\t\t\t\t\t<section class=\"elementor-section elementor-inner-section elementor-element elementor-element-642c048 elementor-section-boxed elementor-section-height-default elementor-section-height-default\" data-id=\"642c048\" data-element_type=\"section\">\n\t\t\t\t\t\t<div class=\"elementor-container elementor-column-gap-custom\">\n\t\t\t\t\t<div class=\"elementor-column elementor-col-100 elementor-inner-column elementor-element elementor-element-dac3174\" data-id=\"dac3174\" data-element_type=\"column\">\n\t\t\t<div class=\"elementor-widget-wrap elementor-element-populated\">\n\t\t\t\t\t\t<div class=\"elementor-element elementor-element-d2690a9 elementor-widget elementor-widget-tf-heading-section\" data-id=\"d2690a9\" data-element_type=\"widget\" data-widget_type=\"tf-heading-section.default\">\n\t\t\t\t<div class=\"elementor-widget-container\">\n\t\t\t<div id=\"tf-heading-section-d2690a9\" class=\"tf-heading-section\" data-tabid=\"d2690a9\"> \r\n\t\t\t\t\r\n\t\t\t<div class=\"heading-section\">\r\n\t\t\t\t<div class=\"before-title\">DO YOU HAVE QUESTIONS?<\/div>\r\n\t\t\t\t<h2 class=\"heading\">Get in touch<\/h2>\r\n\t\t\t<\/div>                \r\n            <\/div>\t\t<\/div>\n\t\t\t\t<\/div>\n\t\t\t\t\t<\/div>\n\t\t<\/div>\n\t\t\t\t\t<\/div>\n\t\t<\/section>\n\t\t\t\t<section class=\"elementor-section elementor-inner-section elementor-element elementor-element-b3ebdb8 elementor-section-boxed elementor-section-height-default elementor-section-height-default\" data-id=\"b3ebdb8\" data-element_type=\"section\">\n\t\t\t\t\t\t<div class=\"elementor-container elementor-column-gap-custom\">\n\t\t\t\t\t<div class=\"elementor-column elementor-col-33 elementor-inner-column elementor-element elementor-element-24cd3c4\" data-id=\"24cd3c4\" data-element_type=\"column\">\n\t\t\t<div class=\"elementor-widget-wrap elementor-element-populated\">\n\t\t\t\t\t\t<div class=\"elementor-element elementor-element-113823e elementor-widget elementor-widget-tficonbox\" data-id=\"113823e\" data-element_type=\"widget\" data-widget_type=\"tficonbox.default\">\n\t\t\t\t<div class=\"elementor-widget-container\">\n\t\t\t\t\t\t\t\t<div class=\"tficonbox left\">\r\n\t\t\t\t\t\r\n\t\t\t\t\t\t\t\t\t<div class=\"wrap-icon square\">\r\n\t\t\t\t\t\t<div class=\"wrap-icon-inner icon top-to-bottom\">\r\n\t\t\t\t\t\t\t<i aria-hidden=\"true\" class=\"janelas-icon-location\"><\/i>\t\t\t\t\t\t<\/div>\r\n\t\t\t\t\t<\/div>\r\n\t\t\t\t\t\r\n\r\n\t\t\t\t<div class=\"content\">\r\n\t\t\t\t\t<h3 class=\"title\">Address<\/h3>\r\n\t\t\t\t\t<div class=\"description\"><p>Street \"Bajram Tusha\", Neighborhood 14, Durr\u00ebs, Albania<\/p><\/div>\t\t\t\t\t\r\n\t\t\t\t\t\r\n\t\t\t\t<\/div>\r\n\t\t\t<\/div>\r\n\t\t\t\t<\/div>\n\t\t\t\t<\/div>\n\t\t\t\t\t<\/div>\n\t\t<\/div>\n\t\t\t\t<div class=\"elementor-column elementor-col-33 elementor-inner-column elementor-element elementor-element-72b6a4d\" data-id=\"72b6a4d\" data-element_type=\"column\">\n\t\t\t<div class=\"elementor-widget-wrap elementor-element-populated\">\n\t\t\t\t\t\t<div class=\"elementor-element elementor-element-5d01141 elementor-widget elementor-widget-tficonbox\" data-id=\"5d01141\" data-element_type=\"widget\" data-widget_type=\"tficonbox.default\">\n\t\t\t\t<div class=\"elementor-widget-container\">\n\t\t\t\t\t\t\t\t<div class=\"tficonbox left\">\r\n\t\t\t\t\t\r\n\t\t\t\t\t\t\t\t\t<div class=\"wrap-icon square\">\r\n\t\t\t\t\t\t<div class=\"wrap-icon-inner icon top-to-bottom\">\r\n\t\t\t\t\t\t\t<i aria-hidden=\"true\" class=\"janelas-icon-phone\"><\/i>\t\t\t\t\t\t<\/div>\r\n\t\t\t\t\t<\/div>\r\n\t\t\t\t\t\r\n\r\n\t\t\t\t<div class=\"content\">\r\n\t\t\t\t\t<h3 class=\"title\">Phone<\/h3>\r\n\t\t\t\t\t<div class=\"description\"><p>Phone: +355692089030<br \/>Mobile : +355696139334<\/p><\/div>\t\t\t\t\t\r\n\t\t\t\t\t\r\n\t\t\t\t<\/div>\r\n\t\t\t<\/div>\r\n\t\t\t\t<\/div>\n\t\t\t\t<\/div>\n\t\t\t\t\t<\/div>\n\t\t<\/div>\n\t\t\t\t<div class=\"elementor-column elementor-col-33 elementor-inner-column elementor-element elementor-element-d09e6e8\" data-id=\"d09e6e8\" data-element_type=\"column\">\n\t\t\t<div class=\"elementor-widget-wrap elementor-element-populated\">\n\t\t\t\t\t\t<div class=\"elementor-element elementor-element-88740f6 elementor-widget elementor-widget-tficonbox\" data-id=\"88740f6\" data-element_type=\"widget\" data-widget_type=\"tficonbox.default\">\n\t\t\t\t<div class=\"elementor-widget-container\">\n\t\t\t\t\t\t\t\t<div class=\"tficonbox left\">\r\n\t\t\t\t\t\r\n\t\t\t\t\t\t\t\t\t<div class=\"wrap-icon square\">\r\n\t\t\t\t\t\t<div class=\"wrap-icon-inner icon top-to-bottom\">\r\n\t\t\t\t\t\t\t<i aria-hidden=\"true\" class=\"janelas-icon-mail\"><\/i>\t\t\t\t\t\t<\/div>\r\n\t\t\t\t\t<\/div>\r\n\t\t\t\t\t\r\n\r\n\t\t\t\t<div class=\"content\">\r\n\t\t\t\t\t<h3 class=\"title\">Email-Us<\/h3>\r\n\t\t\t\t\t<div class=\"description\"><p><a href=\"mailto:info@danteshpk.com\"><strong>info@danteshpk.com<\/strong><\/a><strong> <br \/><\/strong><\/p><\/div>\t\t\t\t\t\r\n\t\t\t\t\t\r\n\t\t\t\t<\/div>\r\n\t\t\t<\/div>\r\n\t\t\t\t<\/div>\n\t\t\t\t<\/div>\n\t\t\t\t\t<\/div>\n\t\t<\/div>\n\t\t\t\t\t<\/div>\n\t\t<\/section>\n\t\t\t\t\t<\/div>\n\t\t<\/div>\n\t\t\t\t\t<\/div>\n\t\t<\/section>\n\t\t\t\t<section class=\"elementor-section elementor-top-section elementor-element elementor-element-40685e8 elementor-section-full_width elementor-section-stretched elementor-section-height-default elementor-section-height-default\" data-id=\"40685e8\" data-element_type=\"section\" data-settings=\"{&quot;stretch_section&quot;:&quot;section-stretched&quot;}\">\n\t\t\t\t\t\t<div class=\"elementor-container elementor-column-gap-no\">\n\t\t\t\t\t<div class=\"elementor-column elementor-col-100 elementor-top-column elementor-element elementor-element-edc4b15\" data-id=\"edc4b15\" data-element_type=\"column\">\n\t\t\t<div class=\"elementor-widget-wrap elementor-element-populated\">\n\t\t\t\t\t\t<div class=\"elementor-element elementor-element-0a59744 elementor-widget elementor-widget-tf-google_maps\" data-id=\"0a59744\" data-element_type=\"widget\" data-widget_type=\"tf-google_maps.default\">\n\t\t\t\t<div class=\"elementor-widget-container\">\n\t\t\t\t\t<div class=\"elementor-custom-embed\">\r\n\t\t\t<iframe\r\n\t\t\t\t\tsrc=\"https:\/\/maps.google.com\/maps?q=Dante%20Shpk&#038;t=m&#038;z=12&#038;output=embed&#038;iwloc=near\"\r\n\t\t\t\t\ttitle=\"Dante Shpk\"\r\n\t\t\t\t\taria-label=\"Dante Shpk\"\r\n\t\t\t><\/iframe>\r\n\t\t<\/div>\r\n\t\t\t\t<\/div>\n\t\t\t\t<\/div>\n\t\t\t\t\t<\/div>\n\t\t<\/div>\n\t\t\t\t\t<\/div>\n\t\t<\/section>\n\t\t\t\t<\/div>","protected":false},"excerpt":{"rendered":"<p>KENI PYETJE? Kontakto Adresa Rruga \u2018\u2019Bajram Tusha\u2019\u2019, Lagjia14, Durr\u00ebs, Albania Telefon Tel: +355692089030Mobile : +355696139334 Email-Us info@danteshpk.com<\/p>","protected":false},"author":1,"featured_media":0,"parent":0,"menu_order":0,"comment_status":"closed","ping_status":"closed","template":"","meta":{"footnotes":""},"class_list":["post-2790","page","type-page","status-publish","hentry"],"yoast_head":"<!-- This site is optimized with the Yoast SEO plugin v24.0 - https:\/\/yoast.com\/wordpress\/plugins\/seo\/ -->\n<title>Kontakto - Dante shpk<\/title>\n<meta name=\"description\" content=\"DANTE SHPK - SUPPORT 24\/7: \u00c7do produkt i DANTE SHPK p\u00ebrfshin asistenc\u00ebn p\u00ebr \u00e7do problem teknik (jo t\u00eb shkaktuar nga keqp\u00ebrdorimi) q\u00eb ju mund t\u00eb keni deri n\u00eb 10 vjet pasi ju keni marr\u00eb ne dor\u00ebzim porosin\u00eb.\" \/>\n<meta name=\"robots\" content=\"index, follow, max-snippet:-1, max-image-preview:large, max-video-preview:-1\" \/>\n<link rel=\"canonical\" href=\"https:\/\/danteshpk.al\/en\/kontakto\/\" \/>\n<meta property=\"og:locale\" content=\"en_US\" \/>\n<meta property=\"og:type\" content=\"article\" \/>\n<meta property=\"og:title\" content=\"Kontakto - Dante shpk\" \/>\n<meta property=\"og:description\" content=\"DANTE SHPK - SUPPORT 24\/7: \u00c7do produkt i DANTE SHPK p\u00ebrfshin asistenc\u00ebn p\u00ebr \u00e7do problem teknik (jo t\u00eb shkaktuar nga keqp\u00ebrdorimi) q\u00eb ju mund t\u00eb keni deri n\u00eb 10 vjet pasi ju keni marr\u00eb ne dor\u00ebzim porosin\u00eb.\" \/>\n<meta property=\"og:url\" content=\"https:\/\/danteshpk.al\/en\/kontakto\/\" \/>\n<meta property=\"og:site_name\" content=\"Dante shpk\" \/>\n<meta property=\"article:publisher\" content=\"https:\/\/www.facebook.com\/profile.php?id=100066746433407\" \/>\n<meta property=\"article:modified_time\" content=\"2024-03-14T23:09:47+00:00\" \/>\n<meta name=\"twitter:card\" content=\"summary_large_image\" \/>\n<meta name=\"twitter:label1\" content=\"Est. reading time\" \/>\n\t<meta name=\"twitter:data1\" content=\"1 minute\" \/>\n<script type=\"application\/ld+json\" class=\"yoast-schema-graph\">{\"@context\":\"https:\/\/schema.org\",\"@graph\":[{\"@type\":\"WebPage\",\"@id\":\"https:\/\/danteshpk.al\/kontakto\/\",\"url\":\"https:\/\/danteshpk.al\/kontakto\/\",\"name\":\"Kontakto - Dante shpk\",\"isPartOf\":{\"@id\":\"https:\/\/danteshpk.al\/#website\"},\"datePublished\":\"2022-04-16T08:44:59+00:00\",\"dateModified\":\"2024-03-14T23:09:47+00:00\",\"description\":\"DANTE SHPK - SUPPORT 24\/7: \u00c7do produkt i DANTE SHPK p\u00ebrfshin asistenc\u00ebn p\u00ebr \u00e7do problem teknik (jo t\u00eb shkaktuar nga keqp\u00ebrdorimi) q\u00eb ju mund t\u00eb keni deri n\u00eb 10 vjet pasi ju keni marr\u00eb ne dor\u00ebzim porosin\u00eb.\",\"breadcrumb\":{\"@id\":\"https:\/\/danteshpk.al\/kontakto\/#breadcrumb\"},\"inLanguage\":\"en-US\",\"potentialAction\":[{\"@type\":\"ReadAction\",\"target\":[\"https:\/\/danteshpk.al\/kontakto\/\"]}]},{\"@type\":\"BreadcrumbList\",\"@id\":\"https:\/\/danteshpk.al\/kontakto\/#breadcrumb\",\"itemListElement\":[{\"@type\":\"ListItem\",\"position\":1,\"name\":\"Home\",\"item\":\"https:\/\/danteshpk.al\/\"},{\"@type\":\"ListItem\",\"position\":2,\"name\":\"Kontakto\"}]},{\"@type\":\"WebSite\",\"@id\":\"https:\/\/danteshpk.al\/#website\",\"url\":\"https:\/\/danteshpk.al\/\",\"name\":\"Dante shpk\",\"description\":\"\",\"publisher\":{\"@id\":\"https:\/\/danteshpk.al\/#organization\"},\"potentialAction\":[{\"@type\":\"SearchAction\",\"target\":{\"@type\":\"EntryPoint\",\"urlTemplate\":\"https:\/\/danteshpk.al\/?s={search_term_string}\"},\"query-input\":{\"@type\":\"PropertyValueSpecification\",\"valueRequired\":true,\"valueName\":\"search_term_string\"}}],\"inLanguage\":\"en-US\"},{\"@type\":\"Organization\",\"@id\":\"https:\/\/danteshpk.al\/#organization\",\"name\":\"Dante shpk\",\"url\":\"https:\/\/danteshpk.al\/\",\"logo\":{\"@type\":\"ImageObject\",\"inLanguage\":\"en-US\",\"@id\":\"https:\/\/danteshpk.al\/#\/schema\/logo\/image\/\",\"url\":\"https:\/\/danteshpk.al\/wp-content\/uploads\/2024\/03\/0001-Dante-Shpk-Veka-Logo-Png-1.png\",\"contentUrl\":\"https:\/\/danteshpk.al\/wp-content\/uploads\/2024\/03\/0001-Dante-Shpk-Veka-Logo-Png-1.png\",\"width\":518,\"height\":314,\"caption\":\"Dante shpk\"},\"image\":{\"@id\":\"https:\/\/danteshpk.al\/#\/schema\/logo\/image\/\"},\"sameAs\":[\"https:\/\/www.facebook.com\/profile.php?id=100066746433407\",\"https:\/\/konsulencemarketing.com\/biznesi\/dante-shpk-veka\/\"]}]}<\/script>\n<!-- \/ Yoast SEO plugin. -->","yoast_head_json":{"title":"Kontakto - Dante shpk","description":"DANTE SHPK - SUPPORT 24\/7: \u00c7do produkt i DANTE SHPK p\u00ebrfshin asistenc\u00ebn p\u00ebr \u00e7do problem teknik (jo t\u00eb shkaktuar nga keqp\u00ebrdorimi) q\u00eb ju mund t\u00eb keni deri n\u00eb 10 vjet pasi ju keni marr\u00eb ne dor\u00ebzim porosin\u00eb.","robots":{"index":"index","follow":"follow","max-snippet":"max-snippet:-1","max-image-preview":"max-image-preview:large","max-video-preview":"max-video-preview:-1"},"canonical":"https:\/\/danteshpk.al\/en\/kontakto\/","og_locale":"en_US","og_type":"article","og_title":"Kontakto - Dante shpk","og_description":"DANTE SHPK - SUPPORT 24\/7: \u00c7do produkt i DANTE SHPK p\u00ebrfshin asistenc\u00ebn p\u00ebr \u00e7do problem teknik (jo t\u00eb shkaktuar nga keqp\u00ebrdorimi) q\u00eb ju mund t\u00eb keni deri n\u00eb 10 vjet pasi ju keni marr\u00eb ne dor\u00ebzim porosin\u00eb.","og_url":"https:\/\/danteshpk.al\/en\/kontakto\/","og_site_name":"Dante shpk","article_publisher":"https:\/\/www.facebook.com\/profile.php?id=100066746433407","article_modified_time":"2024-03-14T23:09:47+00:00","twitter_card":"summary_large_image","twitter_misc":{"Est. reading time":"1 minute"},"schema":{"@context":"https:\/\/schema.org","@graph":[{"@type":"WebPage","@id":"https:\/\/danteshpk.al\/kontakto\/","url":"https:\/\/danteshpk.al\/kontakto\/","name":"Kontakto - Dante shpk","isPartOf":{"@id":"https:\/\/danteshpk.al\/#website"},"datePublished":"2022-04-16T08:44:59+00:00","dateModified":"2024-03-14T23:09:47+00:00","description":"DANTE SHPK - SUPPORT 24\/7: \u00c7do produkt i DANTE SHPK p\u00ebrfshin asistenc\u00ebn p\u00ebr \u00e7do problem teknik (jo t\u00eb shkaktuar nga keqp\u00ebrdorimi) q\u00eb ju mund t\u00eb keni deri n\u00eb 10 vjet pasi ju keni marr\u00eb ne dor\u00ebzim porosin\u00eb.","breadcrumb":{"@id":"https:\/\/danteshpk.al\/kontakto\/#breadcrumb"},"inLanguage":"en-US","potentialAction":[{"@type":"ReadAction","target":["https:\/\/danteshpk.al\/kontakto\/"]}]},{"@type":"BreadcrumbList","@id":"https:\/\/danteshpk.al\/kontakto\/#breadcrumb","itemListElement":[{"@type":"ListItem","position":1,"name":"Home","item":"https:\/\/danteshpk.al\/"},{"@type":"ListItem","position":2,"name":"Kontakto"}]},{"@type":"WebSite","@id":"https:\/\/danteshpk.al\/#website","url":"https:\/\/danteshpk.al\/","name":"Dante shpk","description":"","publisher":{"@id":"https:\/\/danteshpk.al\/#organization"},"potentialAction":[{"@type":"SearchAction","target":{"@type":"EntryPoint","urlTemplate":"https:\/\/danteshpk.al\/?s={search_term_string}"},"query-input":{"@type":"PropertyValueSpecification","valueRequired":true,"valueName":"search_term_string"}}],"inLanguage":"en-US"},{"@type":"Organization","@id":"https:\/\/danteshpk.al\/#organization","name":"Dante shpk","url":"https:\/\/danteshpk.al\/","logo":{"@type":"ImageObject","inLanguage":"en-US","@id":"https:\/\/danteshpk.al\/#\/schema\/logo\/image\/","url":"https:\/\/danteshpk.al\/wp-content\/uploads\/2024\/03\/0001-Dante-Shpk-Veka-Logo-Png-1.png","contentUrl":"https:\/\/danteshpk.al\/wp-content\/uploads\/2024\/03\/0001-Dante-Shpk-Veka-Logo-Png-1.png","width":518,"height":314,"caption":"Dante shpk"},"image":{"@id":"https:\/\/danteshpk.al\/#\/schema\/logo\/image\/"},"sameAs":["https:\/\/www.facebook.com\/profile.php?id=100066746433407","https:\/\/konsulencemarketing.com\/biznesi\/dante-shpk-veka\/"]}]}},"_links":{"self":[{"href":"https:\/\/danteshpk.al\/en\/wp-json\/wp\/v2\/pages\/2790","targetHints":{"allow":["GET"]}}],"collection":[{"href":"https:\/\/danteshpk.al\/en\/wp-json\/wp\/v2\/pages"}],"about":[{"href":"https:\/\/danteshpk.al\/en\/wp-json\/wp\/v2\/types\/page"}],"author":[{"embeddable":true,"href":"https:\/\/danteshpk.al\/en\/wp-json\/wp\/v2\/users\/1"}],"replies":[{"embeddable":true,"href":"https:\/\/danteshpk.al\/en\/wp-json\/wp\/v2\/comments?post=2790"}],"version-history":[{"count":28,"href":"https:\/\/danteshpk.al\/en\/wp-json\/wp\/v2\/pages\/2790\/revisions"}],"predecessor-version":[{"id":4277,"href":"https:\/\/danteshpk.al\/en\/wp-json\/wp\/v2\/pages\/2790\/revisions\/4277"}],"wp:attachment":[{"href":"https:\/\/danteshpk.al\/en\/wp-json\/wp\/v2\/media?parent=2790"}],"curies":[{"name":"wp","href":"https:\/\/api.w.org\/{rel}","templated":true}]}}