{"id":4508,"date":"2024-03-09T23:04:31","date_gmt":"2024-03-09T23:04:31","guid":{"rendered":"https:\/\/danteshpk.al\/?page_id=4508"},"modified":"2024-03-14T16:09:20","modified_gmt":"2024-03-14T16:09:20","slug":"profile-per-dyer-dhe-dritare-rreshqitese","status":"publish","type":"page","link":"https:\/\/danteshpk.al\/en\/profile-per-dyer-dhe-dritare-rreshqitese\/","title":{"rendered":"Profiles for sliding doors and windows"},"content":{"rendered":"<div data-elementor-type=\"wp-page\" data-elementor-id=\"4508\" class=\"elementor elementor-4508\">\n\t\t\t\t<div class=\"elementor-element elementor-element-5c33d0f e-flex e-con-boxed e-con e-parent\" data-id=\"5c33d0f\" data-element_type=\"container\">\n\t\t\t\t\t<div class=\"e-con-inner\">\n\t\t\t\t<div class=\"elementor-element elementor-element-85ed446 elementor-widget elementor-widget-tf-heading-section\" data-id=\"85ed446\" data-element_type=\"widget\" data-widget_type=\"tf-heading-section.default\">\n\t\t\t\t<div class=\"elementor-widget-container\">\n\t\t\t<div id=\"tf-heading-section-85ed446\" class=\"tf-heading-section\" data-tabid=\"85ed446\"> \r\n\t\t\t\t\r\n\t\t\t<div class=\"heading-section\">\r\n\t\t\t\t<div class=\"before-title\">Dante shpk<\/div>\r\n\t\t\t\t<h2 class=\"heading\">Profiles for sliding doors and windows<\/h2>\r\n\t\t\t<\/div>                \r\n            <\/div>\t\t<\/div>\n\t\t\t\t<\/div>\n\t\t\t\t\t<\/div>\n\t\t\t\t<\/div>\n\t\t<div class=\"elementor-element elementor-element-8d13e7e e-flex e-con-boxed e-con e-parent\" data-id=\"8d13e7e\" data-element_type=\"container\">\n\t\t\t\t\t<div class=\"e-con-inner\">\n\t\t\t\t<div class=\"elementor-element elementor-element-6e61262 eael-fg-hoverer-content-align-left elementor-widget elementor-widget-eael-filterable-gallery\" data-id=\"6e61262\" data-element_type=\"widget\" data-settings=\"{&quot;photo_gallery&quot;:&quot;yes&quot;,&quot;pagination&quot;:&quot;false&quot;}\" data-widget_type=\"eael-filterable-gallery.default\">\n\t\t\t\t<div class=\"elementor-widget-container\">\n\t\t\t<style id=\"eael-fg-inline-css-6e61262\">@media only screen and (max-width: 2399px) {\n\t\t\t\t\t.elementor-element.elementor-element-6e61262 .eael-filterable-gallery-item-wrap {\n\t\t\t\t\t        width: 33.333333333333%;\n\t\t\t\t\t    }\n\t\t\t\t\t}@media only screen and (max-width: 1024px) {\n\t\t\t\t\t.elementor-element.elementor-element-6e61262  .eael-filterable-gallery-item-wrap {\n\t\t\t\t\t        width: 50%;\n\t\t\t\t\t    }\n\t\t\t\t\t}@media only screen and (max-width: 767px) {\n\t\t\t\t\t.elementor-element.elementor-element-6e61262  .eael-filterable-gallery-item-wrap {\n\t\t\t\t\t        width: 100%;\n\t\t\t\t\t    }\n\t\t\t\t\t}<\/style>        <div id=\"eael-filter-gallery-wrapper-6e61262\" class=\"eael-filter-gallery-wrapper\" data-layout-mode=\"hoverer\" data-breakpoints=\"{&quot;mobile&quot;:{&quot;label&quot;:&quot;Mobile Portrait&quot;,&quot;value&quot;:767,&quot;default_value&quot;:767,&quot;direction&quot;:&quot;max&quot;,&quot;is_enabled&quot;:true},&quot;mobile_extra&quot;:{&quot;label&quot;:&quot;Mobile Landscape&quot;,&quot;value&quot;:880,&quot;default_value&quot;:880,&quot;direction&quot;:&quot;max&quot;,&quot;is_enabled&quot;:false},&quot;tablet&quot;:{&quot;label&quot;:&quot;Tablet Portrait&quot;,&quot;value&quot;:1024,&quot;default_value&quot;:1024,&quot;direction&quot;:&quot;max&quot;,&quot;is_enabled&quot;:true},&quot;tablet_extra&quot;:{&quot;label&quot;:&quot;Tablet Landscape&quot;,&quot;value&quot;:1200,&quot;default_value&quot;:1200,&quot;direction&quot;:&quot;max&quot;,&quot;is_enabled&quot;:false},&quot;laptop&quot;:{&quot;label&quot;:&quot;Laptop&quot;,&quot;value&quot;:1366,&quot;default_value&quot;:1366,&quot;direction&quot;:&quot;max&quot;,&quot;is_enabled&quot;:false},&quot;widescreen&quot;:{&quot;label&quot;:&quot;Widescreen&quot;,&quot;value&quot;:2400,&quot;default_value&quot;:2400,&quot;direction&quot;:&quot;min&quot;,&quot;is_enabled&quot;:false}}\" data-default_control_key=\"0\" data-custom_default_control=\"1\">\n                        <div class=\"eael-filter-gallery-control\">\n                <ul><li  data-load-more-status=\"0\" data-first-init=\"0\"\n                        class=\"control active\" data-filter=\".eael-cf-ekosol\">EKOSOL<\/li><\/ul>\n            <\/div>\n                    <div class=\"eael-filter-gallery-container eael-filter-gallery-grid\" data-images-per-page=\"\" data-total-gallery-items=\"1\" data-nomore-item-text=\"\" data-is-randomize=\"no\" data-settings=\"{&quot;grid_style&quot;:&quot;grid&quot;,&quot;popup&quot;:&quot;buttons&quot;,&quot;duration&quot;:500,&quot;gallery_enabled&quot;:&quot;yes&quot;,&quot;video_gallery_yt_privacy&quot;:&quot;&quot;,&quot;control_all_text&quot;:&quot;&quot;,&quot;post_id&quot;:4508,&quot;widget_id&quot;:&quot;6e61262&quot;}\" data-search-all=\"\" data-gallery-items=\"WyI8ZGl2IGNsYXNzPVwiZWFlbC1maWx0ZXJhYmxlLWdhbGxlcnktaXRlbS13cmFwIGVhZWwtY2YtZWtvc29sXCI+XG5cdFx0XHRcdDxkaXYgY2xhc3M9XCJlYWVsLWdhbGxlcnktZ3JpZC1pdGVtXCI+PGRpdiBjbGFzcz1cImdhbGxlcnktaXRlbS10aHVtYm5haWwtd3JhcFwiPjxpbWcgd2lkdGg9XCIzMDBcIiBoZWlnaHQ9XCIyNjVcIiBzcmM9XCJodHRwczpcL1wvZGFudGVzaHBrLmFsXC93cC1jb250ZW50XC91cGxvYWRzXC8yMDI0XC8wM1wvZWtvc29sLTMwMHgyNjUucG5nXCIgY2xhc3M9XCJhdHRhY2htZW50LW1lZGl1bSBzaXplLW1lZGl1bSB3cC1pbWFnZS00NDYxXCIgYWx0PVwiXCIgc3Jjc2V0PVwiaHR0cHM6XC9cL2RhbnRlc2hway5hbFwvd3AtY29udGVudFwvdXBsb2Fkc1wvMjAyNFwvMDNcL2Vrb3NvbC0zMDB4MjY1LnBuZyAzMDB3LCBodHRwczpcL1wvZGFudGVzaHBrLmFsXC93cC1jb250ZW50XC91cGxvYWRzXC8yMDI0XC8wM1wvZWtvc29sLTc2OHg2NzkucG5nIDc2OHcsIGh0dHBzOlwvXC9kYW50ZXNocGsuYWxcL3dwLWNvbnRlbnRcL3VwbG9hZHNcLzIwMjRcLzAzXC9la29zb2wtNjAweDUzMC5wbmcgNjAwdywgaHR0cHM6XC9cL2RhbnRlc2hway5hbFwvd3AtY29udGVudFwvdXBsb2Fkc1wvMjAyNFwvMDNcL2Vrb3NvbC5wbmcgOTIwd1wiIHNpemVzPVwiKG1heC13aWR0aDogMzAwcHgpIDEwMHZ3LCAzMDBweFwiIFwvPjxcL2Rpdj48ZGl2IGNsYXNzPVwiZ2FsbGVyeS1pdGVtLWNhcHRpb24td3JhcCBjYXB0aW9uLXN0eWxlLWhvdmVyZXIgZWFlbC1zbGlkZS11cFwiPjxkaXYgY2xhc3M9XCJnYWxsZXJ5LWl0ZW0taG92ZXJlci1iZ1wiPjxcL2Rpdj48ZGl2IGNsYXNzPVwiZ2FsbGVyeS1pdGVtLWNhcHRpb24tb3ZlclwiPjxkaXYgY2xhc3M9XCJmZy1pdGVtLWNvbnRlbnRcIj48aDQ+PGEgaHJlZj1cImh0dHBzOlwvXC9kYW50ZXNocGsuYWxcL2Vrb3NvbFwvXCI+PHNwYW4gc3R5bGU9XCJjb2xvcjogI2ZmZmZmZlwiPkVLT1NPTDxcL3NwYW4+PFwvYT48XC9oND5cbjxwPjxhIGhyZWY9XCJodHRwczpcL1wvZGFudGVzaHBrLmFsXC9la29zb2xcL1wiPjxzcGFuIHN0eWxlPVwiY29sb3I6ICNmZmZmZmZcIj5TaXN0ZW1pIHRyYWRpY2lvbmFsIHBcdTAwZWJyIGRyaXRhcmUgcnJcdTAwZWJzaHFpdFx1MDBlYnNlLjxcL3NwYW4+PFwvYT48XC9wPlxuPFwvZGl2PjxkaXYgY2xhc3M9XCJnYWxsZXJ5LWl0ZW0tYnV0dG9uc1wiPjxhIGFyZWEtaGlkZGVuPVwidHJ1ZVwiIGFyaWEtbGFiZWw9XCJlYWVsLW1hZ25pZmljLWxpbmtcIiBocmVmPVwiaHR0cHM6XC9cL2RhbnRlc2hway5hbFwvd3AtY29udGVudFwvdXBsb2Fkc1wvMjAyNFwvMDNcL2Vrb3NvbC5wbmdcIiBjbGFzcz1cImVhZWwtbWFnbmlmaWMtbGluayBlYWVsLW1hZ25pZmljLWxpbmstY2xvbmUgYWN0aXZlXCIgZGF0YS1lbGVtZW50b3Itb3Blbi1saWdodGJveD1cInllc1wiIHRpdGxlPVwiXCI+PHNwYW4gY2xhc3M9XCJmZy1pdGVtLWljb24taW5uZXJcIj48aSBjbGFzcz1cImZhcyBmYS1zZWFyY2gtcGx1c1wiIGFyaWEtaGlkZGVuPVwidHJ1ZVwiPjxcL2k+PFwvc3Bhbj5cbiAgICAgICAgICAgIDxcL2E+ICAgICAgICAgICAgICAgIDxhIGhyZWY9XCJodHRwczpcL1wvZGFudGVzaHBrLmFsXC9la29zb2xcL1wiIGFyaWEtbGFiZWw9XCJlYWVsLWl0ZW0tbWF5YmUtbGlua1wiPiA8c3BhbiBjbGFzcz1cImZnLWl0ZW0taWNvbi1pbm5lclwiPjxpIGNsYXNzPVwiZmFzIGZhLWxpbmtcIiBhcmlhLWhpZGRlbj1cInRydWVcIj48XC9pPjxcL3NwYW4+PFwvYT48XC9kaXY+PFwvZGl2PjxcL2Rpdj48XC9kaXY+PFwvZGl2PiJd\" data-init-show=\"13\">\n            <div class=\"eael-filterable-gallery-item-wrap eael-cf-ekosol\">\n\t\t\t\t<div class=\"eael-gallery-grid-item\"><div class=\"gallery-item-thumbnail-wrap\"><img fetchpriority=\"high\" decoding=\"async\" width=\"300\" height=\"265\" src=\"https:\/\/danteshpk.al\/wp-content\/uploads\/2024\/03\/ekosol-300x265.png\" class=\"attachment-medium size-medium wp-image-4461\" alt=\"\" srcset=\"https:\/\/danteshpk.al\/wp-content\/uploads\/2024\/03\/ekosol-300x265.png 300w, https:\/\/danteshpk.al\/wp-content\/uploads\/2024\/03\/ekosol-768x679.png 768w, https:\/\/danteshpk.al\/wp-content\/uploads\/2024\/03\/ekosol-600x530.png 600w, https:\/\/danteshpk.al\/wp-content\/uploads\/2024\/03\/ekosol.png 920w\" sizes=\"(max-width: 300px) 100vw, 300px\" \/><\/div><div class=\"gallery-item-caption-wrap caption-style-hoverer eael-slide-up\"><div class=\"gallery-item-hoverer-bg\"><\/div><div class=\"gallery-item-caption-over\"><div class=\"fg-item-content\"><h4><a href=\"https:\/\/danteshpk.al\/en\/ekosol\/\"><span style=\"color: #ffffff\">EKOSOL<\/span><\/a><\/h4>\n<p><a href=\"https:\/\/danteshpk.al\/en\/ekosol\/\"><span style=\"color: #ffffff\">Traditional sliding window system.<\/span><\/a><\/p>\n<\/div><div class=\"gallery-item-buttons\"><a area-hidden=\"true\" aria-label=\"eael-magnific-link\" href=\"https:\/\/danteshpk.al\/wp-content\/uploads\/2024\/03\/ekosol.png\" class=\"eael-magnific-link eael-magnific-link-clone active\" data-elementor-open-lightbox=\"yes\" title=\"\"><span class=\"fg-item-icon-inner\"><i class=\"fas fa-search-plus\" aria-hidden=\"true\"><\/i><\/span>\n            <\/a>                <a href=\"https:\/\/danteshpk.al\/en\/ekosol\/\" aria-label=\"eael-item-maybe-link\"> <span class=\"fg-item-icon-inner\"><i class=\"fas fa-link\" aria-hidden=\"true\"><\/i><\/span><\/a><\/div><\/div><\/div><\/div><\/div>        <\/div>\n                <\/div>\n        \n        \t\t<\/div>\n\t\t\t\t<\/div>\n\t\t\t\t\t<\/div>\n\t\t\t\t<\/div>\n\t\t\t\t<\/div>","protected":false},"excerpt":{"rendered":"<p>Dante shpk Profilet p\u00ebr dyer dhe dritare rr\u00ebshqit\u00ebse EKOSOL EKOSOL Sistemi tradicional p\u00ebr dritare rr\u00ebshqit\u00ebse.<\/p>","protected":false},"author":1,"featured_media":0,"parent":0,"menu_order":0,"comment_status":"closed","ping_status":"closed","template":"","meta":{"footnotes":""},"class_list":["post-4508","page","type-page","status-publish","hentry"],"yoast_head":"<!-- This site is optimized with the Yoast SEO plugin v24.0 - https:\/\/yoast.com\/wordpress\/plugins\/seo\/ -->\n<title>Profile p\u00ebr dyer dhe dritare rr\u00ebshqit\u00ebse - Dante shpk<\/title>\n<meta name=\"robots\" content=\"index, follow, max-snippet:-1, max-image-preview:large, max-video-preview:-1\" \/>\n<link rel=\"canonical\" href=\"https:\/\/danteshpk.al\/en\/profile-per-dyer-dhe-dritare-rreshqitese\/\" \/>\n<meta property=\"og:locale\" content=\"en_US\" \/>\n<meta property=\"og:type\" content=\"article\" \/>\n<meta property=\"og:title\" content=\"Profile p\u00ebr dyer dhe dritare rr\u00ebshqit\u00ebse - Dante shpk\" \/>\n<meta property=\"og:description\" content=\"Dante shpk Profilet p\u00ebr dyer dhe dritare rr\u00ebshqit\u00ebse EKOSOL EKOSOL Sistemi tradicional p\u00ebr dritare rr\u00ebshqit\u00ebse.\" \/>\n<meta property=\"og:url\" content=\"https:\/\/danteshpk.al\/en\/profile-per-dyer-dhe-dritare-rreshqitese\/\" \/>\n<meta property=\"og:site_name\" content=\"Dante shpk\" \/>\n<meta property=\"article:publisher\" content=\"https:\/\/www.facebook.com\/profile.php?id=100066746433407\" \/>\n<meta property=\"article:modified_time\" content=\"2024-03-14T16:09:20+00:00\" \/>\n<meta property=\"og:image\" content=\"https:\/\/danteshpk.al\/wp-content\/uploads\/2024\/03\/ekosol.png\" \/>\n<meta name=\"twitter:card\" content=\"summary_large_image\" \/>\n<meta name=\"twitter:label1\" content=\"Est. reading time\" \/>\n\t<meta name=\"twitter:data1\" content=\"1 minute\" \/>\n<script type=\"application\/ld+json\" class=\"yoast-schema-graph\">{\"@context\":\"https:\/\/schema.org\",\"@graph\":[{\"@type\":\"WebPage\",\"@id\":\"https:\/\/danteshpk.al\/profile-per-dyer-dhe-dritare-rreshqitese\/\",\"url\":\"https:\/\/danteshpk.al\/profile-per-dyer-dhe-dritare-rreshqitese\/\",\"name\":\"Profile p\u00ebr dyer dhe dritare rr\u00ebshqit\u00ebse - Dante shpk\",\"isPartOf\":{\"@id\":\"https:\/\/danteshpk.al\/#website\"},\"primaryImageOfPage\":{\"@id\":\"https:\/\/danteshpk.al\/profile-per-dyer-dhe-dritare-rreshqitese\/#primaryimage\"},\"image\":{\"@id\":\"https:\/\/danteshpk.al\/profile-per-dyer-dhe-dritare-rreshqitese\/#primaryimage\"},\"thumbnailUrl\":\"https:\/\/danteshpk.al\/wp-content\/uploads\/2024\/03\/ekosol.png\",\"datePublished\":\"2024-03-09T23:04:31+00:00\",\"dateModified\":\"2024-03-14T16:09:20+00:00\",\"breadcrumb\":{\"@id\":\"https:\/\/danteshpk.al\/profile-per-dyer-dhe-dritare-rreshqitese\/#breadcrumb\"},\"inLanguage\":\"en-US\",\"potentialAction\":[{\"@type\":\"ReadAction\",\"target\":[\"https:\/\/danteshpk.al\/profile-per-dyer-dhe-dritare-rreshqitese\/\"]}]},{\"@type\":\"ImageObject\",\"inLanguage\":\"en-US\",\"@id\":\"https:\/\/danteshpk.al\/profile-per-dyer-dhe-dritare-rreshqitese\/#primaryimage\",\"url\":\"https:\/\/danteshpk.al\/wp-content\/uploads\/2024\/03\/ekosol.png\",\"contentUrl\":\"https:\/\/danteshpk.al\/wp-content\/uploads\/2024\/03\/ekosol.png\"},{\"@type\":\"BreadcrumbList\",\"@id\":\"https:\/\/danteshpk.al\/profile-per-dyer-dhe-dritare-rreshqitese\/#breadcrumb\",\"itemListElement\":[{\"@type\":\"ListItem\",\"position\":1,\"name\":\"Home\",\"item\":\"https:\/\/danteshpk.al\/\"},{\"@type\":\"ListItem\",\"position\":2,\"name\":\"Profile p\u00ebr dyer dhe dritare rr\u00ebshqit\u00ebse\"}]},{\"@type\":\"WebSite\",\"@id\":\"https:\/\/danteshpk.al\/#website\",\"url\":\"https:\/\/danteshpk.al\/\",\"name\":\"Dante shpk\",\"description\":\"\",\"publisher\":{\"@id\":\"https:\/\/danteshpk.al\/#organization\"},\"potentialAction\":[{\"@type\":\"SearchAction\",\"target\":{\"@type\":\"EntryPoint\",\"urlTemplate\":\"https:\/\/danteshpk.al\/?s={search_term_string}\"},\"query-input\":{\"@type\":\"PropertyValueSpecification\",\"valueRequired\":true,\"valueName\":\"search_term_string\"}}],\"inLanguage\":\"en-US\"},{\"@type\":\"Organization\",\"@id\":\"https:\/\/danteshpk.al\/#organization\",\"name\":\"Dante shpk\",\"url\":\"https:\/\/danteshpk.al\/\",\"logo\":{\"@type\":\"ImageObject\",\"inLanguage\":\"en-US\",\"@id\":\"https:\/\/danteshpk.al\/#\/schema\/logo\/image\/\",\"url\":\"https:\/\/danteshpk.al\/wp-content\/uploads\/2024\/03\/0001-Dante-Shpk-Veka-Logo-Png-1.png\",\"contentUrl\":\"https:\/\/danteshpk.al\/wp-content\/uploads\/2024\/03\/0001-Dante-Shpk-Veka-Logo-Png-1.png\",\"width\":518,\"height\":314,\"caption\":\"Dante shpk\"},\"image\":{\"@id\":\"https:\/\/danteshpk.al\/#\/schema\/logo\/image\/\"},\"sameAs\":[\"https:\/\/www.facebook.com\/profile.php?id=100066746433407\",\"https:\/\/konsulencemarketing.com\/biznesi\/dante-shpk-veka\/\"]}]}<\/script>\n<!-- \/ Yoast SEO plugin. -->","yoast_head_json":{"title":"Profile p\u00ebr dyer dhe dritare rr\u00ebshqit\u00ebse - Dante shpk","robots":{"index":"index","follow":"follow","max-snippet":"max-snippet:-1","max-image-preview":"max-image-preview:large","max-video-preview":"max-video-preview:-1"},"canonical":"https:\/\/danteshpk.al\/en\/profile-per-dyer-dhe-dritare-rreshqitese\/","og_locale":"en_US","og_type":"article","og_title":"Profile p\u00ebr dyer dhe dritare rr\u00ebshqit\u00ebse - Dante shpk","og_description":"Dante shpk Profilet p\u00ebr dyer dhe dritare rr\u00ebshqit\u00ebse EKOSOL EKOSOL Sistemi tradicional p\u00ebr dritare rr\u00ebshqit\u00ebse.","og_url":"https:\/\/danteshpk.al\/en\/profile-per-dyer-dhe-dritare-rreshqitese\/","og_site_name":"Dante shpk","article_publisher":"https:\/\/www.facebook.com\/profile.php?id=100066746433407","article_modified_time":"2024-03-14T16:09:20+00:00","og_image":[{"url":"https:\/\/danteshpk.al\/wp-content\/uploads\/2024\/03\/ekosol.png","type":"","width":"","height":""}],"twitter_card":"summary_large_image","twitter_misc":{"Est. reading time":"1 minute"},"schema":{"@context":"https:\/\/schema.org","@graph":[{"@type":"WebPage","@id":"https:\/\/danteshpk.al\/profile-per-dyer-dhe-dritare-rreshqitese\/","url":"https:\/\/danteshpk.al\/profile-per-dyer-dhe-dritare-rreshqitese\/","name":"Profile p\u00ebr dyer dhe dritare rr\u00ebshqit\u00ebse - Dante shpk","isPartOf":{"@id":"https:\/\/danteshpk.al\/#website"},"primaryImageOfPage":{"@id":"https:\/\/danteshpk.al\/profile-per-dyer-dhe-dritare-rreshqitese\/#primaryimage"},"image":{"@id":"https:\/\/danteshpk.al\/profile-per-dyer-dhe-dritare-rreshqitese\/#primaryimage"},"thumbnailUrl":"https:\/\/danteshpk.al\/wp-content\/uploads\/2024\/03\/ekosol.png","datePublished":"2024-03-09T23:04:31+00:00","dateModified":"2024-03-14T16:09:20+00:00","breadcrumb":{"@id":"https:\/\/danteshpk.al\/profile-per-dyer-dhe-dritare-rreshqitese\/#breadcrumb"},"inLanguage":"en-US","potentialAction":[{"@type":"ReadAction","target":["https:\/\/danteshpk.al\/profile-per-dyer-dhe-dritare-rreshqitese\/"]}]},{"@type":"ImageObject","inLanguage":"en-US","@id":"https:\/\/danteshpk.al\/profile-per-dyer-dhe-dritare-rreshqitese\/#primaryimage","url":"https:\/\/danteshpk.al\/wp-content\/uploads\/2024\/03\/ekosol.png","contentUrl":"https:\/\/danteshpk.al\/wp-content\/uploads\/2024\/03\/ekosol.png"},{"@type":"BreadcrumbList","@id":"https:\/\/danteshpk.al\/profile-per-dyer-dhe-dritare-rreshqitese\/#breadcrumb","itemListElement":[{"@type":"ListItem","position":1,"name":"Home","item":"https:\/\/danteshpk.al\/"},{"@type":"ListItem","position":2,"name":"Profile p\u00ebr dyer dhe dritare rr\u00ebshqit\u00ebse"}]},{"@type":"WebSite","@id":"https:\/\/danteshpk.al\/#website","url":"https:\/\/danteshpk.al\/","name":"Dante shpk","description":"","publisher":{"@id":"https:\/\/danteshpk.al\/#organization"},"potentialAction":[{"@type":"SearchAction","target":{"@type":"EntryPoint","urlTemplate":"https:\/\/danteshpk.al\/?s={search_term_string}"},"query-input":{"@type":"PropertyValueSpecification","valueRequired":true,"valueName":"search_term_string"}}],"inLanguage":"en-US"},{"@type":"Organization","@id":"https:\/\/danteshpk.al\/#organization","name":"Dante shpk","url":"https:\/\/danteshpk.al\/","logo":{"@type":"ImageObject","inLanguage":"en-US","@id":"https:\/\/danteshpk.al\/#\/schema\/logo\/image\/","url":"https:\/\/danteshpk.al\/wp-content\/uploads\/2024\/03\/0001-Dante-Shpk-Veka-Logo-Png-1.png","contentUrl":"https:\/\/danteshpk.al\/wp-content\/uploads\/2024\/03\/0001-Dante-Shpk-Veka-Logo-Png-1.png","width":518,"height":314,"caption":"Dante shpk"},"image":{"@id":"https:\/\/danteshpk.al\/#\/schema\/logo\/image\/"},"sameAs":["https:\/\/www.facebook.com\/profile.php?id=100066746433407","https:\/\/konsulencemarketing.com\/biznesi\/dante-shpk-veka\/"]}]}},"_links":{"self":[{"href":"https:\/\/danteshpk.al\/en\/wp-json\/wp\/v2\/pages\/4508","targetHints":{"allow":["GET"]}}],"collection":[{"href":"https:\/\/danteshpk.al\/en\/wp-json\/wp\/v2\/pages"}],"about":[{"href":"https:\/\/danteshpk.al\/en\/wp-json\/wp\/v2\/types\/page"}],"author":[{"embeddable":true,"href":"https:\/\/danteshpk.al\/en\/wp-json\/wp\/v2\/users\/1"}],"replies":[{"embeddable":true,"href":"https:\/\/danteshpk.al\/en\/wp-json\/wp\/v2\/comments?post=4508"}],"version-history":[{"count":10,"href":"https:\/\/danteshpk.al\/en\/wp-json\/wp\/v2\/pages\/4508\/revisions"}],"predecessor-version":[{"id":5044,"href":"https:\/\/danteshpk.al\/en\/wp-json\/wp\/v2\/pages\/4508\/revisions\/5044"}],"wp:attachment":[{"href":"https:\/\/danteshpk.al\/en\/wp-json\/wp\/v2\/media?parent=4508"}],"curies":[{"name":"wp","href":"https:\/\/api.w.org\/{rel}","templated":true}]}}