{"id":4510,"date":"2024-03-09T23:05:08","date_gmt":"2024-03-09T23:05:08","guid":{"rendered":"https:\/\/danteshpk.al\/?page_id=4510"},"modified":"2024-03-14T16:12:50","modified_gmt":"2024-03-14T16:12:50","slug":"mbrojtja-nga-dielli","status":"publish","type":"page","link":"https:\/\/danteshpk.al\/en\/mbrojtja-nga-dielli\/","title":{"rendered":"Sun protection"},"content":{"rendered":"<div data-elementor-type=\"wp-page\" data-elementor-id=\"4510\" class=\"elementor elementor-4510\">\n\t\t\t\t<div class=\"elementor-element elementor-element-6888f97 e-flex e-con-boxed e-con e-parent\" data-id=\"6888f97\" data-element_type=\"container\">\n\t\t\t\t\t<div class=\"e-con-inner\">\n\t\t\t\t<div class=\"elementor-element elementor-element-840d437 elementor-widget elementor-widget-tf-heading-section\" data-id=\"840d437\" data-element_type=\"widget\" data-widget_type=\"tf-heading-section.default\">\n\t\t\t\t<div class=\"elementor-widget-container\">\n\t\t\t<div id=\"tf-heading-section-840d437\" class=\"tf-heading-section\" data-tabid=\"840d437\"> \r\n\t\t\t\t\r\n\t\t\t<div class=\"heading-section\">\r\n\t\t\t\t<div class=\"before-title\">Dante shpk<\/div>\r\n\t\t\t\t<h2 class=\"heading\">Sun protection<\/h2>\r\n\t\t\t<\/div>                \r\n            <\/div>\t\t<\/div>\n\t\t\t\t<\/div>\n\t\t\t\t\t<\/div>\n\t\t\t\t<\/div>\n\t\t<div class=\"elementor-element elementor-element-9a09f16 e-flex e-con-boxed e-con e-parent\" data-id=\"9a09f16\" data-element_type=\"container\">\n\t\t\t\t\t<div class=\"e-con-inner\">\n\t\t\t\t<div class=\"elementor-element elementor-element-18ea645 eael-fg-hoverer-content-align-left elementor-widget elementor-widget-eael-filterable-gallery\" data-id=\"18ea645\" data-element_type=\"widget\" data-settings=\"{&quot;photo_gallery&quot;:&quot;yes&quot;,&quot;pagination&quot;:&quot;false&quot;}\" data-widget_type=\"eael-filterable-gallery.default\">\n\t\t\t\t<div class=\"elementor-widget-container\">\n\t\t\t<style id=\"eael-fg-inline-css-18ea645\">@media only screen and (max-width: 2399px) {\n\t\t\t\t\t.elementor-element.elementor-element-18ea645 .eael-filterable-gallery-item-wrap {\n\t\t\t\t\t        width: 33.333333333333%;\n\t\t\t\t\t    }\n\t\t\t\t\t}@media only screen and (max-width: 1024px) {\n\t\t\t\t\t.elementor-element.elementor-element-18ea645  .eael-filterable-gallery-item-wrap {\n\t\t\t\t\t        width: 50%;\n\t\t\t\t\t    }\n\t\t\t\t\t}@media only screen and (max-width: 767px) {\n\t\t\t\t\t.elementor-element.elementor-element-18ea645  .eael-filterable-gallery-item-wrap {\n\t\t\t\t\t        width: 100%;\n\t\t\t\t\t    }\n\t\t\t\t\t}<\/style>        <div id=\"eael-filter-gallery-wrapper-18ea645\" class=\"eael-filter-gallery-wrapper\" data-layout-mode=\"hoverer\" data-breakpoints=\"{&quot;mobile&quot;:{&quot;label&quot;:&quot;Mobile Portrait&quot;,&quot;value&quot;:767,&quot;default_value&quot;:767,&quot;direction&quot;:&quot;max&quot;,&quot;is_enabled&quot;:true},&quot;mobile_extra&quot;:{&quot;label&quot;:&quot;Mobile Landscape&quot;,&quot;value&quot;:880,&quot;default_value&quot;:880,&quot;direction&quot;:&quot;max&quot;,&quot;is_enabled&quot;:false},&quot;tablet&quot;:{&quot;label&quot;:&quot;Tablet Portrait&quot;,&quot;value&quot;:1024,&quot;default_value&quot;:1024,&quot;direction&quot;:&quot;max&quot;,&quot;is_enabled&quot;:true},&quot;tablet_extra&quot;:{&quot;label&quot;:&quot;Tablet Landscape&quot;,&quot;value&quot;:1200,&quot;default_value&quot;:1200,&quot;direction&quot;:&quot;max&quot;,&quot;is_enabled&quot;:false},&quot;laptop&quot;:{&quot;label&quot;:&quot;Laptop&quot;,&quot;value&quot;:1366,&quot;default_value&quot;:1366,&quot;direction&quot;:&quot;max&quot;,&quot;is_enabled&quot;:false},&quot;widescreen&quot;:{&quot;label&quot;:&quot;Widescreen&quot;,&quot;value&quot;:2400,&quot;default_value&quot;:2400,&quot;direction&quot;:&quot;min&quot;,&quot;is_enabled&quot;:false}}\" data-default_control_key=\"0\" data-custom_default_control=\"\">\n                        <div class=\"eael-filter-gallery-control\">\n                <ul><li data-load-more-status=\"0\" data-first-init=\"1\" class=\"control all-control  active\" data-filter=\"*\">All<\/li><li  data-load-more-status=\"0\" data-first-init=\"0\"\n                        class=\"control\" data-filter=\".eael-cf-vekavariant\">VEKAVARIANT<\/li><li  data-load-more-status=\"0\" data-first-init=\"0\"\n                        class=\"control\" data-filter=\".eael-cf-vekasun\">VEKASUN<\/li><\/ul>\n            <\/div>\n                    <div class=\"eael-filter-gallery-container eael-filter-gallery-grid\" data-images-per-page=\"\" data-total-gallery-items=\"2\" data-nomore-item-text=\"\" data-is-randomize=\"no\" data-settings=\"{&quot;grid_style&quot;:&quot;grid&quot;,&quot;popup&quot;:&quot;buttons&quot;,&quot;duration&quot;:500,&quot;gallery_enabled&quot;:&quot;yes&quot;,&quot;video_gallery_yt_privacy&quot;:&quot;&quot;,&quot;control_all_text&quot;:&quot;T\\u00eb gjitha&quot;,&quot;post_id&quot;:4510,&quot;widget_id&quot;:&quot;18ea645&quot;}\" data-search-all=\"\" data-gallery-items=\"WyI8ZGl2IGNsYXNzPVwiZWFlbC1maWx0ZXJhYmxlLWdhbGxlcnktaXRlbS13cmFwIGVhZWwtY2YtdmVrYXZhcmlhbnRcIj5cblx0XHRcdFx0PGRpdiBjbGFzcz1cImVhZWwtZ2FsbGVyeS1ncmlkLWl0ZW1cIj48ZGl2IGNsYXNzPVwiZ2FsbGVyeS1pdGVtLXRodW1ibmFpbC13cmFwXCI+PGltZyB3aWR0aD1cIjIyNVwiIGhlaWdodD1cIjMwMFwiIHNyYz1cImh0dHBzOlwvXC9kYW50ZXNocGsuYWxcL3dwLWNvbnRlbnRcL3VwbG9hZHNcLzIwMjRcLzAzXC9WRUtBVkFSSUFOVC0yMjV4MzAwLnBuZ1wiIGNsYXNzPVwiYXR0YWNobWVudC1tZWRpdW0gc2l6ZS1tZWRpdW0gd3AtaW1hZ2UtNDQ2MlwiIGFsdD1cIlwiIHNyY3NldD1cImh0dHBzOlwvXC9kYW50ZXNocGsuYWxcL3dwLWNvbnRlbnRcL3VwbG9hZHNcLzIwMjRcLzAzXC9WRUtBVkFSSUFOVC0yMjV4MzAwLnBuZyAyMjV3LCBodHRwczpcL1wvZGFudGVzaHBrLmFsXC93cC1jb250ZW50XC91cGxvYWRzXC8yMDI0XC8wM1wvVkVLQVZBUklBTlQucG5nIDMwMHdcIiBzaXplcz1cIihtYXgtd2lkdGg6IDIyNXB4KSAxMDB2dywgMjI1cHhcIiBcLz48XC9kaXY+PGRpdiBjbGFzcz1cImdhbGxlcnktaXRlbS1jYXB0aW9uLXdyYXAgY2FwdGlvbi1zdHlsZS1ob3ZlcmVyIGVhZWwtc2xpZGUtdXBcIj48ZGl2IGNsYXNzPVwiZ2FsbGVyeS1pdGVtLWhvdmVyZXItYmdcIj48XC9kaXY+PGRpdiBjbGFzcz1cImdhbGxlcnktaXRlbS1jYXB0aW9uLW92ZXJcIj48ZGl2IGNsYXNzPVwiZmctaXRlbS1jb250ZW50XCI+PGg0PjxhIGhyZWY9XCJodHRwczpcL1wvZGFudGVzaHBrLmFsXC92ZWthdmFyaWFudFwvXCI+PHNwYW4gc3R5bGU9XCJjb2xvcjogI2ZmZmZmZlwiPlZFS0FWQVJJQU5UPFwvc3Bhbj48XC9hPjxcL2g0PlxuPHA+PGEgaHJlZj1cImh0dHBzOlwvXC9kYW50ZXNocGsuYWxcL3Zla2F2YXJpYW50XC9cIj48c3BhbiBzdHlsZT1cImNvbG9yOiAjZmZmZmZmXCI+S3V0aWEgcFx1MDBlYnIgZ3JpbGEgdFx1MDBlYiBuZFx1MDBlYnJ0aW1ldmUgdFx1MDBlYiByZWphIGRoZSB0XHUwMGViIHJlbm92aW1pdC5cdTAwYTA8XC9zcGFuPjxcL2E+PFwvcD5cbjxcL2Rpdj48ZGl2IGNsYXNzPVwiZ2FsbGVyeS1pdGVtLWJ1dHRvbnNcIj48YSBhcmVhLWhpZGRlbj1cInRydWVcIiBhcmlhLWxhYmVsPVwiZWFlbC1tYWduaWZpYy1saW5rXCIgaHJlZj1cImh0dHBzOlwvXC9kYW50ZXNocGsuYWxcL3dwLWNvbnRlbnRcL3VwbG9hZHNcLzIwMjRcLzAzXC9WRUtBVkFSSUFOVC5wbmdcIiBjbGFzcz1cImVhZWwtbWFnbmlmaWMtbGluayBlYWVsLW1hZ25pZmljLWxpbmstY2xvbmUgYWN0aXZlXCIgZGF0YS1lbGVtZW50b3Itb3Blbi1saWdodGJveD1cInllc1wiIHRpdGxlPVwiXCI+PHNwYW4gY2xhc3M9XCJmZy1pdGVtLWljb24taW5uZXJcIj48aSBjbGFzcz1cImZhcyBmYS1zZWFyY2gtcGx1c1wiIGFyaWEtaGlkZGVuPVwidHJ1ZVwiPjxcL2k+PFwvc3Bhbj5cbiAgICAgICAgICAgIDxcL2E+ICAgICAgICAgICAgICAgIDxhIGhyZWY9XCJodHRwczpcL1wvZGFudGVzaHBrLmFsXC92ZWthdmFyaWFudFwvXCIgYXJpYS1sYWJlbD1cImVhZWwtaXRlbS1tYXliZS1saW5rXCI+IDxzcGFuIGNsYXNzPVwiZmctaXRlbS1pY29uLWlubmVyXCI+PGkgY2xhc3M9XCJmYXMgZmEtbGlua1wiIGFyaWEtaGlkZGVuPVwidHJ1ZVwiPjxcL2k+PFwvc3Bhbj48XC9hPjxcL2Rpdj48XC9kaXY+PFwvZGl2PjxcL2Rpdj48XC9kaXY+IiwiPGRpdiBjbGFzcz1cImVhZWwtZmlsdGVyYWJsZS1nYWxsZXJ5LWl0ZW0td3JhcCBlYWVsLWNmLXZla2FzdW5cIj5cblx0XHRcdFx0PGRpdiBjbGFzcz1cImVhZWwtZ2FsbGVyeS1ncmlkLWl0ZW1cIj48ZGl2IGNsYXNzPVwiZ2FsbGVyeS1pdGVtLXRodW1ibmFpbC13cmFwXCI+PGltZyB3aWR0aD1cIjMwMFwiIGhlaWdodD1cIjIyNVwiIHNyYz1cImh0dHBzOlwvXC9kYW50ZXNocGsuYWxcL3dwLWNvbnRlbnRcL3VwbG9hZHNcLzIwMjRcLzAzXC9WRUtBU1VOLTMwMHgyMjUud2VicFwiIGNsYXNzPVwiYXR0YWNobWVudC1tZWRpdW0gc2l6ZS1tZWRpdW0gd3AtaW1hZ2UtNDQ2NFwiIGFsdD1cIlwiIHNyY3NldD1cImh0dHBzOlwvXC9kYW50ZXNocGsuYWxcL3dwLWNvbnRlbnRcL3VwbG9hZHNcLzIwMjRcLzAzXC9WRUtBU1VOLTMwMHgyMjUud2VicCAzMDB3LCBodHRwczpcL1wvZGFudGVzaHBrLmFsXC93cC1jb250ZW50XC91cGxvYWRzXC8yMDI0XC8wM1wvVkVLQVNVTi0xMDI0eDc2OC53ZWJwIDEwMjR3LCBodHRwczpcL1wvZGFudGVzaHBrLmFsXC93cC1jb250ZW50XC91cGxvYWRzXC8yMDI0XC8wM1wvVkVLQVNVTi03Njh4NTc2LndlYnAgNzY4dywgaHR0cHM6XC9cL2RhbnRlc2hway5hbFwvd3AtY29udGVudFwvdXBsb2Fkc1wvMjAyNFwvMDNcL1ZFS0FTVU4tMTUzNngxMTUyLndlYnAgMTUzNncsIGh0dHBzOlwvXC9kYW50ZXNocGsuYWxcL3dwLWNvbnRlbnRcL3VwbG9hZHNcLzIwMjRcLzAzXC9WRUtBU1VOLTYwMHg0NTAud2VicCA2MDB3LCBodHRwczpcL1wvZGFudGVzaHBrLmFsXC93cC1jb250ZW50XC91cGxvYWRzXC8yMDI0XC8wM1wvVkVLQVNVTi53ZWJwIDE2ODB3XCIgc2l6ZXM9XCIobWF4LXdpZHRoOiAzMDBweCkgMTAwdncsIDMwMHB4XCIgXC8+PFwvZGl2PjxkaXYgY2xhc3M9XCJnYWxsZXJ5LWl0ZW0tY2FwdGlvbi13cmFwIGNhcHRpb24tc3R5bGUtaG92ZXJlciBlYWVsLXNsaWRlLXVwXCI+PGRpdiBjbGFzcz1cImdhbGxlcnktaXRlbS1ob3ZlcmVyLWJnXCI+PFwvZGl2PjxkaXYgY2xhc3M9XCJnYWxsZXJ5LWl0ZW0tY2FwdGlvbi1vdmVyXCI+PGRpdiBjbGFzcz1cImZnLWl0ZW0tY29udGVudFwiPjxoND48YSBocmVmPVwiaHR0cHM6XC9cL2RhbnRlc2hway5hbFwvdmVrYXN1blwvXCI+PHNwYW4gc3R5bGU9XCJjb2xvcjogI2ZmZmZmZlwiPlZFS0FTVU48XC9zcGFuPjxcL2E+PFwvaDQ+XG48cD48YSBocmVmPVwiaHR0cHM6XC9cL2RhbnRlc2hway5hbFwvdmVrYXN1blwvXCI+PHNwYW4gc3R5bGU9XCJjb2xvcjogI2ZmZmZmZlwiPk1icm9qdGplIGVmaWthc2UgZSBkZWtvcmF0aXZlIG5nYSBkaWVsbGkuPFwvc3Bhbj48XC9hPjxcL3A+XG48XC9kaXY+PGRpdiBjbGFzcz1cImdhbGxlcnktaXRlbS1idXR0b25zXCI+PGEgYXJlYS1oaWRkZW49XCJ0cnVlXCIgYXJpYS1sYWJlbD1cImVhZWwtbWFnbmlmaWMtbGlua1wiIGhyZWY9XCJodHRwczpcL1wvZGFudGVzaHBrLmFsXC93cC1jb250ZW50XC91cGxvYWRzXC8yMDI0XC8wM1wvVkVLQVNVTi53ZWJwXCIgY2xhc3M9XCJlYWVsLW1hZ25pZmljLWxpbmsgZWFlbC1tYWduaWZpYy1saW5rLWNsb25lIGFjdGl2ZVwiIGRhdGEtZWxlbWVudG9yLW9wZW4tbGlnaHRib3g9XCJ5ZXNcIiB0aXRsZT1cIlwiPjxzcGFuIGNsYXNzPVwiZmctaXRlbS1pY29uLWlubmVyXCI+PGkgY2xhc3M9XCJmYXMgZmEtc2VhcmNoLXBsdXNcIiBhcmlhLWhpZGRlbj1cInRydWVcIj48XC9pPjxcL3NwYW4+XG4gICAgICAgICAgICA8XC9hPiAgICAgICAgICAgICAgICA8YSBocmVmPVwiaHR0cHM6XC9cL2RhbnRlc2hway5hbFwvdmVrYXN1blwvXCIgYXJpYS1sYWJlbD1cImVhZWwtaXRlbS1tYXliZS1saW5rXCI+IDxzcGFuIGNsYXNzPVwiZmctaXRlbS1pY29uLWlubmVyXCI+PGkgY2xhc3M9XCJmYXMgZmEtbGlua1wiIGFyaWEtaGlkZGVuPVwidHJ1ZVwiPjxcL2k+PFwvc3Bhbj48XC9hPjxcL2Rpdj48XC9kaXY+PFwvZGl2PjxcL2Rpdj48XC9kaXY+Il0=\" data-init-show=\"13\">\n            <div class=\"eael-filterable-gallery-item-wrap eael-cf-vekavariant\">\n\t\t\t\t<div class=\"eael-gallery-grid-item\"><div class=\"gallery-item-thumbnail-wrap\"><img fetchpriority=\"high\" decoding=\"async\" width=\"225\" height=\"300\" src=\"https:\/\/danteshpk.al\/wp-content\/uploads\/2024\/03\/VEKAVARIANT-225x300.png\" class=\"attachment-medium size-medium wp-image-4462\" alt=\"\" srcset=\"https:\/\/danteshpk.al\/wp-content\/uploads\/2024\/03\/VEKAVARIANT-225x300.png 225w, https:\/\/danteshpk.al\/wp-content\/uploads\/2024\/03\/VEKAVARIANT.png 300w\" sizes=\"(max-width: 225px) 100vw, 225px\" \/><\/div><div class=\"gallery-item-caption-wrap caption-style-hoverer eael-slide-up\"><div class=\"gallery-item-hoverer-bg\"><\/div><div class=\"gallery-item-caption-over\"><div class=\"fg-item-content\"><h4><a href=\"https:\/\/danteshpk.al\/en\/vekavariant\/\"><span style=\"color: #ffffff\">VEKAVARIANT<\/span><\/a><\/h4>\n<p><a href=\"https:\/\/danteshpk.al\/en\/vekavariant\/\"><span style=\"color: #ffffff\">Box for shutters of new constructions and renovations.\u00a0<\/span><\/a><\/p>\n<\/div><div class=\"gallery-item-buttons\"><a area-hidden=\"true\" aria-label=\"eael-magnific-link\" href=\"https:\/\/danteshpk.al\/wp-content\/uploads\/2024\/03\/VEKAVARIANT.png\" class=\"eael-magnific-link eael-magnific-link-clone active\" data-elementor-open-lightbox=\"yes\" title=\"\"><span class=\"fg-item-icon-inner\"><i class=\"fas fa-search-plus\" aria-hidden=\"true\"><\/i><\/span>\n            <\/a>                <a href=\"https:\/\/danteshpk.al\/en\/vekavariant\/\" aria-label=\"eael-item-maybe-link\"> <span class=\"fg-item-icon-inner\"><i class=\"fas fa-link\" aria-hidden=\"true\"><\/i><\/span><\/a><\/div><\/div><\/div><\/div><\/div><div class=\"eael-filterable-gallery-item-wrap eael-cf-vekasun\">\n\t\t\t\t<div class=\"eael-gallery-grid-item\"><div class=\"gallery-item-thumbnail-wrap\"><img decoding=\"async\" width=\"300\" height=\"225\" src=\"https:\/\/danteshpk.al\/wp-content\/uploads\/2024\/03\/VEKASUN-300x225.webp\" class=\"attachment-medium size-medium wp-image-4464\" alt=\"\" srcset=\"https:\/\/danteshpk.al\/wp-content\/uploads\/2024\/03\/VEKASUN-300x225.webp 300w, https:\/\/danteshpk.al\/wp-content\/uploads\/2024\/03\/VEKASUN-1024x768.webp 1024w, https:\/\/danteshpk.al\/wp-content\/uploads\/2024\/03\/VEKASUN-768x576.webp 768w, https:\/\/danteshpk.al\/wp-content\/uploads\/2024\/03\/VEKASUN-1536x1152.webp 1536w, https:\/\/danteshpk.al\/wp-content\/uploads\/2024\/03\/VEKASUN-600x450.webp 600w, https:\/\/danteshpk.al\/wp-content\/uploads\/2024\/03\/VEKASUN.webp 1680w\" sizes=\"(max-width: 300px) 100vw, 300px\" \/><\/div><div class=\"gallery-item-caption-wrap caption-style-hoverer eael-slide-up\"><div class=\"gallery-item-hoverer-bg\"><\/div><div class=\"gallery-item-caption-over\"><div class=\"fg-item-content\"><h4><a href=\"https:\/\/danteshpk.al\/en\/vekasun\/\"><span style=\"color: #ffffff\">VEKASUN<\/span><\/a><\/h4>\n<p><a href=\"https:\/\/danteshpk.al\/en\/vekasun\/\"><span style=\"color: #ffffff\">Efficient and decorative protection from the sun.<\/span><\/a><\/p>\n<\/div><div class=\"gallery-item-buttons\"><a area-hidden=\"true\" aria-label=\"eael-magnific-link\" href=\"https:\/\/danteshpk.al\/wp-content\/uploads\/2024\/03\/VEKASUN.webp\" class=\"eael-magnific-link eael-magnific-link-clone active\" data-elementor-open-lightbox=\"yes\" title=\"\"><span class=\"fg-item-icon-inner\"><i class=\"fas fa-search-plus\" aria-hidden=\"true\"><\/i><\/span>\n            <\/a>                <a href=\"https:\/\/danteshpk.al\/en\/vekasun\/\" aria-label=\"eael-item-maybe-link\"> <span class=\"fg-item-icon-inner\"><i class=\"fas fa-link\" aria-hidden=\"true\"><\/i><\/span><\/a><\/div><\/div><\/div><\/div><\/div>        <\/div>\n                <\/div>\n        \n        \t\t<\/div>\n\t\t\t\t<\/div>\n\t\t\t\t\t<\/div>\n\t\t\t\t<\/div>\n\t\t\t\t<\/div>","protected":false},"excerpt":{"rendered":"<p>Dante shpk Mbrojtja nga dielli T\u00eb gjitha VEKAVARIANT VEKASUN VEKAVARIANT Kutia p\u00ebr grila t\u00eb nd\u00ebrtimeve t\u00eb reja dhe t\u00eb renovimit.\u00a0 VEKASUN Mbrojtje efikase e dekorative nga dielli.<\/p>","protected":false},"author":1,"featured_media":0,"parent":0,"menu_order":0,"comment_status":"closed","ping_status":"closed","template":"","meta":{"footnotes":""},"class_list":["post-4510","page","type-page","status-publish","hentry"],"yoast_head":"<!-- This site is optimized with the Yoast SEO plugin v24.0 - https:\/\/yoast.com\/wordpress\/plugins\/seo\/ -->\n<title>Mbrojtja nga dielli - Dante shpk<\/title>\n<meta name=\"robots\" content=\"index, follow, max-snippet:-1, max-image-preview:large, max-video-preview:-1\" \/>\n<link rel=\"canonical\" href=\"https:\/\/danteshpk.al\/en\/mbrojtja-nga-dielli\/\" \/>\n<meta property=\"og:locale\" content=\"en_US\" \/>\n<meta property=\"og:type\" content=\"article\" \/>\n<meta property=\"og:title\" content=\"Mbrojtja nga dielli - Dante shpk\" \/>\n<meta property=\"og:description\" content=\"Dante shpk Mbrojtja nga dielli T\u00eb gjitha VEKAVARIANT VEKASUN VEKAVARIANT Kutia p\u00ebr grila t\u00eb nd\u00ebrtimeve t\u00eb reja dhe t\u00eb renovimit.\u00a0 VEKASUN Mbrojtje efikase e dekorative nga dielli.\" \/>\n<meta property=\"og:url\" content=\"https:\/\/danteshpk.al\/en\/mbrojtja-nga-dielli\/\" \/>\n<meta property=\"og:site_name\" content=\"Dante shpk\" \/>\n<meta property=\"article:publisher\" content=\"https:\/\/www.facebook.com\/profile.php?id=100066746433407\" \/>\n<meta property=\"article:modified_time\" content=\"2024-03-14T16:12:50+00:00\" \/>\n<meta property=\"og:image\" content=\"https:\/\/danteshpk.al\/wp-content\/uploads\/2024\/03\/VEKAVARIANT.png\" \/>\n<meta name=\"twitter:card\" content=\"summary_large_image\" \/>\n<meta name=\"twitter:label1\" content=\"Est. reading time\" \/>\n\t<meta name=\"twitter:data1\" content=\"1 minute\" \/>\n<script type=\"application\/ld+json\" class=\"yoast-schema-graph\">{\"@context\":\"https:\/\/schema.org\",\"@graph\":[{\"@type\":\"WebPage\",\"@id\":\"https:\/\/danteshpk.al\/mbrojtja-nga-dielli\/\",\"url\":\"https:\/\/danteshpk.al\/mbrojtja-nga-dielli\/\",\"name\":\"Mbrojtja nga dielli - Dante shpk\",\"isPartOf\":{\"@id\":\"https:\/\/danteshpk.al\/#website\"},\"primaryImageOfPage\":{\"@id\":\"https:\/\/danteshpk.al\/mbrojtja-nga-dielli\/#primaryimage\"},\"image\":{\"@id\":\"https:\/\/danteshpk.al\/mbrojtja-nga-dielli\/#primaryimage\"},\"thumbnailUrl\":\"https:\/\/danteshpk.al\/wp-content\/uploads\/2024\/03\/VEKAVARIANT.png\",\"datePublished\":\"2024-03-09T23:05:08+00:00\",\"dateModified\":\"2024-03-14T16:12:50+00:00\",\"breadcrumb\":{\"@id\":\"https:\/\/danteshpk.al\/mbrojtja-nga-dielli\/#breadcrumb\"},\"inLanguage\":\"en-US\",\"potentialAction\":[{\"@type\":\"ReadAction\",\"target\":[\"https:\/\/danteshpk.al\/mbrojtja-nga-dielli\/\"]}]},{\"@type\":\"ImageObject\",\"inLanguage\":\"en-US\",\"@id\":\"https:\/\/danteshpk.al\/mbrojtja-nga-dielli\/#primaryimage\",\"url\":\"https:\/\/danteshpk.al\/wp-content\/uploads\/2024\/03\/VEKAVARIANT.png\",\"contentUrl\":\"https:\/\/danteshpk.al\/wp-content\/uploads\/2024\/03\/VEKAVARIANT.png\"},{\"@type\":\"BreadcrumbList\",\"@id\":\"https:\/\/danteshpk.al\/mbrojtja-nga-dielli\/#breadcrumb\",\"itemListElement\":[{\"@type\":\"ListItem\",\"position\":1,\"name\":\"Home\",\"item\":\"https:\/\/danteshpk.al\/\"},{\"@type\":\"ListItem\",\"position\":2,\"name\":\"Mbrojtja nga dielli\"}]},{\"@type\":\"WebSite\",\"@id\":\"https:\/\/danteshpk.al\/#website\",\"url\":\"https:\/\/danteshpk.al\/\",\"name\":\"Dante shpk\",\"description\":\"\",\"publisher\":{\"@id\":\"https:\/\/danteshpk.al\/#organization\"},\"potentialAction\":[{\"@type\":\"SearchAction\",\"target\":{\"@type\":\"EntryPoint\",\"urlTemplate\":\"https:\/\/danteshpk.al\/?s={search_term_string}\"},\"query-input\":{\"@type\":\"PropertyValueSpecification\",\"valueRequired\":true,\"valueName\":\"search_term_string\"}}],\"inLanguage\":\"en-US\"},{\"@type\":\"Organization\",\"@id\":\"https:\/\/danteshpk.al\/#organization\",\"name\":\"Dante shpk\",\"url\":\"https:\/\/danteshpk.al\/\",\"logo\":{\"@type\":\"ImageObject\",\"inLanguage\":\"en-US\",\"@id\":\"https:\/\/danteshpk.al\/#\/schema\/logo\/image\/\",\"url\":\"https:\/\/danteshpk.al\/wp-content\/uploads\/2024\/03\/0001-Dante-Shpk-Veka-Logo-Png-1.png\",\"contentUrl\":\"https:\/\/danteshpk.al\/wp-content\/uploads\/2024\/03\/0001-Dante-Shpk-Veka-Logo-Png-1.png\",\"width\":518,\"height\":314,\"caption\":\"Dante shpk\"},\"image\":{\"@id\":\"https:\/\/danteshpk.al\/#\/schema\/logo\/image\/\"},\"sameAs\":[\"https:\/\/www.facebook.com\/profile.php?id=100066746433407\",\"https:\/\/konsulencemarketing.com\/biznesi\/dante-shpk-veka\/\"]}]}<\/script>\n<!-- \/ Yoast SEO plugin. -->","yoast_head_json":{"title":"Mbrojtja nga dielli - Dante shpk","robots":{"index":"index","follow":"follow","max-snippet":"max-snippet:-1","max-image-preview":"max-image-preview:large","max-video-preview":"max-video-preview:-1"},"canonical":"https:\/\/danteshpk.al\/en\/mbrojtja-nga-dielli\/","og_locale":"en_US","og_type":"article","og_title":"Mbrojtja nga dielli - Dante shpk","og_description":"Dante shpk Mbrojtja nga dielli T\u00eb gjitha VEKAVARIANT VEKASUN VEKAVARIANT Kutia p\u00ebr grila t\u00eb nd\u00ebrtimeve t\u00eb reja dhe t\u00eb renovimit.\u00a0 VEKASUN Mbrojtje efikase e dekorative nga dielli.","og_url":"https:\/\/danteshpk.al\/en\/mbrojtja-nga-dielli\/","og_site_name":"Dante shpk","article_publisher":"https:\/\/www.facebook.com\/profile.php?id=100066746433407","article_modified_time":"2024-03-14T16:12:50+00:00","og_image":[{"url":"https:\/\/danteshpk.al\/wp-content\/uploads\/2024\/03\/VEKAVARIANT.png","type":"","width":"","height":""}],"twitter_card":"summary_large_image","twitter_misc":{"Est. reading time":"1 minute"},"schema":{"@context":"https:\/\/schema.org","@graph":[{"@type":"WebPage","@id":"https:\/\/danteshpk.al\/mbrojtja-nga-dielli\/","url":"https:\/\/danteshpk.al\/mbrojtja-nga-dielli\/","name":"Mbrojtja nga dielli - Dante shpk","isPartOf":{"@id":"https:\/\/danteshpk.al\/#website"},"primaryImageOfPage":{"@id":"https:\/\/danteshpk.al\/mbrojtja-nga-dielli\/#primaryimage"},"image":{"@id":"https:\/\/danteshpk.al\/mbrojtja-nga-dielli\/#primaryimage"},"thumbnailUrl":"https:\/\/danteshpk.al\/wp-content\/uploads\/2024\/03\/VEKAVARIANT.png","datePublished":"2024-03-09T23:05:08+00:00","dateModified":"2024-03-14T16:12:50+00:00","breadcrumb":{"@id":"https:\/\/danteshpk.al\/mbrojtja-nga-dielli\/#breadcrumb"},"inLanguage":"en-US","potentialAction":[{"@type":"ReadAction","target":["https:\/\/danteshpk.al\/mbrojtja-nga-dielli\/"]}]},{"@type":"ImageObject","inLanguage":"en-US","@id":"https:\/\/danteshpk.al\/mbrojtja-nga-dielli\/#primaryimage","url":"https:\/\/danteshpk.al\/wp-content\/uploads\/2024\/03\/VEKAVARIANT.png","contentUrl":"https:\/\/danteshpk.al\/wp-content\/uploads\/2024\/03\/VEKAVARIANT.png"},{"@type":"BreadcrumbList","@id":"https:\/\/danteshpk.al\/mbrojtja-nga-dielli\/#breadcrumb","itemListElement":[{"@type":"ListItem","position":1,"name":"Home","item":"https:\/\/danteshpk.al\/"},{"@type":"ListItem","position":2,"name":"Mbrojtja nga dielli"}]},{"@type":"WebSite","@id":"https:\/\/danteshpk.al\/#website","url":"https:\/\/danteshpk.al\/","name":"Dante shpk","description":"","publisher":{"@id":"https:\/\/danteshpk.al\/#organization"},"potentialAction":[{"@type":"SearchAction","target":{"@type":"EntryPoint","urlTemplate":"https:\/\/danteshpk.al\/?s={search_term_string}"},"query-input":{"@type":"PropertyValueSpecification","valueRequired":true,"valueName":"search_term_string"}}],"inLanguage":"en-US"},{"@type":"Organization","@id":"https:\/\/danteshpk.al\/#organization","name":"Dante shpk","url":"https:\/\/danteshpk.al\/","logo":{"@type":"ImageObject","inLanguage":"en-US","@id":"https:\/\/danteshpk.al\/#\/schema\/logo\/image\/","url":"https:\/\/danteshpk.al\/wp-content\/uploads\/2024\/03\/0001-Dante-Shpk-Veka-Logo-Png-1.png","contentUrl":"https:\/\/danteshpk.al\/wp-content\/uploads\/2024\/03\/0001-Dante-Shpk-Veka-Logo-Png-1.png","width":518,"height":314,"caption":"Dante shpk"},"image":{"@id":"https:\/\/danteshpk.al\/#\/schema\/logo\/image\/"},"sameAs":["https:\/\/www.facebook.com\/profile.php?id=100066746433407","https:\/\/konsulencemarketing.com\/biznesi\/dante-shpk-veka\/"]}]}},"_links":{"self":[{"href":"https:\/\/danteshpk.al\/en\/wp-json\/wp\/v2\/pages\/4510","targetHints":{"allow":["GET"]}}],"collection":[{"href":"https:\/\/danteshpk.al\/en\/wp-json\/wp\/v2\/pages"}],"about":[{"href":"https:\/\/danteshpk.al\/en\/wp-json\/wp\/v2\/types\/page"}],"author":[{"embeddable":true,"href":"https:\/\/danteshpk.al\/en\/wp-json\/wp\/v2\/users\/1"}],"replies":[{"embeddable":true,"href":"https:\/\/danteshpk.al\/en\/wp-json\/wp\/v2\/comments?post=4510"}],"version-history":[{"count":10,"href":"https:\/\/danteshpk.al\/en\/wp-json\/wp\/v2\/pages\/4510\/revisions"}],"predecessor-version":[{"id":5047,"href":"https:\/\/danteshpk.al\/en\/wp-json\/wp\/v2\/pages\/4510\/revisions\/5047"}],"wp:attachment":[{"href":"https:\/\/danteshpk.al\/en\/wp-json\/wp\/v2\/media?parent=4510"}],"curies":[{"name":"wp","href":"https:\/\/api.w.org\/{rel}","templated":true}]}}