{"id":4514,"date":"2024-03-09T23:06:59","date_gmt":"2024-03-09T23:06:59","guid":{"rendered":"https:\/\/danteshpk.al\/?page_id=4514"},"modified":"2024-03-10T12:43:05","modified_gmt":"2024-03-10T12:43:05","slug":"vekaplan","status":"publish","type":"page","link":"https:\/\/danteshpk.al\/en\/vekaplan\/","title":{"rendered":"Vekaplan"},"content":{"rendered":"<div data-elementor-type=\"wp-page\" data-elementor-id=\"4514\" class=\"elementor elementor-4514\">\n\t\t\t\t<div class=\"elementor-element elementor-element-1db6aed e-flex e-con-boxed e-con e-parent\" data-id=\"1db6aed\" data-element_type=\"container\">\n\t\t\t\t\t<div class=\"e-con-inner\">\n\t\t\t\t<div class=\"elementor-element elementor-element-0477ae2 elementor-widget elementor-widget-tf-heading-section\" data-id=\"0477ae2\" data-element_type=\"widget\" data-widget_type=\"tf-heading-section.default\">\n\t\t\t\t<div class=\"elementor-widget-container\">\n\t\t\t<div id=\"tf-heading-section-0477ae2\" class=\"tf-heading-section\" data-tabid=\"0477ae2\"> \r\n\t\t\t\t\r\n\t\t\t<div class=\"heading-section\">\r\n\t\t\t\t<div class=\"before-title\">Panel systems<\/div>\r\n\t\t\t\t<h2 class=\"heading\">VEKAPLAN<\/h2>\r\n\t\t\t<\/div>                \r\n            <\/div>\t\t<\/div>\n\t\t\t\t<\/div>\n\t\t\t\t\t<\/div>\n\t\t\t\t<\/div>\n\t\t<div class=\"elementor-element elementor-element-b456697 e-flex e-con-boxed e-con e-parent\" data-id=\"b456697\" data-element_type=\"container\">\n\t\t\t\t\t<div class=\"e-con-inner\">\n\t\t<div class=\"elementor-element elementor-element-f27bc28 e-con-full e-flex e-con e-child\" data-id=\"f27bc28\" data-element_type=\"container\">\n\t\t\t\t<div class=\"elementor-element elementor-element-7912e3b elementor-widget elementor-widget-text-editor\" data-id=\"7912e3b\" data-element_type=\"widget\" data-widget_type=\"text-editor.default\">\n\t\t\t\t<div class=\"elementor-widget-container\">\n\t\t\t\t\t\t\t<p>VEKAPLAN \u2013 the universal program of panels, which are applied in construction, marketing, as well as in industry, includes seven specific types of PVC-panels. The high quality of the material and processing guarantee longevity and protection from UV radiation and resistance to climatic conditions. VEKAPLAN panels enable a wide range of applications and are extremely easy to process, which makes them irreplaceable in imaginative creations - such as in construction, in interior and exterior decorations, as well as in the construction of stands for fairs and visual communication. Also, VEKAPLAN panels line up in the group of self-extinguishing products, meeting strict fire-fighting norms.<\/p><p>More detailed information about the panel program can be found in our panel forum\u00a0<a href=\"http:\/\/www.vekaplan.de\/\" target=\"_blank\" rel=\"noopener\">http:\/\/www.vekaplan.de.<\/a><\/p>\t\t\t\t\t\t<\/div>\n\t\t\t\t<\/div>\n\t\t\t\t<\/div>\n\t\t<div class=\"elementor-element elementor-element-2e6620d e-con-full e-flex e-con e-child\" data-id=\"2e6620d\" data-element_type=\"container\">\n\t\t\t\t<div class=\"elementor-element elementor-element-8fcae3f elementor-widget elementor-widget-image\" data-id=\"8fcae3f\" data-element_type=\"widget\" data-widget_type=\"image.default\">\n\t\t\t\t<div class=\"elementor-widget-container\">\n\t\t\t\t\t\t\t\t\t\t\t\t\t<img fetchpriority=\"high\" decoding=\"async\" width=\"1024\" height=\"532\" src=\"https:\/\/danteshpk.al\/wp-content\/uploads\/2024\/03\/VEKAPLAN-VEKA___Platten-1024x532.jpg\" class=\"attachment-large size-large wp-image-4585\" alt=\"\" srcset=\"https:\/\/danteshpk.al\/wp-content\/uploads\/2024\/03\/VEKAPLAN-VEKA___Platten-1024x532.jpg 1024w, https:\/\/danteshpk.al\/wp-content\/uploads\/2024\/03\/VEKAPLAN-VEKA___Platten-300x156.jpg 300w, https:\/\/danteshpk.al\/wp-content\/uploads\/2024\/03\/VEKAPLAN-VEKA___Platten-768x399.jpg 768w, https:\/\/danteshpk.al\/wp-content\/uploads\/2024\/03\/VEKAPLAN-VEKA___Platten-600x311.jpg 600w, https:\/\/danteshpk.al\/wp-content\/uploads\/2024\/03\/VEKAPLAN-VEKA___Platten.jpg 1098w\" sizes=\"(max-width: 1024px) 100vw, 1024px\" \/>\t\t\t\t\t\t\t\t\t\t\t\t\t<\/div>\n\t\t\t\t<\/div>\n\t\t\t\t<\/div>\n\t\t\t\t\t<\/div>\n\t\t\t\t<\/div>\n\t\t\t\t<\/div>","protected":false},"excerpt":{"rendered":"<p>Panel sistemet VEKAPLAN VEKAPLAN \u2013 programi universal I paneleve, q\u00eb aplikohen n\u00eb nd\u00ebrtimtari, marketing, si dhe n\u00eb industri, p\u00ebrfshin shtat\u00eb tipe specifike t\u00eb PVC-paneleve. Kualiteti I lart\u00eb I l\u00ebnd\u00ebs dhe p\u00ebrpunimit garantojn\u00eb jet\u00ebgjat\u00ebsi [&hellip;]<\/p>","protected":false},"author":1,"featured_media":0,"parent":0,"menu_order":0,"comment_status":"closed","ping_status":"closed","template":"","meta":{"footnotes":""},"class_list":["post-4514","page","type-page","status-publish","hentry"],"yoast_head":"<!-- This site is optimized with the Yoast SEO plugin v24.0 - https:\/\/yoast.com\/wordpress\/plugins\/seo\/ -->\n<title>Vekaplan - Dante shpk<\/title>\n<meta name=\"robots\" content=\"index, follow, max-snippet:-1, max-image-preview:large, max-video-preview:-1\" \/>\n<link rel=\"canonical\" href=\"https:\/\/danteshpk.al\/en\/vekaplan\/\" \/>\n<meta property=\"og:locale\" content=\"en_US\" \/>\n<meta property=\"og:type\" content=\"article\" \/>\n<meta property=\"og:title\" content=\"Vekaplan - Dante shpk\" \/>\n<meta property=\"og:description\" content=\"Panel sistemet VEKAPLAN VEKAPLAN \u2013 programi universal I paneleve, q\u00eb aplikohen n\u00eb nd\u00ebrtimtari, marketing, si dhe n\u00eb industri, p\u00ebrfshin shtat\u00eb tipe specifike t\u00eb PVC-paneleve. Kualiteti I lart\u00eb I l\u00ebnd\u00ebs dhe p\u00ebrpunimit garantojn\u00eb jet\u00ebgjat\u00ebsi [&hellip;]\" \/>\n<meta property=\"og:url\" content=\"https:\/\/danteshpk.al\/en\/vekaplan\/\" \/>\n<meta property=\"og:site_name\" content=\"Dante shpk\" \/>\n<meta property=\"article:publisher\" content=\"https:\/\/www.facebook.com\/profile.php?id=100066746433407\" \/>\n<meta property=\"article:modified_time\" content=\"2024-03-10T12:43:05+00:00\" \/>\n<meta property=\"og:image\" content=\"https:\/\/danteshpk.al\/wp-content\/uploads\/2024\/03\/VEKAPLAN-VEKA___Platten-1024x532.jpg\" \/>\n<meta name=\"twitter:card\" content=\"summary_large_image\" \/>\n<meta name=\"twitter:label1\" content=\"Est. reading time\" \/>\n\t<meta name=\"twitter:data1\" content=\"1 minute\" \/>\n<script type=\"application\/ld+json\" class=\"yoast-schema-graph\">{\"@context\":\"https:\/\/schema.org\",\"@graph\":[{\"@type\":\"WebPage\",\"@id\":\"https:\/\/danteshpk.al\/vekaplan\/\",\"url\":\"https:\/\/danteshpk.al\/vekaplan\/\",\"name\":\"Vekaplan - Dante shpk\",\"isPartOf\":{\"@id\":\"https:\/\/danteshpk.al\/#website\"},\"primaryImageOfPage\":{\"@id\":\"https:\/\/danteshpk.al\/vekaplan\/#primaryimage\"},\"image\":{\"@id\":\"https:\/\/danteshpk.al\/vekaplan\/#primaryimage\"},\"thumbnailUrl\":\"https:\/\/danteshpk.al\/wp-content\/uploads\/2024\/03\/VEKAPLAN-VEKA___Platten-1024x532.jpg\",\"datePublished\":\"2024-03-09T23:06:59+00:00\",\"dateModified\":\"2024-03-10T12:43:05+00:00\",\"breadcrumb\":{\"@id\":\"https:\/\/danteshpk.al\/vekaplan\/#breadcrumb\"},\"inLanguage\":\"en-US\",\"potentialAction\":[{\"@type\":\"ReadAction\",\"target\":[\"https:\/\/danteshpk.al\/vekaplan\/\"]}]},{\"@type\":\"ImageObject\",\"inLanguage\":\"en-US\",\"@id\":\"https:\/\/danteshpk.al\/vekaplan\/#primaryimage\",\"url\":\"https:\/\/danteshpk.al\/wp-content\/uploads\/2024\/03\/VEKAPLAN-VEKA___Platten-1024x532.jpg\",\"contentUrl\":\"https:\/\/danteshpk.al\/wp-content\/uploads\/2024\/03\/VEKAPLAN-VEKA___Platten-1024x532.jpg\"},{\"@type\":\"BreadcrumbList\",\"@id\":\"https:\/\/danteshpk.al\/vekaplan\/#breadcrumb\",\"itemListElement\":[{\"@type\":\"ListItem\",\"position\":1,\"name\":\"Home\",\"item\":\"https:\/\/danteshpk.al\/\"},{\"@type\":\"ListItem\",\"position\":2,\"name\":\"Vekaplan\"}]},{\"@type\":\"WebSite\",\"@id\":\"https:\/\/danteshpk.al\/#website\",\"url\":\"https:\/\/danteshpk.al\/\",\"name\":\"Dante shpk\",\"description\":\"\",\"publisher\":{\"@id\":\"https:\/\/danteshpk.al\/#organization\"},\"potentialAction\":[{\"@type\":\"SearchAction\",\"target\":{\"@type\":\"EntryPoint\",\"urlTemplate\":\"https:\/\/danteshpk.al\/?s={search_term_string}\"},\"query-input\":{\"@type\":\"PropertyValueSpecification\",\"valueRequired\":true,\"valueName\":\"search_term_string\"}}],\"inLanguage\":\"en-US\"},{\"@type\":\"Organization\",\"@id\":\"https:\/\/danteshpk.al\/#organization\",\"name\":\"Dante shpk\",\"url\":\"https:\/\/danteshpk.al\/\",\"logo\":{\"@type\":\"ImageObject\",\"inLanguage\":\"en-US\",\"@id\":\"https:\/\/danteshpk.al\/#\/schema\/logo\/image\/\",\"url\":\"https:\/\/danteshpk.al\/wp-content\/uploads\/2024\/03\/0001-Dante-Shpk-Veka-Logo-Png-1.png\",\"contentUrl\":\"https:\/\/danteshpk.al\/wp-content\/uploads\/2024\/03\/0001-Dante-Shpk-Veka-Logo-Png-1.png\",\"width\":518,\"height\":314,\"caption\":\"Dante shpk\"},\"image\":{\"@id\":\"https:\/\/danteshpk.al\/#\/schema\/logo\/image\/\"},\"sameAs\":[\"https:\/\/www.facebook.com\/profile.php?id=100066746433407\",\"https:\/\/konsulencemarketing.com\/biznesi\/dante-shpk-veka\/\"]}]}<\/script>\n<!-- \/ Yoast SEO plugin. -->","yoast_head_json":{"title":"Vekaplan - Dante shpk","robots":{"index":"index","follow":"follow","max-snippet":"max-snippet:-1","max-image-preview":"max-image-preview:large","max-video-preview":"max-video-preview:-1"},"canonical":"https:\/\/danteshpk.al\/en\/vekaplan\/","og_locale":"en_US","og_type":"article","og_title":"Vekaplan - Dante shpk","og_description":"Panel sistemet VEKAPLAN VEKAPLAN \u2013 programi universal I paneleve, q\u00eb aplikohen n\u00eb nd\u00ebrtimtari, marketing, si dhe n\u00eb industri, p\u00ebrfshin shtat\u00eb tipe specifike t\u00eb PVC-paneleve. Kualiteti I lart\u00eb I l\u00ebnd\u00ebs dhe p\u00ebrpunimit garantojn\u00eb jet\u00ebgjat\u00ebsi [&hellip;]","og_url":"https:\/\/danteshpk.al\/en\/vekaplan\/","og_site_name":"Dante shpk","article_publisher":"https:\/\/www.facebook.com\/profile.php?id=100066746433407","article_modified_time":"2024-03-10T12:43:05+00:00","og_image":[{"url":"https:\/\/danteshpk.al\/wp-content\/uploads\/2024\/03\/VEKAPLAN-VEKA___Platten-1024x532.jpg","type":"","width":"","height":""}],"twitter_card":"summary_large_image","twitter_misc":{"Est. reading time":"1 minute"},"schema":{"@context":"https:\/\/schema.org","@graph":[{"@type":"WebPage","@id":"https:\/\/danteshpk.al\/vekaplan\/","url":"https:\/\/danteshpk.al\/vekaplan\/","name":"Vekaplan - Dante shpk","isPartOf":{"@id":"https:\/\/danteshpk.al\/#website"},"primaryImageOfPage":{"@id":"https:\/\/danteshpk.al\/vekaplan\/#primaryimage"},"image":{"@id":"https:\/\/danteshpk.al\/vekaplan\/#primaryimage"},"thumbnailUrl":"https:\/\/danteshpk.al\/wp-content\/uploads\/2024\/03\/VEKAPLAN-VEKA___Platten-1024x532.jpg","datePublished":"2024-03-09T23:06:59+00:00","dateModified":"2024-03-10T12:43:05+00:00","breadcrumb":{"@id":"https:\/\/danteshpk.al\/vekaplan\/#breadcrumb"},"inLanguage":"en-US","potentialAction":[{"@type":"ReadAction","target":["https:\/\/danteshpk.al\/vekaplan\/"]}]},{"@type":"ImageObject","inLanguage":"en-US","@id":"https:\/\/danteshpk.al\/vekaplan\/#primaryimage","url":"https:\/\/danteshpk.al\/wp-content\/uploads\/2024\/03\/VEKAPLAN-VEKA___Platten-1024x532.jpg","contentUrl":"https:\/\/danteshpk.al\/wp-content\/uploads\/2024\/03\/VEKAPLAN-VEKA___Platten-1024x532.jpg"},{"@type":"BreadcrumbList","@id":"https:\/\/danteshpk.al\/vekaplan\/#breadcrumb","itemListElement":[{"@type":"ListItem","position":1,"name":"Home","item":"https:\/\/danteshpk.al\/"},{"@type":"ListItem","position":2,"name":"Vekaplan"}]},{"@type":"WebSite","@id":"https:\/\/danteshpk.al\/#website","url":"https:\/\/danteshpk.al\/","name":"Dante shpk","description":"","publisher":{"@id":"https:\/\/danteshpk.al\/#organization"},"potentialAction":[{"@type":"SearchAction","target":{"@type":"EntryPoint","urlTemplate":"https:\/\/danteshpk.al\/?s={search_term_string}"},"query-input":{"@type":"PropertyValueSpecification","valueRequired":true,"valueName":"search_term_string"}}],"inLanguage":"en-US"},{"@type":"Organization","@id":"https:\/\/danteshpk.al\/#organization","name":"Dante shpk","url":"https:\/\/danteshpk.al\/","logo":{"@type":"ImageObject","inLanguage":"en-US","@id":"https:\/\/danteshpk.al\/#\/schema\/logo\/image\/","url":"https:\/\/danteshpk.al\/wp-content\/uploads\/2024\/03\/0001-Dante-Shpk-Veka-Logo-Png-1.png","contentUrl":"https:\/\/danteshpk.al\/wp-content\/uploads\/2024\/03\/0001-Dante-Shpk-Veka-Logo-Png-1.png","width":518,"height":314,"caption":"Dante shpk"},"image":{"@id":"https:\/\/danteshpk.al\/#\/schema\/logo\/image\/"},"sameAs":["https:\/\/www.facebook.com\/profile.php?id=100066746433407","https:\/\/konsulencemarketing.com\/biznesi\/dante-shpk-veka\/"]}]}},"_links":{"self":[{"href":"https:\/\/danteshpk.al\/en\/wp-json\/wp\/v2\/pages\/4514","targetHints":{"allow":["GET"]}}],"collection":[{"href":"https:\/\/danteshpk.al\/en\/wp-json\/wp\/v2\/pages"}],"about":[{"href":"https:\/\/danteshpk.al\/en\/wp-json\/wp\/v2\/types\/page"}],"author":[{"embeddable":true,"href":"https:\/\/danteshpk.al\/en\/wp-json\/wp\/v2\/users\/1"}],"replies":[{"embeddable":true,"href":"https:\/\/danteshpk.al\/en\/wp-json\/wp\/v2\/comments?post=4514"}],"version-history":[{"count":5,"href":"https:\/\/danteshpk.al\/en\/wp-json\/wp\/v2\/pages\/4514\/revisions"}],"predecessor-version":[{"id":4589,"href":"https:\/\/danteshpk.al\/en\/wp-json\/wp\/v2\/pages\/4514\/revisions\/4589"}],"wp:attachment":[{"href":"https:\/\/danteshpk.al\/en\/wp-json\/wp\/v2\/media?parent=4514"}],"curies":[{"name":"wp","href":"https:\/\/api.w.org\/{rel}","templated":true}]}}