{"id":4656,"date":"2024-03-10T22:36:57","date_gmt":"2024-03-10T22:36:57","guid":{"rendered":"https:\/\/danteshpk.al\/?page_id=4656"},"modified":"2024-03-16T22:31:42","modified_gmt":"2024-03-16T22:31:42","slug":"per-arkitektet-dhe-projektuesit","status":"publish","type":"page","link":"https:\/\/danteshpk.al\/en\/per-arkitektet-dhe-projektuesit\/","title":{"rendered":"For architects and designers"},"content":{"rendered":"<div data-elementor-type=\"wp-page\" data-elementor-id=\"4656\" class=\"elementor elementor-4656\">\n\t\t\t\t<div class=\"elementor-element elementor-element-9da8784 e-flex e-con-boxed e-con e-parent\" data-id=\"9da8784\" data-element_type=\"container\">\n\t\t\t\t\t<div class=\"e-con-inner\">\n\t\t\t\t<div class=\"elementor-element elementor-element-15e7a72 elementor-widget elementor-widget-heading\" data-id=\"15e7a72\" data-element_type=\"widget\" data-widget_type=\"heading.default\">\n\t\t\t\t<div class=\"elementor-widget-container\">\n\t\t\t<h2 class=\"elementor-heading-title elementor-size-default\">Brochures<\/h2>\t\t<\/div>\n\t\t\t\t<\/div>\n\t\t\t\t\t<\/div>\n\t\t\t\t<\/div>\n\t\t<div class=\"elementor-element elementor-element-0beacc2 e-flex e-con-boxed e-con e-parent\" data-id=\"0beacc2\" data-element_type=\"container\">\n\t\t\t\t\t<div class=\"e-con-inner\">\n\t\t<div class=\"elementor-element elementor-element-7e290eb e-con-full e-flex e-con e-child\" data-id=\"7e290eb\" data-element_type=\"container\">\n\t\t\t\t<div class=\"elementor-element elementor-element-264b75f elementor-widget elementor-widget-text-editor\" data-id=\"264b75f\" data-element_type=\"widget\" data-widget_type=\"text-editor.default\">\n\t\t\t\t<div class=\"elementor-widget-container\">\n\t\t\t\t\t\t\t<p><a href=\"https:\/\/danteshpk.al\/wp-content\/uploads\/2024\/03\/Veka-kursen-energjine.pdf\"><img decoding=\"async\" class=\"alignnone wp-image-4679\" src=\"https:\/\/danteshpk.al\/wp-content\/uploads\/2024\/03\/0001-Dante-Shpk-Veka-Logo-Png-3.png\" alt=\"\" width=\"69\" height=\"42\" \/>Veka saves energy<\/a><\/p><p><a href=\"https:\/\/danteshpk.al\/wp-content\/uploads\/2024\/03\/Veka-kursen-energjine.pdf\"><img decoding=\"async\" class=\"alignnone wp-image-4679\" src=\"https:\/\/danteshpk.al\/wp-content\/uploads\/2024\/03\/0001-Dante-Shpk-Veka-Logo-Png-3.png\" alt=\"\" width=\"69\" height=\"42\" \/><\/a><a href=\"https:\/\/danteshpk.al\/wp-content\/uploads\/2024\/03\/Haustur.pdf\">Haust\u00fcr<\/a><\/p><p><a href=\"https:\/\/danteshpk.al\/wp-content\/uploads\/2024\/03\/Veka-kursen-energjine.pdf\"><img decoding=\"async\" class=\"alignnone wp-image-4679\" src=\"https:\/\/danteshpk.al\/wp-content\/uploads\/2024\/03\/0001-Dante-Shpk-Veka-Logo-Png-3.png\" alt=\"\" width=\"69\" height=\"42\" \/><\/a><a href=\"https:\/\/danteshpk.al\/wp-content\/uploads\/2024\/03\/Fensterplaner.pdf\">Fensterplaner<\/a><\/p><p><a href=\"https:\/\/danteshpk.al\/wp-content\/uploads\/2024\/03\/Veka-kursen-energjine.pdf\"><img decoding=\"async\" class=\"alignnone wp-image-4679\" src=\"https:\/\/danteshpk.al\/wp-content\/uploads\/2024\/03\/0001-Dante-Shpk-Veka-Logo-Png-3.png\" alt=\"\" width=\"69\" height=\"42\" \/><\/a><a href=\"https:\/\/danteshpk.al\/wp-content\/uploads\/2024\/03\/Energiesparen.pdf\">Energiesparen<\/a><\/p><p><a href=\"https:\/\/danteshpk.al\/wp-content\/uploads\/2024\/03\/Veka-kursen-energjine.pdf\"><img decoding=\"async\" class=\"alignnone wp-image-4679\" src=\"https:\/\/danteshpk.al\/wp-content\/uploads\/2024\/03\/0001-Dante-Shpk-Veka-Logo-Png-3.png\" alt=\"\" width=\"69\" height=\"42\" \/><\/a><a href=\"https:\/\/danteshpk.al\/wp-content\/uploads\/2024\/03\/Flyer-Pflege-und-Wartung.pdf\">Flyer Pflege und Wartung<\/a><\/p><p><a href=\"https:\/\/danteshpk.al\/wp-content\/uploads\/2024\/03\/Veka-kursen-energjine.pdf\"><img decoding=\"async\" class=\"alignnone wp-image-4679\" src=\"https:\/\/danteshpk.al\/wp-content\/uploads\/2024\/03\/0001-Dante-Shpk-Veka-Logo-Png-3.png\" alt=\"\" width=\"69\" height=\"42\" \/><\/a><a href=\"https:\/\/danteshpk.al\/wp-content\/uploads\/2024\/03\/VEKA-KUALITET.pdf\">VEKA OF QUALITY<\/a><\/p><p><a href=\"https:\/\/danteshpk.al\/wp-content\/uploads\/2024\/03\/Veka-kursen-energjine.pdf\"><img decoding=\"async\" class=\"alignnone wp-image-4679\" src=\"https:\/\/danteshpk.al\/wp-content\/uploads\/2024\/03\/0001-Dante-Shpk-Veka-Logo-Png-3.png\" alt=\"\" width=\"69\" height=\"42\" \/><\/a><a href=\"https:\/\/danteshpk.al\/wp-content\/uploads\/2024\/03\/VEKA-SPEKTRI-I-NGJYRAVE.pdf\">COLOR SPECTRUM<\/a><\/p><p><a href=\"https:\/\/danteshpk.al\/wp-content\/uploads\/2024\/03\/Veka-kursen-energjine.pdf\"><img decoding=\"async\" class=\"alignnone wp-image-4679\" src=\"https:\/\/danteshpk.al\/wp-content\/uploads\/2024\/03\/0001-Dante-Shpk-Veka-Logo-Png-3.png\" alt=\"\" width=\"69\" height=\"42\" \/><\/a><a href=\"https:\/\/danteshpk.al\/wp-content\/uploads\/2024\/03\/VESHJE-TE-ALUMINIT.pdf\">ALUMINUM COATINGS<\/a><\/p><p><a href=\"https:\/\/danteshpk.al\/wp-content\/uploads\/2024\/03\/Veka-kursen-energjine.pdf\"><img decoding=\"async\" class=\"alignnone wp-image-4679\" src=\"https:\/\/danteshpk.al\/wp-content\/uploads\/2024\/03\/0001-Dante-Shpk-Veka-Logo-Png-3.png\" alt=\"\" width=\"69\" height=\"42\" \/><\/a><a href=\"https:\/\/danteshpk.al\/wp-content\/uploads\/2024\/03\/ARTLINE-82.pdf\">ARTLINE 82<\/a><\/p><p><a href=\"https:\/\/danteshpk.al\/wp-content\/uploads\/2024\/03\/Veka-kursen-energjine.pdf\"><img decoding=\"async\" class=\"alignnone wp-image-4679\" src=\"https:\/\/danteshpk.al\/wp-content\/uploads\/2024\/03\/0001-Dante-Shpk-Veka-Logo-Png-3.png\" alt=\"\" width=\"69\" height=\"42\" \/><\/a><a href=\"https:\/\/danteshpk.al\/wp-content\/uploads\/2024\/03\/EKOSOL.pdf\">EKOSOL<\/a><\/p><p><a href=\"https:\/\/danteshpk.al\/wp-content\/uploads\/2024\/03\/Veka-kursen-energjine.pdf\"><img decoding=\"async\" class=\"alignnone wp-image-4679\" src=\"https:\/\/danteshpk.al\/wp-content\/uploads\/2024\/03\/0001-Dante-Shpk-Veka-Logo-Png-3.png\" alt=\"\" width=\"69\" height=\"42\" \/><\/a><a href=\"https:\/\/danteshpk.al\/wp-content\/uploads\/2024\/03\/SOFTLINE-70-AD.pdf\">SOFTLINE 70 AD<\/a><\/p><p><a href=\"https:\/\/danteshpk.al\/wp-content\/uploads\/2024\/03\/Veka-kursen-energjine.pdf\"><img decoding=\"async\" class=\"alignnone wp-image-4679\" src=\"https:\/\/danteshpk.al\/wp-content\/uploads\/2024\/03\/0001-Dante-Shpk-Veka-Logo-Png-3.png\" alt=\"\" width=\"69\" height=\"42\" \/><\/a><a href=\"https:\/\/danteshpk.al\/wp-content\/uploads\/2024\/03\/SOFTLINE-70-\u041cD.pdf\">SOFTLINE 70 \u041cD<\/a><\/p><p><a href=\"https:\/\/danteshpk.al\/wp-content\/uploads\/2024\/03\/Veka-kursen-energjine.pdf\"><img decoding=\"async\" class=\"alignnone wp-image-4679\" src=\"https:\/\/danteshpk.al\/wp-content\/uploads\/2024\/03\/0001-Dante-Shpk-Veka-Logo-Png-3.png\" alt=\"\" width=\"69\" height=\"42\" \/><\/a><a href=\"https:\/\/danteshpk.al\/wp-content\/uploads\/2024\/03\/SOFTLINE-76-\u041cD.pdf\">SOFTLINE 76 \u041cD<\/a><\/p><p><a href=\"https:\/\/danteshpk.al\/wp-content\/uploads\/2024\/03\/Veka-kursen-energjine.pdf\"><img decoding=\"async\" class=\"alignnone wp-image-4679\" src=\"https:\/\/danteshpk.al\/wp-content\/uploads\/2024\/03\/0001-Dante-Shpk-Veka-Logo-Png-3.png\" alt=\"\" width=\"69\" height=\"42\" \/><\/a><a href=\"https:\/\/danteshpk.al\/wp-content\/uploads\/2024\/03\/SOFTLINE-82.pdf\">SOFTLINE 82<\/a><\/p><p><a href=\"https:\/\/danteshpk.al\/wp-content\/uploads\/2024\/03\/Veka-kursen-energjine.pdf\"><img decoding=\"async\" class=\"alignnone wp-image-4679\" src=\"https:\/\/danteshpk.al\/wp-content\/uploads\/2024\/03\/0001-Dante-Shpk-Veka-Logo-Png-3.png\" alt=\"\" width=\"69\" height=\"42\" \/><\/a><a href=\"https:\/\/danteshpk.al\/wp-content\/uploads\/2024\/03\/VEKA-VARIANT.pdf\">VEKA VARIANT<\/a><\/p><p><a href=\"https:\/\/danteshpk.al\/wp-content\/uploads\/2024\/03\/Veka-kursen-energjine.pdf\"><img decoding=\"async\" class=\"alignnone wp-image-4679\" src=\"https:\/\/danteshpk.al\/wp-content\/uploads\/2024\/03\/0001-Dante-Shpk-Veka-Logo-Png-3.png\" alt=\"\" width=\"69\" height=\"42\" \/><\/a><a href=\"https:\/\/danteshpk.al\/wp-content\/uploads\/2024\/03\/SWINGLINE.pdf\">SWINGLINE<\/a><\/p>\t\t\t\t\t\t<\/div>\n\t\t\t\t<\/div>\n\t\t\t\t<\/div>\n\t\t<div class=\"elementor-element elementor-element-f6094d0 e-con-full e-flex e-con e-child\" data-id=\"f6094d0\" data-element_type=\"container\">\n\t\t\t\t<div class=\"elementor-element elementor-element-8a8bb85 elementor-widget elementor-widget-image\" data-id=\"8a8bb85\" data-element_type=\"widget\" data-widget_type=\"image.default\">\n\t\t\t\t<div class=\"elementor-widget-container\">\n\t\t\t\t\t\t\t\t\t\t\t\t\t<img fetchpriority=\"high\" decoding=\"async\" width=\"683\" height=\"1024\" src=\"https:\/\/danteshpk.al\/wp-content\/uploads\/2024\/03\/AR04-683x1024.jpg\" class=\"attachment-large size-large wp-image-4704\" alt=\"\" srcset=\"https:\/\/danteshpk.al\/wp-content\/uploads\/2024\/03\/AR04-683x1024.jpg 683w, https:\/\/danteshpk.al\/wp-content\/uploads\/2024\/03\/AR04-200x300.jpg 200w, https:\/\/danteshpk.al\/wp-content\/uploads\/2024\/03\/AR04-768x1152.jpg 768w, https:\/\/danteshpk.al\/wp-content\/uploads\/2024\/03\/AR04-600x900.jpg 600w, https:\/\/danteshpk.al\/wp-content\/uploads\/2024\/03\/AR04.jpg 800w\" sizes=\"(max-width: 683px) 100vw, 683px\" \/>\t\t\t\t\t\t\t\t\t\t\t\t\t<\/div>\n\t\t\t\t<\/div>\n\t\t\t\t<\/div>\n\t\t\t\t\t<\/div>\n\t\t\t\t<\/div>\n\t\t\t\t<\/div>","protected":false},"excerpt":{"rendered":"<p>Broshurat Veka kursen energjin\u00eb Haust\u00fcr Fensterplaner Energiesparen Flyer Pflege und Wartung VEKA KUALITET VEKA SPEKTRI I NGJYRAVE VESHJE T\u00cb ALUMINIT ARTLINE 82 EKOSOL SOFTLINE 70 AD SOFTLINE 70 \u041cD SOFTLINE 76 \u041cD SOFTLINE [&hellip;]<\/p>","protected":false},"author":1,"featured_media":0,"parent":0,"menu_order":0,"comment_status":"closed","ping_status":"closed","template":"","meta":{"footnotes":""},"class_list":["post-4656","page","type-page","status-publish","hentry"],"yoast_head":"<!-- This site is optimized with the Yoast SEO plugin v24.0 - https:\/\/yoast.com\/wordpress\/plugins\/seo\/ -->\n<title>P\u00ebr arkitekt\u00ebt dhe projektuesit - Dante shpk<\/title>\n<meta name=\"description\" content=\"Per arkitektet dhe projektuesit : Nje liste me broshura per informacione me te detajuara.\" \/>\n<meta name=\"robots\" content=\"index, follow, max-snippet:-1, max-image-preview:large, max-video-preview:-1\" \/>\n<link rel=\"canonical\" href=\"https:\/\/danteshpk.al\/en\/per-arkitektet-dhe-projektuesit\/\" \/>\n<meta property=\"og:locale\" content=\"en_US\" \/>\n<meta property=\"og:type\" content=\"article\" \/>\n<meta property=\"og:title\" content=\"P\u00ebr arkitekt\u00ebt dhe projektuesit - Dante shpk\" \/>\n<meta property=\"og:description\" content=\"Per arkitektet dhe projektuesit : Nje liste me broshura per informacione me te detajuara.\" \/>\n<meta property=\"og:url\" content=\"https:\/\/danteshpk.al\/en\/per-arkitektet-dhe-projektuesit\/\" \/>\n<meta property=\"og:site_name\" content=\"Dante shpk\" \/>\n<meta property=\"article:publisher\" content=\"https:\/\/www.facebook.com\/profile.php?id=100066746433407\" \/>\n<meta property=\"article:modified_time\" content=\"2024-03-16T22:31:42+00:00\" \/>\n<meta property=\"og:image\" content=\"https:\/\/danteshpk.al\/wp-content\/uploads\/2024\/03\/0001-Dante-Shpk-Veka-Logo-Png-3.png\" \/>\n<meta name=\"twitter:card\" content=\"summary_large_image\" \/>\n<meta name=\"twitter:label1\" content=\"Est. reading time\" \/>\n\t<meta name=\"twitter:data1\" content=\"4 minutes\" \/>\n<script type=\"application\/ld+json\" class=\"yoast-schema-graph\">{\"@context\":\"https:\/\/schema.org\",\"@graph\":[{\"@type\":\"WebPage\",\"@id\":\"https:\/\/danteshpk.al\/per-arkitektet-dhe-projektuesit\/\",\"url\":\"https:\/\/danteshpk.al\/per-arkitektet-dhe-projektuesit\/\",\"name\":\"P\u00ebr arkitekt\u00ebt dhe projektuesit - Dante shpk\",\"isPartOf\":{\"@id\":\"https:\/\/danteshpk.al\/#website\"},\"primaryImageOfPage\":{\"@id\":\"https:\/\/danteshpk.al\/per-arkitektet-dhe-projektuesit\/#primaryimage\"},\"image\":{\"@id\":\"https:\/\/danteshpk.al\/per-arkitektet-dhe-projektuesit\/#primaryimage\"},\"thumbnailUrl\":\"https:\/\/danteshpk.al\/wp-content\/uploads\/2024\/03\/0001-Dante-Shpk-Veka-Logo-Png-3.png\",\"datePublished\":\"2024-03-10T22:36:57+00:00\",\"dateModified\":\"2024-03-16T22:31:42+00:00\",\"description\":\"Per arkitektet dhe projektuesit : Nje liste me broshura per informacione me te detajuara.\",\"breadcrumb\":{\"@id\":\"https:\/\/danteshpk.al\/per-arkitektet-dhe-projektuesit\/#breadcrumb\"},\"inLanguage\":\"en-US\",\"potentialAction\":[{\"@type\":\"ReadAction\",\"target\":[\"https:\/\/danteshpk.al\/per-arkitektet-dhe-projektuesit\/\"]}]},{\"@type\":\"ImageObject\",\"inLanguage\":\"en-US\",\"@id\":\"https:\/\/danteshpk.al\/per-arkitektet-dhe-projektuesit\/#primaryimage\",\"url\":\"https:\/\/danteshpk.al\/wp-content\/uploads\/2024\/03\/0001-Dante-Shpk-Veka-Logo-Png-3.png\",\"contentUrl\":\"https:\/\/danteshpk.al\/wp-content\/uploads\/2024\/03\/0001-Dante-Shpk-Veka-Logo-Png-3.png\"},{\"@type\":\"BreadcrumbList\",\"@id\":\"https:\/\/danteshpk.al\/per-arkitektet-dhe-projektuesit\/#breadcrumb\",\"itemListElement\":[{\"@type\":\"ListItem\",\"position\":1,\"name\":\"Home\",\"item\":\"https:\/\/danteshpk.al\/\"},{\"@type\":\"ListItem\",\"position\":2,\"name\":\"P\u00ebr arkitekt\u00ebt dhe projektuesit\"}]},{\"@type\":\"WebSite\",\"@id\":\"https:\/\/danteshpk.al\/#website\",\"url\":\"https:\/\/danteshpk.al\/\",\"name\":\"Dante shpk\",\"description\":\"\",\"publisher\":{\"@id\":\"https:\/\/danteshpk.al\/#organization\"},\"potentialAction\":[{\"@type\":\"SearchAction\",\"target\":{\"@type\":\"EntryPoint\",\"urlTemplate\":\"https:\/\/danteshpk.al\/?s={search_term_string}\"},\"query-input\":{\"@type\":\"PropertyValueSpecification\",\"valueRequired\":true,\"valueName\":\"search_term_string\"}}],\"inLanguage\":\"en-US\"},{\"@type\":\"Organization\",\"@id\":\"https:\/\/danteshpk.al\/#organization\",\"name\":\"Dante shpk\",\"url\":\"https:\/\/danteshpk.al\/\",\"logo\":{\"@type\":\"ImageObject\",\"inLanguage\":\"en-US\",\"@id\":\"https:\/\/danteshpk.al\/#\/schema\/logo\/image\/\",\"url\":\"https:\/\/danteshpk.al\/wp-content\/uploads\/2024\/03\/0001-Dante-Shpk-Veka-Logo-Png-1.png\",\"contentUrl\":\"https:\/\/danteshpk.al\/wp-content\/uploads\/2024\/03\/0001-Dante-Shpk-Veka-Logo-Png-1.png\",\"width\":518,\"height\":314,\"caption\":\"Dante shpk\"},\"image\":{\"@id\":\"https:\/\/danteshpk.al\/#\/schema\/logo\/image\/\"},\"sameAs\":[\"https:\/\/www.facebook.com\/profile.php?id=100066746433407\",\"https:\/\/konsulencemarketing.com\/biznesi\/dante-shpk-veka\/\"]}]}<\/script>\n<!-- \/ Yoast SEO plugin. -->","yoast_head_json":{"title":"P\u00ebr arkitekt\u00ebt dhe projektuesit - Dante shpk","description":"Per arkitektet dhe projektuesit : Nje liste me broshura per informacione me te detajuara.","robots":{"index":"index","follow":"follow","max-snippet":"max-snippet:-1","max-image-preview":"max-image-preview:large","max-video-preview":"max-video-preview:-1"},"canonical":"https:\/\/danteshpk.al\/en\/per-arkitektet-dhe-projektuesit\/","og_locale":"en_US","og_type":"article","og_title":"P\u00ebr arkitekt\u00ebt dhe projektuesit - Dante shpk","og_description":"Per arkitektet dhe projektuesit : Nje liste me broshura per informacione me te detajuara.","og_url":"https:\/\/danteshpk.al\/en\/per-arkitektet-dhe-projektuesit\/","og_site_name":"Dante shpk","article_publisher":"https:\/\/www.facebook.com\/profile.php?id=100066746433407","article_modified_time":"2024-03-16T22:31:42+00:00","og_image":[{"url":"https:\/\/danteshpk.al\/wp-content\/uploads\/2024\/03\/0001-Dante-Shpk-Veka-Logo-Png-3.png","type":"","width":"","height":""}],"twitter_card":"summary_large_image","twitter_misc":{"Est. reading time":"4 minutes"},"schema":{"@context":"https:\/\/schema.org","@graph":[{"@type":"WebPage","@id":"https:\/\/danteshpk.al\/per-arkitektet-dhe-projektuesit\/","url":"https:\/\/danteshpk.al\/per-arkitektet-dhe-projektuesit\/","name":"P\u00ebr arkitekt\u00ebt dhe projektuesit - Dante shpk","isPartOf":{"@id":"https:\/\/danteshpk.al\/#website"},"primaryImageOfPage":{"@id":"https:\/\/danteshpk.al\/per-arkitektet-dhe-projektuesit\/#primaryimage"},"image":{"@id":"https:\/\/danteshpk.al\/per-arkitektet-dhe-projektuesit\/#primaryimage"},"thumbnailUrl":"https:\/\/danteshpk.al\/wp-content\/uploads\/2024\/03\/0001-Dante-Shpk-Veka-Logo-Png-3.png","datePublished":"2024-03-10T22:36:57+00:00","dateModified":"2024-03-16T22:31:42+00:00","description":"Per arkitektet dhe projektuesit : Nje liste me broshura per informacione me te detajuara.","breadcrumb":{"@id":"https:\/\/danteshpk.al\/per-arkitektet-dhe-projektuesit\/#breadcrumb"},"inLanguage":"en-US","potentialAction":[{"@type":"ReadAction","target":["https:\/\/danteshpk.al\/per-arkitektet-dhe-projektuesit\/"]}]},{"@type":"ImageObject","inLanguage":"en-US","@id":"https:\/\/danteshpk.al\/per-arkitektet-dhe-projektuesit\/#primaryimage","url":"https:\/\/danteshpk.al\/wp-content\/uploads\/2024\/03\/0001-Dante-Shpk-Veka-Logo-Png-3.png","contentUrl":"https:\/\/danteshpk.al\/wp-content\/uploads\/2024\/03\/0001-Dante-Shpk-Veka-Logo-Png-3.png"},{"@type":"BreadcrumbList","@id":"https:\/\/danteshpk.al\/per-arkitektet-dhe-projektuesit\/#breadcrumb","itemListElement":[{"@type":"ListItem","position":1,"name":"Home","item":"https:\/\/danteshpk.al\/"},{"@type":"ListItem","position":2,"name":"P\u00ebr arkitekt\u00ebt dhe projektuesit"}]},{"@type":"WebSite","@id":"https:\/\/danteshpk.al\/#website","url":"https:\/\/danteshpk.al\/","name":"Dante shpk","description":"","publisher":{"@id":"https:\/\/danteshpk.al\/#organization"},"potentialAction":[{"@type":"SearchAction","target":{"@type":"EntryPoint","urlTemplate":"https:\/\/danteshpk.al\/?s={search_term_string}"},"query-input":{"@type":"PropertyValueSpecification","valueRequired":true,"valueName":"search_term_string"}}],"inLanguage":"en-US"},{"@type":"Organization","@id":"https:\/\/danteshpk.al\/#organization","name":"Dante shpk","url":"https:\/\/danteshpk.al\/","logo":{"@type":"ImageObject","inLanguage":"en-US","@id":"https:\/\/danteshpk.al\/#\/schema\/logo\/image\/","url":"https:\/\/danteshpk.al\/wp-content\/uploads\/2024\/03\/0001-Dante-Shpk-Veka-Logo-Png-1.png","contentUrl":"https:\/\/danteshpk.al\/wp-content\/uploads\/2024\/03\/0001-Dante-Shpk-Veka-Logo-Png-1.png","width":518,"height":314,"caption":"Dante shpk"},"image":{"@id":"https:\/\/danteshpk.al\/#\/schema\/logo\/image\/"},"sameAs":["https:\/\/www.facebook.com\/profile.php?id=100066746433407","https:\/\/konsulencemarketing.com\/biznesi\/dante-shpk-veka\/"]}]}},"_links":{"self":[{"href":"https:\/\/danteshpk.al\/en\/wp-json\/wp\/v2\/pages\/4656","targetHints":{"allow":["GET"]}}],"collection":[{"href":"https:\/\/danteshpk.al\/en\/wp-json\/wp\/v2\/pages"}],"about":[{"href":"https:\/\/danteshpk.al\/en\/wp-json\/wp\/v2\/types\/page"}],"author":[{"embeddable":true,"href":"https:\/\/danteshpk.al\/en\/wp-json\/wp\/v2\/users\/1"}],"replies":[{"embeddable":true,"href":"https:\/\/danteshpk.al\/en\/wp-json\/wp\/v2\/comments?post=4656"}],"version-history":[{"count":13,"href":"https:\/\/danteshpk.al\/en\/wp-json\/wp\/v2\/pages\/4656\/revisions"}],"predecessor-version":[{"id":4731,"href":"https:\/\/danteshpk.al\/en\/wp-json\/wp\/v2\/pages\/4656\/revisions\/4731"}],"wp:attachment":[{"href":"https:\/\/danteshpk.al\/en\/wp-json\/wp\/v2\/media?parent=4656"}],"curies":[{"name":"wp","href":"https:\/\/api.w.org\/{rel}","templated":true}]}}