{"id":4660,"date":"2024-03-10T22:37:58","date_gmt":"2024-03-10T22:37:58","guid":{"rendered":"https:\/\/danteshpk.al\/?page_id=4660"},"modified":"2024-03-16T23:46:50","modified_gmt":"2024-03-16T23:46:50","slug":"perparesite-e-izolimit","status":"publish","type":"page","link":"https:\/\/danteshpk.al\/en\/perparesite-e-izolimit\/","title":{"rendered":"Advantages of isolation"},"content":{"rendered":"<div data-elementor-type=\"wp-page\" data-elementor-id=\"4660\" class=\"elementor elementor-4660\">\n\t\t\t\t<div class=\"elementor-element elementor-element-4fa6558 e-flex e-con-boxed e-con e-parent\" data-id=\"4fa6558\" data-element_type=\"container\">\n\t\t\t\t\t<div class=\"e-con-inner\">\n\t\t\t\t<div class=\"elementor-element elementor-element-584a875 elementor-widget elementor-widget-heading\" data-id=\"584a875\" data-element_type=\"widget\" data-widget_type=\"heading.default\">\n\t\t\t\t<div class=\"elementor-widget-container\">\n\t\t\t<h2 class=\"elementor-heading-title elementor-size-default\">Thermoinsulation<\/h2>\t\t<\/div>\n\t\t\t\t<\/div>\n\t\t\t\t\t<\/div>\n\t\t\t\t<\/div>\n\t\t<div class=\"elementor-element elementor-element-a820720 e-flex e-con-boxed e-con e-parent\" data-id=\"a820720\" data-element_type=\"container\">\n\t\t\t\t\t<div class=\"e-con-inner\">\n\t\t\t\t<div class=\"elementor-element elementor-element-61a71a7 elementor-widget elementor-widget-text-editor\" data-id=\"61a71a7\" data-element_type=\"widget\" data-widget_type=\"text-editor.default\">\n\t\t\t\t<div class=\"elementor-widget-container\">\n\t\t\t\t\t\t\t<p>When it comes to thermal insulation of the building, windows and doors are the most important factor. By using a set of precise measurements you can take advantage of the greatest energy potentials.<\/p><p>VEKA profiles imply the implementation of the standards prescribed by the thermal insulation laws for both new constructions and renovated buildings. It will also be very easy to reach the high standards defined by the Energy Conservation Regulation (EnEV).<\/p><p>When it comes to the thermal insulation of the window, the most important element is the heat transfer coefficient (the so-called U-value). Using special thermal glass and high quality VEKA-PVC and multi-chamber technology, optimal results are achieved.<\/p><p>VEKA windows meet all these requirements not only by its attractive design, but for outstanding internal values: stability, top-insulating multi-chamber systems reduce heating costs and provide maximum protection and safety. Optimal noise protection increases the quality and comfort of living, while the material is easy to maintain, is resistant to bad weather, is durable and offers an attractive appearance to the window. Metal reinforcements compatible with VEKA systems ensure a high level of safety.<\/p>\t\t\t\t\t\t<\/div>\n\t\t\t\t<\/div>\n\t\t\t\t\t<\/div>\n\t\t\t\t<\/div>\n\t\t<div class=\"elementor-element elementor-element-7d6b96b e-flex e-con-boxed e-con e-parent\" data-id=\"7d6b96b\" data-element_type=\"container\">\n\t\t\t\t\t<div class=\"e-con-inner\">\n\t\t\t\t<div class=\"elementor-element elementor-element-8fa3470 elementor-widget elementor-widget-heading\" data-id=\"8fa3470\" data-element_type=\"widget\" data-widget_type=\"heading.default\">\n\t\t\t\t<div class=\"elementor-widget-container\">\n\t\t\t<h2 class=\"elementor-heading-title elementor-size-default\">Brochure<\/h2>\t\t<\/div>\n\t\t\t\t<\/div>\n\t\t\t\t\t<\/div>\n\t\t\t\t<\/div>\n\t\t<div class=\"elementor-element elementor-element-4d356f6 e-flex e-con-boxed e-con e-parent\" data-id=\"4d356f6\" data-element_type=\"container\">\n\t\t\t\t\t<div class=\"e-con-inner\">\n\t\t\t\t<div class=\"elementor-element elementor-element-f4badb2 elementor-widget elementor-widget-text-editor\" data-id=\"f4badb2\" data-element_type=\"widget\" data-widget_type=\"text-editor.default\">\n\t\t\t\t<div class=\"elementor-widget-container\">\n\t\t\t\t\t\t\t<p><a href=\"https:\/\/danteshpk.al\/en\/icon-4\/\"><img decoding=\"async\" class=\"alignnone  wp-image-332\" src=\"https:\/\/danteshpk.al\/wp-content\/uploads\/2022\/04\/icon-4.svg\" alt=\"\" width=\"45\" height=\"58\" \/> \u00a0 \u00a0 <\/a><a href=\"https:\/\/danteshpk.al\/wp-content\/uploads\/2024\/03\/Veka-kursen-energjine-1.pdf\">Veka saves energy \u00a0<\/a><a href=\"https:\/\/danteshpk.al\/wp-content\/uploads\/2024\/03\/Veka-kursen-energjine-1.pdf\">(Download Pdf)<\/a><\/p>\t\t\t\t\t\t<\/div>\n\t\t\t\t<\/div>\n\t\t\t\t\t<\/div>\n\t\t\t\t<\/div>\n\t\t\t\t<\/div>","protected":false},"excerpt":{"rendered":"<p>Termoizolimi Kur \u00ebsht\u00eb fjala p\u00ebr izolimin termik t\u00eb nd\u00ebrtes\u00ebs, dritaret dhe dyert jan\u00eb faktori m\u00eb i r\u00ebnd\u00ebsish\u00ebm. Duke p\u00ebrdorur nj\u00eb s\u00ebr\u00eb masash t\u00eb sakta mund t\u00eb p\u00ebrfitoni nga potencialet m\u00eb t\u00eb m\u00ebdha t\u00eb [&hellip;]<\/p>","protected":false},"author":1,"featured_media":0,"parent":0,"menu_order":0,"comment_status":"closed","ping_status":"closed","template":"","meta":{"footnotes":""},"class_list":["post-4660","page","type-page","status-publish","hentry"],"yoast_head":"<!-- This site is optimized with the Yoast SEO plugin v24.0 - https:\/\/yoast.com\/wordpress\/plugins\/seo\/ -->\n<title>P\u00ebrpar\u00ebsit\u00eb e izolimit - Dante shpk<\/title>\n<meta name=\"description\" content=\"Kur \u00ebsht\u00eb fjala p\u00ebr izolimin termik t\u00eb nd\u00ebrtes\u00ebs, dritaret dhe dyert jan\u00eb faktori m\u00eb i r\u00ebnd\u00ebsish\u00ebm. Duke p\u00ebrdorur nj\u00eb s\u00ebr\u00eb masash t\u00eb sakta mund t\u00eb p\u00ebrfitoni nga potencialet m\u00eb t\u00eb m\u00ebdha t\u00eb energjis\u00eb.\" \/>\n<meta name=\"robots\" content=\"index, follow, max-snippet:-1, max-image-preview:large, max-video-preview:-1\" \/>\n<link rel=\"canonical\" href=\"https:\/\/danteshpk.al\/en\/perparesite-e-izolimit\/\" \/>\n<meta property=\"og:locale\" content=\"en_US\" \/>\n<meta property=\"og:type\" content=\"article\" \/>\n<meta property=\"og:title\" content=\"P\u00ebrpar\u00ebsit\u00eb e izolimit - Dante shpk\" \/>\n<meta property=\"og:description\" content=\"Kur \u00ebsht\u00eb fjala p\u00ebr izolimin termik t\u00eb nd\u00ebrtes\u00ebs, dritaret dhe dyert jan\u00eb faktori m\u00eb i r\u00ebnd\u00ebsish\u00ebm. Duke p\u00ebrdorur nj\u00eb s\u00ebr\u00eb masash t\u00eb sakta mund t\u00eb p\u00ebrfitoni nga potencialet m\u00eb t\u00eb m\u00ebdha t\u00eb energjis\u00eb.\" \/>\n<meta property=\"og:url\" content=\"https:\/\/danteshpk.al\/en\/perparesite-e-izolimit\/\" \/>\n<meta property=\"og:site_name\" content=\"Dante shpk\" \/>\n<meta property=\"article:publisher\" content=\"https:\/\/www.facebook.com\/profile.php?id=100066746433407\" \/>\n<meta property=\"article:modified_time\" content=\"2024-03-16T23:46:50+00:00\" \/>\n<meta property=\"og:image\" content=\"https:\/\/danteshpk.al\/wp-content\/uploads\/2022\/04\/icon-4.svg\" \/>\n<meta name=\"twitter:card\" content=\"summary_large_image\" \/>\n<meta name=\"twitter:label1\" content=\"Est. reading time\" \/>\n\t<meta name=\"twitter:data1\" content=\"2 minutes\" \/>\n<script type=\"application\/ld+json\" class=\"yoast-schema-graph\">{\"@context\":\"https:\/\/schema.org\",\"@graph\":[{\"@type\":\"WebPage\",\"@id\":\"https:\/\/danteshpk.al\/perparesite-e-izolimit\/\",\"url\":\"https:\/\/danteshpk.al\/perparesite-e-izolimit\/\",\"name\":\"P\u00ebrpar\u00ebsit\u00eb e izolimit - Dante shpk\",\"isPartOf\":{\"@id\":\"https:\/\/danteshpk.al\/#website\"},\"primaryImageOfPage\":{\"@id\":\"https:\/\/danteshpk.al\/perparesite-e-izolimit\/#primaryimage\"},\"image\":{\"@id\":\"https:\/\/danteshpk.al\/perparesite-e-izolimit\/#primaryimage\"},\"thumbnailUrl\":\"https:\/\/danteshpk.al\/wp-content\/uploads\/2022\/04\/icon-4.svg\",\"datePublished\":\"2024-03-10T22:37:58+00:00\",\"dateModified\":\"2024-03-16T23:46:50+00:00\",\"description\":\"Kur \u00ebsht\u00eb fjala p\u00ebr izolimin termik t\u00eb nd\u00ebrtes\u00ebs, dritaret dhe dyert jan\u00eb faktori m\u00eb i r\u00ebnd\u00ebsish\u00ebm. Duke p\u00ebrdorur nj\u00eb s\u00ebr\u00eb masash t\u00eb sakta mund t\u00eb p\u00ebrfitoni nga potencialet m\u00eb t\u00eb m\u00ebdha t\u00eb energjis\u00eb.\",\"breadcrumb\":{\"@id\":\"https:\/\/danteshpk.al\/perparesite-e-izolimit\/#breadcrumb\"},\"inLanguage\":\"en-US\",\"potentialAction\":[{\"@type\":\"ReadAction\",\"target\":[\"https:\/\/danteshpk.al\/perparesite-e-izolimit\/\"]}]},{\"@type\":\"ImageObject\",\"inLanguage\":\"en-US\",\"@id\":\"https:\/\/danteshpk.al\/perparesite-e-izolimit\/#primaryimage\",\"url\":\"https:\/\/danteshpk.al\/wp-content\/uploads\/2022\/04\/icon-4.svg\",\"contentUrl\":\"https:\/\/danteshpk.al\/wp-content\/uploads\/2022\/04\/icon-4.svg\"},{\"@type\":\"BreadcrumbList\",\"@id\":\"https:\/\/danteshpk.al\/perparesite-e-izolimit\/#breadcrumb\",\"itemListElement\":[{\"@type\":\"ListItem\",\"position\":1,\"name\":\"Home\",\"item\":\"https:\/\/danteshpk.al\/\"},{\"@type\":\"ListItem\",\"position\":2,\"name\":\"P\u00ebrpar\u00ebsit\u00eb e izolimit\"}]},{\"@type\":\"WebSite\",\"@id\":\"https:\/\/danteshpk.al\/#website\",\"url\":\"https:\/\/danteshpk.al\/\",\"name\":\"Dante shpk\",\"description\":\"\",\"publisher\":{\"@id\":\"https:\/\/danteshpk.al\/#organization\"},\"potentialAction\":[{\"@type\":\"SearchAction\",\"target\":{\"@type\":\"EntryPoint\",\"urlTemplate\":\"https:\/\/danteshpk.al\/?s={search_term_string}\"},\"query-input\":{\"@type\":\"PropertyValueSpecification\",\"valueRequired\":true,\"valueName\":\"search_term_string\"}}],\"inLanguage\":\"en-US\"},{\"@type\":\"Organization\",\"@id\":\"https:\/\/danteshpk.al\/#organization\",\"name\":\"Dante shpk\",\"url\":\"https:\/\/danteshpk.al\/\",\"logo\":{\"@type\":\"ImageObject\",\"inLanguage\":\"en-US\",\"@id\":\"https:\/\/danteshpk.al\/#\/schema\/logo\/image\/\",\"url\":\"https:\/\/danteshpk.al\/wp-content\/uploads\/2024\/03\/0001-Dante-Shpk-Veka-Logo-Png-1.png\",\"contentUrl\":\"https:\/\/danteshpk.al\/wp-content\/uploads\/2024\/03\/0001-Dante-Shpk-Veka-Logo-Png-1.png\",\"width\":518,\"height\":314,\"caption\":\"Dante shpk\"},\"image\":{\"@id\":\"https:\/\/danteshpk.al\/#\/schema\/logo\/image\/\"},\"sameAs\":[\"https:\/\/www.facebook.com\/profile.php?id=100066746433407\",\"https:\/\/konsulencemarketing.com\/biznesi\/dante-shpk-veka\/\"]}]}<\/script>\n<!-- \/ Yoast SEO plugin. -->","yoast_head_json":{"title":"P\u00ebrpar\u00ebsit\u00eb e izolimit - Dante shpk","description":"Kur \u00ebsht\u00eb fjala p\u00ebr izolimin termik t\u00eb nd\u00ebrtes\u00ebs, dritaret dhe dyert jan\u00eb faktori m\u00eb i r\u00ebnd\u00ebsish\u00ebm. Duke p\u00ebrdorur nj\u00eb s\u00ebr\u00eb masash t\u00eb sakta mund t\u00eb p\u00ebrfitoni nga potencialet m\u00eb t\u00eb m\u00ebdha t\u00eb energjis\u00eb.","robots":{"index":"index","follow":"follow","max-snippet":"max-snippet:-1","max-image-preview":"max-image-preview:large","max-video-preview":"max-video-preview:-1"},"canonical":"https:\/\/danteshpk.al\/en\/perparesite-e-izolimit\/","og_locale":"en_US","og_type":"article","og_title":"P\u00ebrpar\u00ebsit\u00eb e izolimit - Dante shpk","og_description":"Kur \u00ebsht\u00eb fjala p\u00ebr izolimin termik t\u00eb nd\u00ebrtes\u00ebs, dritaret dhe dyert jan\u00eb faktori m\u00eb i r\u00ebnd\u00ebsish\u00ebm. Duke p\u00ebrdorur nj\u00eb s\u00ebr\u00eb masash t\u00eb sakta mund t\u00eb p\u00ebrfitoni nga potencialet m\u00eb t\u00eb m\u00ebdha t\u00eb energjis\u00eb.","og_url":"https:\/\/danteshpk.al\/en\/perparesite-e-izolimit\/","og_site_name":"Dante shpk","article_publisher":"https:\/\/www.facebook.com\/profile.php?id=100066746433407","article_modified_time":"2024-03-16T23:46:50+00:00","og_image":[{"url":"https:\/\/danteshpk.al\/wp-content\/uploads\/2022\/04\/icon-4.svg","type":"","width":"","height":""}],"twitter_card":"summary_large_image","twitter_misc":{"Est. reading time":"2 minutes"},"schema":{"@context":"https:\/\/schema.org","@graph":[{"@type":"WebPage","@id":"https:\/\/danteshpk.al\/perparesite-e-izolimit\/","url":"https:\/\/danteshpk.al\/perparesite-e-izolimit\/","name":"P\u00ebrpar\u00ebsit\u00eb e izolimit - Dante shpk","isPartOf":{"@id":"https:\/\/danteshpk.al\/#website"},"primaryImageOfPage":{"@id":"https:\/\/danteshpk.al\/perparesite-e-izolimit\/#primaryimage"},"image":{"@id":"https:\/\/danteshpk.al\/perparesite-e-izolimit\/#primaryimage"},"thumbnailUrl":"https:\/\/danteshpk.al\/wp-content\/uploads\/2022\/04\/icon-4.svg","datePublished":"2024-03-10T22:37:58+00:00","dateModified":"2024-03-16T23:46:50+00:00","description":"Kur \u00ebsht\u00eb fjala p\u00ebr izolimin termik t\u00eb nd\u00ebrtes\u00ebs, dritaret dhe dyert jan\u00eb faktori m\u00eb i r\u00ebnd\u00ebsish\u00ebm. Duke p\u00ebrdorur nj\u00eb s\u00ebr\u00eb masash t\u00eb sakta mund t\u00eb p\u00ebrfitoni nga potencialet m\u00eb t\u00eb m\u00ebdha t\u00eb energjis\u00eb.","breadcrumb":{"@id":"https:\/\/danteshpk.al\/perparesite-e-izolimit\/#breadcrumb"},"inLanguage":"en-US","potentialAction":[{"@type":"ReadAction","target":["https:\/\/danteshpk.al\/perparesite-e-izolimit\/"]}]},{"@type":"ImageObject","inLanguage":"en-US","@id":"https:\/\/danteshpk.al\/perparesite-e-izolimit\/#primaryimage","url":"https:\/\/danteshpk.al\/wp-content\/uploads\/2022\/04\/icon-4.svg","contentUrl":"https:\/\/danteshpk.al\/wp-content\/uploads\/2022\/04\/icon-4.svg"},{"@type":"BreadcrumbList","@id":"https:\/\/danteshpk.al\/perparesite-e-izolimit\/#breadcrumb","itemListElement":[{"@type":"ListItem","position":1,"name":"Home","item":"https:\/\/danteshpk.al\/"},{"@type":"ListItem","position":2,"name":"P\u00ebrpar\u00ebsit\u00eb e izolimit"}]},{"@type":"WebSite","@id":"https:\/\/danteshpk.al\/#website","url":"https:\/\/danteshpk.al\/","name":"Dante shpk","description":"","publisher":{"@id":"https:\/\/danteshpk.al\/#organization"},"potentialAction":[{"@type":"SearchAction","target":{"@type":"EntryPoint","urlTemplate":"https:\/\/danteshpk.al\/?s={search_term_string}"},"query-input":{"@type":"PropertyValueSpecification","valueRequired":true,"valueName":"search_term_string"}}],"inLanguage":"en-US"},{"@type":"Organization","@id":"https:\/\/danteshpk.al\/#organization","name":"Dante shpk","url":"https:\/\/danteshpk.al\/","logo":{"@type":"ImageObject","inLanguage":"en-US","@id":"https:\/\/danteshpk.al\/#\/schema\/logo\/image\/","url":"https:\/\/danteshpk.al\/wp-content\/uploads\/2024\/03\/0001-Dante-Shpk-Veka-Logo-Png-1.png","contentUrl":"https:\/\/danteshpk.al\/wp-content\/uploads\/2024\/03\/0001-Dante-Shpk-Veka-Logo-Png-1.png","width":518,"height":314,"caption":"Dante shpk"},"image":{"@id":"https:\/\/danteshpk.al\/#\/schema\/logo\/image\/"},"sameAs":["https:\/\/www.facebook.com\/profile.php?id=100066746433407","https:\/\/konsulencemarketing.com\/biznesi\/dante-shpk-veka\/"]}]}},"_links":{"self":[{"href":"https:\/\/danteshpk.al\/en\/wp-json\/wp\/v2\/pages\/4660","targetHints":{"allow":["GET"]}}],"collection":[{"href":"https:\/\/danteshpk.al\/en\/wp-json\/wp\/v2\/pages"}],"about":[{"href":"https:\/\/danteshpk.al\/en\/wp-json\/wp\/v2\/types\/page"}],"author":[{"embeddable":true,"href":"https:\/\/danteshpk.al\/en\/wp-json\/wp\/v2\/users\/1"}],"replies":[{"embeddable":true,"href":"https:\/\/danteshpk.al\/en\/wp-json\/wp\/v2\/comments?post=4660"}],"version-history":[{"count":7,"href":"https:\/\/danteshpk.al\/en\/wp-json\/wp\/v2\/pages\/4660\/revisions"}],"predecessor-version":[{"id":4738,"href":"https:\/\/danteshpk.al\/en\/wp-json\/wp\/v2\/pages\/4660\/revisions\/4738"}],"wp:attachment":[{"href":"https:\/\/danteshpk.al\/en\/wp-json\/wp\/v2\/media?parent=4660"}],"curies":[{"name":"wp","href":"https:\/\/api.w.org\/{rel}","templated":true}]}}