{"id":4664,"date":"2024-03-10T22:39:03","date_gmt":"2024-03-10T22:39:03","guid":{"rendered":"https:\/\/danteshpk.al\/?page_id=4664"},"modified":"2024-03-16T23:50:00","modified_gmt":"2024-03-16T23:50:00","slug":"gama-e-ngjyrave","status":"publish","type":"page","link":"https:\/\/danteshpk.al\/en\/gama-e-ngjyrave\/","title":{"rendered":"Color range"},"content":{"rendered":"<div data-elementor-type=\"wp-page\" data-elementor-id=\"4664\" class=\"elementor elementor-4664\">\n\t\t\t\t<div class=\"elementor-element elementor-element-c2d7643 e-flex e-con-boxed e-con e-parent\" data-id=\"c2d7643\" data-element_type=\"container\">\n\t\t\t\t\t<div class=\"e-con-inner\">\n\t\t\t\t<div class=\"elementor-element elementor-element-5605abc elementor-widget elementor-widget-heading\" data-id=\"5605abc\" data-element_type=\"widget\" data-widget_type=\"heading.default\">\n\t\t\t\t<div class=\"elementor-widget-container\">\n\t\t\t<h2 class=\"elementor-heading-title elementor-size-default\">Color Spectrum<\/h2>\t\t<\/div>\n\t\t\t\t<\/div>\n\t\t\t\t\t<\/div>\n\t\t\t\t<\/div>\n\t\t<div class=\"elementor-element elementor-element-a32d9a8 e-flex e-con-boxed e-con e-parent\" data-id=\"a32d9a8\" data-element_type=\"container\">\n\t\t\t\t\t<div class=\"e-con-inner\">\n\t\t\t\t<div class=\"elementor-element elementor-element-63619ce elementor-widget elementor-widget-text-editor\" data-id=\"63619ce\" data-element_type=\"widget\" data-widget_type=\"text-editor.default\">\n\t\t\t\t<div class=\"elementor-widget-container\">\n\t\t\t\t\t\t\t<p>Colored doors and windows give a special beauty to everyone's home. The VEKA company offers a wide range of \"wood\" colors and structures that can satisfy the taste of those who demand more. You can choose the color of the window in accordance with the color of the facade of your house or building. The color strips can be placed on one or both sides and allow countless combinations, if you want the color of the inside of the window to be different from the outside. <a href=\"https:\/\/danteshpk.al\/wp-content\/uploads\/2024\/03\/Spektri-i-Ngjyrave.pdf\"><strong>Color Spectrum ( download pdf )<\/strong><\/a><\/p>\t\t\t\t\t\t<\/div>\n\t\t\t\t<\/div>\n\t\t\t\t\t<\/div>\n\t\t\t\t<\/div>\n\t\t<div class=\"elementor-element elementor-element-6f4f63e e-flex e-con-boxed e-con e-parent\" data-id=\"6f4f63e\" data-element_type=\"container\">\n\t\t\t\t\t<div class=\"e-con-inner\">\n\t\t\t\t<div class=\"elementor-element elementor-element-fd18e92 elementor-widget elementor-widget-heading\" data-id=\"fd18e92\" data-element_type=\"widget\" data-widget_type=\"heading.default\">\n\t\t\t\t<div class=\"elementor-widget-container\">\n\t\t\t<h2 class=\"elementor-heading-title elementor-size-default\">Instruction for proper cleaning and maintenance<\/h2>\t\t<\/div>\n\t\t\t\t<\/div>\n\t\t\t\t\t<\/div>\n\t\t\t\t<\/div>\n\t\t<div class=\"elementor-element elementor-element-11d71ab e-flex e-con-boxed e-con e-parent\" data-id=\"11d71ab\" data-element_type=\"container\">\n\t\t\t\t\t<div class=\"e-con-inner\">\n\t\t\t\t<div class=\"elementor-element elementor-element-c1a3b45 elementor-widget elementor-widget-text-editor\" data-id=\"c1a3b45\" data-element_type=\"widget\" data-widget_type=\"text-editor.default\">\n\t\t\t\t<div class=\"elementor-widget-container\">\n\t\t\t\t\t\t\t<p>VEKA high-quality profiles are more durable, while the smooth layer is extremely stable against all climatic influences. In order to maintain and enjoy the attractive appearance of your windows, doors and shutters for many years without much effort, it is necessary to adhere to the instructions for cleaning and maintenance. What products to use for cleaning?<\/p><p>\u2022 The most ideal product for cleaning profiles is a soft cloth, lukewarm water and pH-neutral soap-based cleaning agent, colorless and non-aromatic recommended. More often than not, regular cleaning with lukewarm water is enough.<\/p><p>\u2022 In case of coarse dirt, specially verified agents for cleaning PVC-profiles, similar to the one in the VEKA cleaning package, should be used.<\/p><p>\u2022 In no way is it allowed to use abrasive agents or rough sponges, rags or brushes for abrasion or rubbing.<\/p><p>\u2022 The application of solvents and acidic liquids is also not allowed. These agents can cause permanent damage to the surface of the profile.<\/p><p>\u2022 Do not use steam cleaners, as the steam can soften the PVC.<\/p>\t\t\t\t\t\t<\/div>\n\t\t\t\t<\/div>\n\t\t\t\t\t<\/div>\n\t\t\t\t<\/div>\n\t\t<div class=\"elementor-element elementor-element-3c9149d e-flex e-con-boxed e-con e-parent\" data-id=\"3c9149d\" data-element_type=\"container\">\n\t\t\t\t\t<div class=\"e-con-inner\">\n\t\t\t\t<div class=\"elementor-element elementor-element-c49383a elementor-widget elementor-widget-heading\" data-id=\"c49383a\" data-element_type=\"widget\" data-widget_type=\"heading.default\">\n\t\t\t\t<div class=\"elementor-widget-container\">\n\t\t\t<h2 class=\"elementor-heading-title elementor-size-default\">How is cleaning done?<\/h2>\t\t<\/div>\n\t\t\t\t<\/div>\n\t\t\t\t\t<\/div>\n\t\t\t\t<\/div>\n\t\t<div class=\"elementor-element elementor-element-efd83a4 e-flex e-con-boxed e-con e-parent\" data-id=\"efd83a4\" data-element_type=\"container\">\n\t\t\t\t\t<div class=\"e-con-inner\">\n\t\t\t\t<div class=\"elementor-element elementor-element-96b0553 elementor-widget elementor-widget-text-editor\" data-id=\"96b0553\" data-element_type=\"widget\" data-widget_type=\"text-editor.default\">\n\t\t\t\t<div class=\"elementor-widget-container\">\n\t\t\t\t\t\t\t<p>\u00a0Cleaning is necessary whenever visible stains appear on the surface of the profile. Otherwise, dirty layers in contact with raindrops can leave permanent damage.<\/p><p>\u2022 Most cleaning agents do not pose a risk during brief contact with the profile, but prolonged exposure can cause damage. Therefore, it is very important that after cleaning you wash the profiles with clean water to remove all residues of the cleaning agent. It is also necessary to have an urgent cleaning after a short contact with the tanning cream, otherwise you may have permanent and visible changes in the surface of the profile.<\/p><p>\u2022 From the beginning, always use an adequate cleaning agent and a soft cloth. Damage caused by incorrect cleaning is usually visible only after a long period of time, so a quick test in some hidden place of the profile surface does not make sense. <strong><a href=\"https:\/\/danteshpk.al\/wp-content\/uploads\/2024\/03\/Udhezime-per-mirembajtje.pdf\">Maintenance instructions ( download pdf )<\/a><\/strong><\/p>\t\t\t\t\t\t<\/div>\n\t\t\t\t<\/div>\n\t\t\t\t\t<\/div>\n\t\t\t\t<\/div>\n\t\t<div class=\"elementor-element elementor-element-ff29f1a e-flex e-con-boxed e-con e-parent\" data-id=\"ff29f1a\" data-element_type=\"container\">\n\t\t\t\t\t<div class=\"e-con-inner\">\n\t\t\t\t<div class=\"elementor-element elementor-element-26e9300 elementor-widget elementor-widget-heading\" data-id=\"26e9300\" data-element_type=\"widget\" data-widget_type=\"heading.default\">\n\t\t\t\t<div class=\"elementor-widget-container\">\n\t\t\t<h2 class=\"elementor-heading-title elementor-size-default\">Features of the VEKA profile.<\/h2>\t\t<\/div>\n\t\t\t\t<\/div>\n\t\t\t\t\t<\/div>\n\t\t\t\t<\/div>\n\t\t<div class=\"elementor-element elementor-element-7cfaf06 e-flex e-con-boxed e-con e-parent\" data-id=\"7cfaf06\" data-element_type=\"container\">\n\t\t\t\t\t<div class=\"e-con-inner\">\n\t\t<div class=\"elementor-element elementor-element-193f9e1 e-con-full e-flex e-con e-child\" data-id=\"193f9e1\" data-element_type=\"container\">\n\t\t\t\t<div class=\"elementor-element elementor-element-2d9c8a9 elementor-widget elementor-widget-image\" data-id=\"2d9c8a9\" data-element_type=\"widget\" data-widget_type=\"image.default\">\n\t\t\t\t<div class=\"elementor-widget-container\">\n\t\t\t\t\t\t\t\t\t\t\t\t\t<img decoding=\"async\" width=\"50\" height=\"89\" src=\"https:\/\/danteshpk.al\/wp-content\/uploads\/2024\/03\/Foto-3-1.png\" class=\"attachment-large size-large wp-image-4411\" alt=\"\" \/>\t\t\t\t\t\t\t\t\t\t\t\t\t<\/div>\n\t\t\t\t<\/div>\n\t\t\t\t<div class=\"elementor-element elementor-element-53c3b8c elementor-widget elementor-widget-heading\" data-id=\"53c3b8c\" data-element_type=\"widget\" data-widget_type=\"heading.default\">\n\t\t\t\t<div class=\"elementor-widget-container\">\n\t\t\t<h5 class=\"elementor-heading-title elementor-size-default\">Energy efficiency<\/h5>\t\t<\/div>\n\t\t\t\t<\/div>\n\t\t<div class=\"elementor-element elementor-element-ed21c32 e-flex e-con-boxed e-con e-child\" data-id=\"ed21c32\" data-element_type=\"container\">\n\t\t\t\t\t<div class=\"e-con-inner\">\n\t\t\t\t<div class=\"elementor-element elementor-element-b8e48c0 elementor-widget elementor-widget-text-editor\" data-id=\"b8e48c0\" data-element_type=\"widget\" data-widget_type=\"text-editor.default\">\n\t\t\t\t<div class=\"elementor-widget-container\">\n\t\t\t\t\t\t\t<p>Durable multi-room systems with excellent insulation properties.<\/p>\t\t\t\t\t\t<\/div>\n\t\t\t\t<\/div>\n\t\t\t\t\t<\/div>\n\t\t\t\t<\/div>\n\t\t\t\t<\/div>\n\t\t<div class=\"elementor-element elementor-element-df92eb1 e-con-full e-flex e-con e-child\" data-id=\"df92eb1\" data-element_type=\"container\">\n\t\t\t\t<div class=\"elementor-element elementor-element-3fc28ab elementor-widget elementor-widget-image\" data-id=\"3fc28ab\" data-element_type=\"widget\" data-widget_type=\"image.default\">\n\t\t\t\t<div class=\"elementor-widget-container\">\n\t\t\t\t\t\t\t\t\t\t\t\t\t<img decoding=\"async\" width=\"100\" height=\"86\" src=\"https:\/\/danteshpk.al\/wp-content\/uploads\/2024\/03\/Foto-1-1.png\" class=\"attachment-large size-large wp-image-4406\" alt=\"\" \/>\t\t\t\t\t\t\t\t\t\t\t\t\t<\/div>\n\t\t\t\t<\/div>\n\t\t\t\t<div class=\"elementor-element elementor-element-a669308 elementor-widget elementor-widget-heading\" data-id=\"a669308\" data-element_type=\"widget\" data-widget_type=\"heading.default\">\n\t\t\t\t<div class=\"elementor-widget-container\">\n\t\t\t<h5 class=\"elementor-heading-title elementor-size-default\">Noise protection<\/h5>\t\t<\/div>\n\t\t\t\t<\/div>\n\t\t<div class=\"elementor-element elementor-element-4b2f1fa e-flex e-con-boxed e-con e-child\" data-id=\"4b2f1fa\" data-element_type=\"container\">\n\t\t\t\t\t<div class=\"e-con-inner\">\n\t\t\t\t<div class=\"elementor-element elementor-element-fdd4142 elementor-widget elementor-widget-text-editor\" data-id=\"fdd4142\" data-element_type=\"widget\" data-widget_type=\"text-editor.default\">\n\t\t\t\t<div class=\"elementor-widget-container\">\n\t\t\t\t\t\t\t<p>High sound insulation ensures peace and quiet in your home.<\/p>\t\t\t\t\t\t<\/div>\n\t\t\t\t<\/div>\n\t\t\t\t\t<\/div>\n\t\t\t\t<\/div>\n\t\t\t\t<\/div>\n\t\t<div class=\"elementor-element elementor-element-2771472 e-con-full e-flex e-con e-child\" data-id=\"2771472\" data-element_type=\"container\">\n\t\t\t\t<div class=\"elementor-element elementor-element-847a9ab elementor-widget elementor-widget-image\" data-id=\"847a9ab\" data-element_type=\"widget\" data-widget_type=\"image.default\">\n\t\t\t\t<div class=\"elementor-widget-container\">\n\t\t\t\t\t\t\t\t\t\t\t\t\t<img decoding=\"async\" width=\"100\" height=\"88\" src=\"https:\/\/danteshpk.al\/wp-content\/uploads\/2024\/03\/Foto-2.png\" class=\"attachment-large size-large wp-image-4407\" alt=\"\" \/>\t\t\t\t\t\t\t\t\t\t\t\t\t<\/div>\n\t\t\t\t<\/div>\n\t\t\t\t<div class=\"elementor-element elementor-element-db0662f elementor-widget elementor-widget-heading\" data-id=\"db0662f\" data-element_type=\"widget\" data-widget_type=\"heading.default\">\n\t\t\t\t<div class=\"elementor-widget-container\">\n\t\t\t<h5 class=\"elementor-heading-title elementor-size-default\">Design and durability<\/h5>\t\t<\/div>\n\t\t\t\t<\/div>\n\t\t<div class=\"elementor-element elementor-element-2475a0f e-flex e-con-boxed e-con e-child\" data-id=\"2475a0f\" data-element_type=\"container\">\n\t\t\t\t\t<div class=\"e-con-inner\">\n\t\t\t\t<div class=\"elementor-element elementor-element-0e9dfde elementor-widget elementor-widget-text-editor\" data-id=\"0e9dfde\" data-element_type=\"widget\" data-widget_type=\"text-editor.default\">\n\t\t\t\t<div class=\"elementor-widget-container\">\n\t\t\t\t\t\t\t<p>High quality PVC, resistant to environmental influences, smooth surface in the desired color and pattern.<\/p>\t\t\t\t\t\t<\/div>\n\t\t\t\t<\/div>\n\t\t\t\t\t<\/div>\n\t\t\t\t<\/div>\n\t\t\t\t<\/div>\n\t\t<div class=\"elementor-element elementor-element-3f52182 e-con-full e-flex e-con e-child\" data-id=\"3f52182\" data-element_type=\"container\">\n\t\t\t\t<div class=\"elementor-element elementor-element-3d68a61 elementor-widget elementor-widget-image\" data-id=\"3d68a61\" data-element_type=\"widget\" data-widget_type=\"image.default\">\n\t\t\t\t<div class=\"elementor-widget-container\">\n\t\t\t\t\t\t\t\t\t\t\t\t\t<img loading=\"lazy\" decoding=\"async\" width=\"90\" height=\"90\" src=\"https:\/\/danteshpk.al\/wp-content\/uploads\/2024\/03\/Foto-4-1.png\" class=\"attachment-large size-large wp-image-4412\" alt=\"\" \/>\t\t\t\t\t\t\t\t\t\t\t\t\t<\/div>\n\t\t\t\t<\/div>\n\t\t\t\t<div class=\"elementor-element elementor-element-4c3ee89 elementor-widget elementor-widget-heading\" data-id=\"4c3ee89\" data-element_type=\"widget\" data-widget_type=\"heading.default\">\n\t\t\t\t<div class=\"elementor-widget-container\">\n\t\t\t<h5 class=\"elementor-heading-title elementor-size-default\">Strength and reliability<\/h5>\t\t<\/div>\n\t\t\t\t<\/div>\n\t\t<div class=\"elementor-element elementor-element-0a85e8f e-flex e-con-boxed e-con e-child\" data-id=\"0a85e8f\" data-element_type=\"container\">\n\t\t\t\t\t<div class=\"e-con-inner\">\n\t\t\t\t<div class=\"elementor-element elementor-element-7b11da7 elementor-widget elementor-widget-text-editor\" data-id=\"7b11da7\" data-element_type=\"widget\" data-widget_type=\"text-editor.default\">\n\t\t\t\t<div class=\"elementor-widget-container\">\n\t\t\t\t\t\t\t<main class=\"main__content\"><div class=\"main__section\"><div class=\"container\"><div class=\"main__section-body js-advantageSwiper\"><div class=\"swiper-container swiper-container-horizontal\"><div class=\"swiper-wrapper\"><div class=\"swiper-slide\"><div class=\"advantage-elem\"><p>The use of special steel reinforcement ensures high structural stability.<\/p><\/div><\/div><\/div><\/div><\/div><\/div><\/div><\/main><footer class=\"footer\"><div class=\"footer__top\"><div class=\"container\">\u00a0<\/div><\/div><\/footer>\t\t\t\t\t\t<\/div>\n\t\t\t\t<\/div>\n\t\t\t\t\t<\/div>\n\t\t\t\t<\/div>\n\t\t\t\t<\/div>\n\t\t\t\t\t<\/div>\n\t\t\t\t<\/div>\n\t\t\t\t<\/div>","protected":false},"excerpt":{"rendered":"<p>Spektri i Ngjyrave Dyert dhe dritaret me ngjyra u japin nj\u00eb bukuri t\u00eb ve\u00e7ant\u00eb sht\u00ebpis\u00eb s\u00eb t\u00eb gjith\u00ebve. Kompania VEKA ofron nj\u00eb gam\u00eb t\u00eb gjer\u00eb t\u00eb ngjyrave dhe strukturave t\u00eb &#8220;drurit&#8221; q\u00eb mund [&hellip;]<\/p>","protected":false},"author":1,"featured_media":0,"parent":0,"menu_order":0,"comment_status":"closed","ping_status":"closed","template":"","meta":{"footnotes":""},"class_list":["post-4664","page","type-page","status-publish","hentry"],"yoast_head":"<!-- This site is optimized with the Yoast SEO plugin v24.0 - https:\/\/yoast.com\/wordpress\/plugins\/seo\/ -->\n<title>Gama e ngjyrave - Dante shpk<\/title>\n<meta name=\"description\" content=\"Ju mund t\u00eb zgjidhni ngjyr\u00ebn e dritares n\u00eb p\u00ebrputhje me ngjyr\u00ebn e fasad\u00ebs s\u00eb sht\u00ebpis\u00eb tuaj ose nd\u00ebrtes\u00ebs. Shirit\u00ebt e ngjyrave mund t\u00eb vendosen n\u00eb nj\u00eb ose t\u00eb dyja an\u00ebt dhe lejojn\u00eb nj\u00eb kombinim t\u00eb panum\u00ebrt, n\u00ebse d\u00ebshironi q\u00eb ngjyra e brend\u00ebsis\u00eb s\u00eb dritares t\u00eb jet\u00eb e ndryshme nga jasht\u00eb.\" \/>\n<meta name=\"robots\" content=\"index, follow, max-snippet:-1, max-image-preview:large, max-video-preview:-1\" \/>\n<link rel=\"canonical\" href=\"https:\/\/danteshpk.al\/en\/gama-e-ngjyrave\/\" \/>\n<meta property=\"og:locale\" content=\"en_US\" \/>\n<meta property=\"og:type\" content=\"article\" \/>\n<meta property=\"og:title\" content=\"Gama e ngjyrave - Dante shpk\" \/>\n<meta property=\"og:description\" content=\"Ju mund t\u00eb zgjidhni ngjyr\u00ebn e dritares n\u00eb p\u00ebrputhje me ngjyr\u00ebn e fasad\u00ebs s\u00eb sht\u00ebpis\u00eb tuaj ose nd\u00ebrtes\u00ebs. Shirit\u00ebt e ngjyrave mund t\u00eb vendosen n\u00eb nj\u00eb ose t\u00eb dyja an\u00ebt dhe lejojn\u00eb nj\u00eb kombinim t\u00eb panum\u00ebrt, n\u00ebse d\u00ebshironi q\u00eb ngjyra e brend\u00ebsis\u00eb s\u00eb dritares t\u00eb jet\u00eb e ndryshme nga jasht\u00eb.\" \/>\n<meta property=\"og:url\" content=\"https:\/\/danteshpk.al\/en\/gama-e-ngjyrave\/\" \/>\n<meta property=\"og:site_name\" content=\"Dante shpk\" \/>\n<meta property=\"article:publisher\" content=\"https:\/\/www.facebook.com\/profile.php?id=100066746433407\" \/>\n<meta property=\"article:modified_time\" content=\"2024-03-16T23:50:00+00:00\" \/>\n<meta property=\"og:image\" content=\"https:\/\/danteshpk.al\/wp-content\/uploads\/2024\/03\/Foto-3-1.png\" \/>\n<meta name=\"twitter:card\" content=\"summary_large_image\" \/>\n<meta name=\"twitter:label1\" content=\"Est. reading time\" \/>\n\t<meta name=\"twitter:data1\" content=\"4 minutes\" \/>\n<script type=\"application\/ld+json\" class=\"yoast-schema-graph\">{\"@context\":\"https:\/\/schema.org\",\"@graph\":[{\"@type\":\"WebPage\",\"@id\":\"https:\/\/danteshpk.al\/gama-e-ngjyrave\/\",\"url\":\"https:\/\/danteshpk.al\/gama-e-ngjyrave\/\",\"name\":\"Gama e ngjyrave - Dante shpk\",\"isPartOf\":{\"@id\":\"https:\/\/danteshpk.al\/#website\"},\"primaryImageOfPage\":{\"@id\":\"https:\/\/danteshpk.al\/gama-e-ngjyrave\/#primaryimage\"},\"image\":{\"@id\":\"https:\/\/danteshpk.al\/gama-e-ngjyrave\/#primaryimage\"},\"thumbnailUrl\":\"https:\/\/danteshpk.al\/wp-content\/uploads\/2024\/03\/Foto-3-1.png\",\"datePublished\":\"2024-03-10T22:39:03+00:00\",\"dateModified\":\"2024-03-16T23:50:00+00:00\",\"description\":\"Ju mund t\u00eb zgjidhni ngjyr\u00ebn e dritares n\u00eb p\u00ebrputhje me ngjyr\u00ebn e fasad\u00ebs s\u00eb sht\u00ebpis\u00eb tuaj ose nd\u00ebrtes\u00ebs. Shirit\u00ebt e ngjyrave mund t\u00eb vendosen n\u00eb nj\u00eb ose t\u00eb dyja an\u00ebt dhe lejojn\u00eb nj\u00eb kombinim t\u00eb panum\u00ebrt, n\u00ebse d\u00ebshironi q\u00eb ngjyra e brend\u00ebsis\u00eb s\u00eb dritares t\u00eb jet\u00eb e ndryshme nga jasht\u00eb.\",\"breadcrumb\":{\"@id\":\"https:\/\/danteshpk.al\/gama-e-ngjyrave\/#breadcrumb\"},\"inLanguage\":\"en-US\",\"potentialAction\":[{\"@type\":\"ReadAction\",\"target\":[\"https:\/\/danteshpk.al\/gama-e-ngjyrave\/\"]}]},{\"@type\":\"ImageObject\",\"inLanguage\":\"en-US\",\"@id\":\"https:\/\/danteshpk.al\/gama-e-ngjyrave\/#primaryimage\",\"url\":\"https:\/\/danteshpk.al\/wp-content\/uploads\/2024\/03\/Foto-3-1.png\",\"contentUrl\":\"https:\/\/danteshpk.al\/wp-content\/uploads\/2024\/03\/Foto-3-1.png\"},{\"@type\":\"BreadcrumbList\",\"@id\":\"https:\/\/danteshpk.al\/gama-e-ngjyrave\/#breadcrumb\",\"itemListElement\":[{\"@type\":\"ListItem\",\"position\":1,\"name\":\"Home\",\"item\":\"https:\/\/danteshpk.al\/\"},{\"@type\":\"ListItem\",\"position\":2,\"name\":\"Gama e ngjyrave\"}]},{\"@type\":\"WebSite\",\"@id\":\"https:\/\/danteshpk.al\/#website\",\"url\":\"https:\/\/danteshpk.al\/\",\"name\":\"Dante shpk\",\"description\":\"\",\"publisher\":{\"@id\":\"https:\/\/danteshpk.al\/#organization\"},\"potentialAction\":[{\"@type\":\"SearchAction\",\"target\":{\"@type\":\"EntryPoint\",\"urlTemplate\":\"https:\/\/danteshpk.al\/?s={search_term_string}\"},\"query-input\":{\"@type\":\"PropertyValueSpecification\",\"valueRequired\":true,\"valueName\":\"search_term_string\"}}],\"inLanguage\":\"en-US\"},{\"@type\":\"Organization\",\"@id\":\"https:\/\/danteshpk.al\/#organization\",\"name\":\"Dante shpk\",\"url\":\"https:\/\/danteshpk.al\/\",\"logo\":{\"@type\":\"ImageObject\",\"inLanguage\":\"en-US\",\"@id\":\"https:\/\/danteshpk.al\/#\/schema\/logo\/image\/\",\"url\":\"https:\/\/danteshpk.al\/wp-content\/uploads\/2024\/03\/0001-Dante-Shpk-Veka-Logo-Png-1.png\",\"contentUrl\":\"https:\/\/danteshpk.al\/wp-content\/uploads\/2024\/03\/0001-Dante-Shpk-Veka-Logo-Png-1.png\",\"width\":518,\"height\":314,\"caption\":\"Dante shpk\"},\"image\":{\"@id\":\"https:\/\/danteshpk.al\/#\/schema\/logo\/image\/\"},\"sameAs\":[\"https:\/\/www.facebook.com\/profile.php?id=100066746433407\",\"https:\/\/konsulencemarketing.com\/biznesi\/dante-shpk-veka\/\"]}]}<\/script>\n<!-- \/ Yoast SEO plugin. -->","yoast_head_json":{"title":"Gama e ngjyrave - Dante shpk","description":"Ju mund t\u00eb zgjidhni ngjyr\u00ebn e dritares n\u00eb p\u00ebrputhje me ngjyr\u00ebn e fasad\u00ebs s\u00eb sht\u00ebpis\u00eb tuaj ose nd\u00ebrtes\u00ebs. Shirit\u00ebt e ngjyrave mund t\u00eb vendosen n\u00eb nj\u00eb ose t\u00eb dyja an\u00ebt dhe lejojn\u00eb nj\u00eb kombinim t\u00eb panum\u00ebrt, n\u00ebse d\u00ebshironi q\u00eb ngjyra e brend\u00ebsis\u00eb s\u00eb dritares t\u00eb jet\u00eb e ndryshme nga jasht\u00eb.","robots":{"index":"index","follow":"follow","max-snippet":"max-snippet:-1","max-image-preview":"max-image-preview:large","max-video-preview":"max-video-preview:-1"},"canonical":"https:\/\/danteshpk.al\/en\/gama-e-ngjyrave\/","og_locale":"en_US","og_type":"article","og_title":"Gama e ngjyrave - Dante shpk","og_description":"Ju mund t\u00eb zgjidhni ngjyr\u00ebn e dritares n\u00eb p\u00ebrputhje me ngjyr\u00ebn e fasad\u00ebs s\u00eb sht\u00ebpis\u00eb tuaj ose nd\u00ebrtes\u00ebs. Shirit\u00ebt e ngjyrave mund t\u00eb vendosen n\u00eb nj\u00eb ose t\u00eb dyja an\u00ebt dhe lejojn\u00eb nj\u00eb kombinim t\u00eb panum\u00ebrt, n\u00ebse d\u00ebshironi q\u00eb ngjyra e brend\u00ebsis\u00eb s\u00eb dritares t\u00eb jet\u00eb e ndryshme nga jasht\u00eb.","og_url":"https:\/\/danteshpk.al\/en\/gama-e-ngjyrave\/","og_site_name":"Dante shpk","article_publisher":"https:\/\/www.facebook.com\/profile.php?id=100066746433407","article_modified_time":"2024-03-16T23:50:00+00:00","og_image":[{"url":"https:\/\/danteshpk.al\/wp-content\/uploads\/2024\/03\/Foto-3-1.png","type":"","width":"","height":""}],"twitter_card":"summary_large_image","twitter_misc":{"Est. reading time":"4 minutes"},"schema":{"@context":"https:\/\/schema.org","@graph":[{"@type":"WebPage","@id":"https:\/\/danteshpk.al\/gama-e-ngjyrave\/","url":"https:\/\/danteshpk.al\/gama-e-ngjyrave\/","name":"Gama e ngjyrave - Dante shpk","isPartOf":{"@id":"https:\/\/danteshpk.al\/#website"},"primaryImageOfPage":{"@id":"https:\/\/danteshpk.al\/gama-e-ngjyrave\/#primaryimage"},"image":{"@id":"https:\/\/danteshpk.al\/gama-e-ngjyrave\/#primaryimage"},"thumbnailUrl":"https:\/\/danteshpk.al\/wp-content\/uploads\/2024\/03\/Foto-3-1.png","datePublished":"2024-03-10T22:39:03+00:00","dateModified":"2024-03-16T23:50:00+00:00","description":"Ju mund t\u00eb zgjidhni ngjyr\u00ebn e dritares n\u00eb p\u00ebrputhje me ngjyr\u00ebn e fasad\u00ebs s\u00eb sht\u00ebpis\u00eb tuaj ose nd\u00ebrtes\u00ebs. Shirit\u00ebt e ngjyrave mund t\u00eb vendosen n\u00eb nj\u00eb ose t\u00eb dyja an\u00ebt dhe lejojn\u00eb nj\u00eb kombinim t\u00eb panum\u00ebrt, n\u00ebse d\u00ebshironi q\u00eb ngjyra e brend\u00ebsis\u00eb s\u00eb dritares t\u00eb jet\u00eb e ndryshme nga jasht\u00eb.","breadcrumb":{"@id":"https:\/\/danteshpk.al\/gama-e-ngjyrave\/#breadcrumb"},"inLanguage":"en-US","potentialAction":[{"@type":"ReadAction","target":["https:\/\/danteshpk.al\/gama-e-ngjyrave\/"]}]},{"@type":"ImageObject","inLanguage":"en-US","@id":"https:\/\/danteshpk.al\/gama-e-ngjyrave\/#primaryimage","url":"https:\/\/danteshpk.al\/wp-content\/uploads\/2024\/03\/Foto-3-1.png","contentUrl":"https:\/\/danteshpk.al\/wp-content\/uploads\/2024\/03\/Foto-3-1.png"},{"@type":"BreadcrumbList","@id":"https:\/\/danteshpk.al\/gama-e-ngjyrave\/#breadcrumb","itemListElement":[{"@type":"ListItem","position":1,"name":"Home","item":"https:\/\/danteshpk.al\/"},{"@type":"ListItem","position":2,"name":"Gama e ngjyrave"}]},{"@type":"WebSite","@id":"https:\/\/danteshpk.al\/#website","url":"https:\/\/danteshpk.al\/","name":"Dante shpk","description":"","publisher":{"@id":"https:\/\/danteshpk.al\/#organization"},"potentialAction":[{"@type":"SearchAction","target":{"@type":"EntryPoint","urlTemplate":"https:\/\/danteshpk.al\/?s={search_term_string}"},"query-input":{"@type":"PropertyValueSpecification","valueRequired":true,"valueName":"search_term_string"}}],"inLanguage":"en-US"},{"@type":"Organization","@id":"https:\/\/danteshpk.al\/#organization","name":"Dante shpk","url":"https:\/\/danteshpk.al\/","logo":{"@type":"ImageObject","inLanguage":"en-US","@id":"https:\/\/danteshpk.al\/#\/schema\/logo\/image\/","url":"https:\/\/danteshpk.al\/wp-content\/uploads\/2024\/03\/0001-Dante-Shpk-Veka-Logo-Png-1.png","contentUrl":"https:\/\/danteshpk.al\/wp-content\/uploads\/2024\/03\/0001-Dante-Shpk-Veka-Logo-Png-1.png","width":518,"height":314,"caption":"Dante shpk"},"image":{"@id":"https:\/\/danteshpk.al\/#\/schema\/logo\/image\/"},"sameAs":["https:\/\/www.facebook.com\/profile.php?id=100066746433407","https:\/\/konsulencemarketing.com\/biznesi\/dante-shpk-veka\/"]}]}},"_links":{"self":[{"href":"https:\/\/danteshpk.al\/en\/wp-json\/wp\/v2\/pages\/4664","targetHints":{"allow":["GET"]}}],"collection":[{"href":"https:\/\/danteshpk.al\/en\/wp-json\/wp\/v2\/pages"}],"about":[{"href":"https:\/\/danteshpk.al\/en\/wp-json\/wp\/v2\/types\/page"}],"author":[{"embeddable":true,"href":"https:\/\/danteshpk.al\/en\/wp-json\/wp\/v2\/users\/1"}],"replies":[{"embeddable":true,"href":"https:\/\/danteshpk.al\/en\/wp-json\/wp\/v2\/comments?post=4664"}],"version-history":[{"count":10,"href":"https:\/\/danteshpk.al\/en\/wp-json\/wp\/v2\/pages\/4664\/revisions"}],"predecessor-version":[{"id":4753,"href":"https:\/\/danteshpk.al\/en\/wp-json\/wp\/v2\/pages\/4664\/revisions\/4753"}],"wp:attachment":[{"href":"https:\/\/danteshpk.al\/en\/wp-json\/wp\/v2\/media?parent=4664"}],"curies":[{"name":"wp","href":"https:\/\/api.w.org\/{rel}","templated":true}]}}