{"id":4666,"date":"2024-03-10T22:39:52","date_gmt":"2024-03-10T22:39:52","guid":{"rendered":"https:\/\/danteshpk.al\/?page_id=4666"},"modified":"2024-03-16T23:50:58","modified_gmt":"2024-03-16T23:50:58","slug":"veka-spectral","status":"publish","type":"page","link":"https:\/\/danteshpk.al\/en\/veka-spectral\/","title":{"rendered":"Veka Spectral"},"content":{"rendered":"<div data-elementor-type=\"wp-page\" data-elementor-id=\"4666\" class=\"elementor elementor-4666\">\n\t\t\t\t<div class=\"elementor-element elementor-element-1b1f334 e-flex e-con-boxed e-con e-parent\" data-id=\"1b1f334\" data-element_type=\"container\">\n\t\t\t\t\t<div class=\"e-con-inner\">\n\t\t\t\t<div class=\"elementor-element elementor-element-5d1937e elementor-widget elementor-widget-heading\" data-id=\"5d1937e\" data-element_type=\"widget\" data-widget_type=\"heading.default\">\n\t\t\t\t<div class=\"elementor-widget-container\">\n\t\t\t<h2 class=\"elementor-heading-title elementor-size-default\">High color art and perfect surface<\/h2>\t\t<\/div>\n\t\t\t\t<\/div>\n\t\t\t\t\t<\/div>\n\t\t\t\t<\/div>\n\t\t<div class=\"elementor-element elementor-element-1ac9d3e e-flex e-con-boxed e-con e-parent\" data-id=\"1ac9d3e\" data-element_type=\"container\">\n\t\t\t\t\t<div class=\"e-con-inner\">\n\t\t\t\t<div class=\"elementor-element elementor-element-1ab35d8 elementor-widget elementor-widget-image\" data-id=\"1ab35d8\" data-element_type=\"widget\" data-widget_type=\"image.default\">\n\t\t\t\t<div class=\"elementor-widget-container\">\n\t\t\t\t\t\t\t\t\t\t\t\t\t<img fetchpriority=\"high\" decoding=\"async\" width=\"460\" height=\"307\" src=\"https:\/\/danteshpk.al\/wp-content\/uploads\/2024\/03\/Unterseite-Spectral-Vitrine460x307.jpg\" class=\"attachment-large size-large wp-image-4754\" alt=\"\" srcset=\"https:\/\/danteshpk.al\/wp-content\/uploads\/2024\/03\/Unterseite-Spectral-Vitrine460x307.jpg 460w, https:\/\/danteshpk.al\/wp-content\/uploads\/2024\/03\/Unterseite-Spectral-Vitrine460x307-300x200.jpg 300w\" sizes=\"(max-width: 460px) 100vw, 460px\" \/>\t\t\t\t\t\t\t\t\t\t\t\t\t<\/div>\n\t\t\t\t<\/div>\n\t\t\t\t\t<\/div>\n\t\t\t\t<\/div>\n\t\t<div class=\"elementor-element elementor-element-dd87044 e-flex e-con-boxed e-con e-parent\" data-id=\"dd87044\" data-element_type=\"container\">\n\t\t\t\t\t<div class=\"e-con-inner\">\n\t\t\t\t<div class=\"elementor-element elementor-element-952280e elementor-widget elementor-widget-text-editor\" data-id=\"952280e\" data-element_type=\"widget\" data-widget_type=\"text-editor.default\">\n\t\t\t\t<div class=\"elementor-widget-container\">\n\t\t\t\t\t\t\t<p><strong>VEKA SPECTRAL<\/strong>\u00a0the first technology of the finished surface of the tested and proven quality of VEKA quality. Innovatively developed, the covered surface gives PVC windows a completely new aesthetic dimension.<\/p>\t\t\t\t\t\t<\/div>\n\t\t\t\t<\/div>\n\t\t\t\t\t<\/div>\n\t\t\t\t<\/div>\n\t\t<div class=\"elementor-element elementor-element-32d1fdb e-flex e-con-boxed e-con e-parent\" data-id=\"32d1fdb\" data-element_type=\"container\">\n\t\t\t\t\t<div class=\"e-con-inner\">\n\t\t\t\t<div class=\"elementor-element elementor-element-02d6c09 elementor-widget elementor-widget-text-editor\" data-id=\"02d6c09\" data-element_type=\"widget\" data-widget_type=\"text-editor.default\">\n\t\t\t\t<div class=\"elementor-widget-container\">\n\t\t\t\t\t\t\t<p><strong>VEKA SPECTRAL is proud of:<\/strong><\/p><ul><li class=\"nabroj\">Sophisticated design and modern colors with ultra-matte tones<\/li><li class=\"nabroj\">Unique velvet feel<\/li><li class=\"nabroj\">Excellent technical and mechanical properties of the product<\/li><li class=\"nabroj\">High level of durability<\/li><li class=\"nabroj\">Long lasting resistance and easy cleaning<\/li><li class=\"nabroj\">Advanced technology<\/li><li class=\"nabroj\">Perfect processing<\/li><\/ul>\t\t\t\t\t\t<\/div>\n\t\t\t\t<\/div>\n\t\t\t\t\t<\/div>\n\t\t\t\t<\/div>\n\t\t<div class=\"elementor-element elementor-element-f866e59 e-flex e-con-boxed e-con e-parent\" data-id=\"f866e59\" data-element_type=\"container\">\n\t\t\t\t\t<div class=\"e-con-inner\">\n\t\t\t\t<div class=\"elementor-element elementor-element-6ba0d92 elementor-widget elementor-widget-heading\" data-id=\"6ba0d92\" data-element_type=\"widget\" data-widget_type=\"heading.default\">\n\t\t\t\t<div class=\"elementor-widget-container\">\n\t\t\t<h2 class=\"elementor-heading-title elementor-size-default\">Currently available colors<\/h2>\t\t<\/div>\n\t\t\t\t<\/div>\n\t\t\t\t\t<\/div>\n\t\t\t\t<\/div>\n\t\t<div class=\"elementor-element elementor-element-8234874 e-flex e-con-boxed e-con e-parent\" data-id=\"8234874\" data-element_type=\"container\">\n\t\t\t\t\t<div class=\"e-con-inner\">\n\t\t\t\t<div class=\"elementor-element elementor-element-36a6f44 elementor-widget elementor-widget-image-gallery\" data-id=\"36a6f44\" data-element_type=\"widget\" data-widget_type=\"image-gallery.default\">\n\t\t\t\t<div class=\"elementor-widget-container\">\n\t\t\t\t\t<div class=\"elementor-image-gallery\">\n\t\t\t<div id='gallery-1' class='gallery galleryid-4666 gallery-columns-3 gallery-size-thumbnail'><dl class='gallery-item'>\n\t\t\t<div class='gallery-icon portrait'>\n\t\t\t\t<a data-elementor-open-lightbox=\"yes\" data-elementor-lightbox-slideshow=\"36a6f44\" data-elementor-lightbox-title=\"SPECTRAL_1\" data-e-action-hash=\"#elementor-action%3Aaction%3Dlightbox%26settings%3DeyJpZCI6NDc1OCwidXJsIjoiaHR0cHM6XC9cL2RhbnRlc2hway5hbFwvd3AtY29udGVudFwvdXBsb2Fkc1wvMjAyNFwvMDNcL1NQRUNUUkFMXzEuanBnIiwic2xpZGVzaG93IjoiMzZhNmY0NCJ9\" href='https:\/\/danteshpk.al\/wp-content\/uploads\/2024\/03\/SPECTRAL_1.jpg'><img decoding=\"async\" width=\"150\" height=\"150\" src=\"https:\/\/danteshpk.al\/wp-content\/uploads\/2024\/03\/SPECTRAL_1-150x150.jpg\" class=\"attachment-thumbnail size-thumbnail\" alt=\"\" aria-describedby=\"gallery-1-4758\" srcset=\"https:\/\/danteshpk.al\/wp-content\/uploads\/2024\/03\/SPECTRAL_1-150x150.jpg 150w, https:\/\/danteshpk.al\/wp-content\/uploads\/2024\/03\/SPECTRAL_1-300x300.jpg 300w, https:\/\/danteshpk.al\/wp-content\/uploads\/2024\/03\/SPECTRAL_1-100x100.jpg 100w, https:\/\/danteshpk.al\/wp-content\/uploads\/2024\/03\/SPECTRAL_1-50x50.jpg 50w\" sizes=\"(max-width: 150px) 100vw, 150px\" \/><\/a>\n\t\t\t<\/div>\n\t\t\t\t<dd class='wp-caption-text gallery-caption' id='gallery-1-4758'>\n\t\t\t\tanthrazit ultramatt\n\t\t\t\t<\/dd><\/dl><dl class='gallery-item'>\n\t\t\t<div class='gallery-icon portrait'>\n\t\t\t\t<a data-elementor-open-lightbox=\"yes\" data-elementor-lightbox-slideshow=\"36a6f44\" data-elementor-lightbox-title=\"SPECTRAL_2\" data-e-action-hash=\"#elementor-action%3Aaction%3Dlightbox%26settings%3DeyJpZCI6NDc1OSwidXJsIjoiaHR0cHM6XC9cL2RhbnRlc2hway5hbFwvd3AtY29udGVudFwvdXBsb2Fkc1wvMjAyNFwvMDNcL1NQRUNUUkFMXzIuanBnIiwic2xpZGVzaG93IjoiMzZhNmY0NCJ9\" href='https:\/\/danteshpk.al\/wp-content\/uploads\/2024\/03\/SPECTRAL_2.jpg'><img decoding=\"async\" width=\"150\" height=\"150\" src=\"https:\/\/danteshpk.al\/wp-content\/uploads\/2024\/03\/SPECTRAL_2-150x150.jpg\" class=\"attachment-thumbnail size-thumbnail\" alt=\"\" aria-describedby=\"gallery-1-4759\" srcset=\"https:\/\/danteshpk.al\/wp-content\/uploads\/2024\/03\/SPECTRAL_2-150x150.jpg 150w, https:\/\/danteshpk.al\/wp-content\/uploads\/2024\/03\/SPECTRAL_2-300x300.jpg 300w, https:\/\/danteshpk.al\/wp-content\/uploads\/2024\/03\/SPECTRAL_2-100x100.jpg 100w, https:\/\/danteshpk.al\/wp-content\/uploads\/2024\/03\/SPECTRAL_2-50x50.jpg 50w\" sizes=\"(max-width: 150px) 100vw, 150px\" \/><\/a>\n\t\t\t<\/div>\n\t\t\t\t<dd class='wp-caption-text gallery-caption' id='gallery-1-4759'>\n\t\t\t\tfenstergrau ultramatt \n\t\t\t\t<\/dd><\/dl><dl class='gallery-item'>\n\t\t\t<div class='gallery-icon portrait'>\n\t\t\t\t<a data-elementor-open-lightbox=\"yes\" data-elementor-lightbox-slideshow=\"36a6f44\" data-elementor-lightbox-title=\"SPECTRAL_3\" data-e-action-hash=\"#elementor-action%3Aaction%3Dlightbox%26settings%3DeyJpZCI6NDc2MCwidXJsIjoiaHR0cHM6XC9cL2RhbnRlc2hway5hbFwvd3AtY29udGVudFwvdXBsb2Fkc1wvMjAyNFwvMDNcL1NQRUNUUkFMXzMuanBnIiwic2xpZGVzaG93IjoiMzZhNmY0NCJ9\" href='https:\/\/danteshpk.al\/wp-content\/uploads\/2024\/03\/SPECTRAL_3.jpg'><img loading=\"lazy\" decoding=\"async\" width=\"150\" height=\"150\" src=\"https:\/\/danteshpk.al\/wp-content\/uploads\/2024\/03\/SPECTRAL_3-150x150.jpg\" class=\"attachment-thumbnail size-thumbnail\" alt=\"\" aria-describedby=\"gallery-1-4760\" srcset=\"https:\/\/danteshpk.al\/wp-content\/uploads\/2024\/03\/SPECTRAL_3-150x150.jpg 150w, https:\/\/danteshpk.al\/wp-content\/uploads\/2024\/03\/SPECTRAL_3-300x300.jpg 300w, https:\/\/danteshpk.al\/wp-content\/uploads\/2024\/03\/SPECTRAL_3-100x100.jpg 100w, https:\/\/danteshpk.al\/wp-content\/uploads\/2024\/03\/SPECTRAL_3-50x50.jpg 50w\" sizes=\"(max-width: 150px) 100vw, 150px\" \/><\/a>\n\t\t\t<\/div>\n\t\t\t\t<dd class='wp-caption-text gallery-caption' id='gallery-1-4760'>\n\t\t\t\tumbra ultramatt \n\t\t\t\t<\/dd><\/dl><dl class='gallery-item'>\n\t\t\t<div class='gallery-icon portrait'>\n\t\t\t\t<a data-elementor-open-lightbox=\"yes\" data-elementor-lightbox-slideshow=\"36a6f44\" data-elementor-lightbox-title=\"SPECTRAL_4\" data-e-action-hash=\"#elementor-action%3Aaction%3Dlightbox%26settings%3DeyJpZCI6NDc2MSwidXJsIjoiaHR0cHM6XC9cL2RhbnRlc2hway5hbFwvd3AtY29udGVudFwvdXBsb2Fkc1wvMjAyNFwvMDNcL1NQRUNUUkFMXzQuanBnIiwic2xpZGVzaG93IjoiMzZhNmY0NCJ9\" href='https:\/\/danteshpk.al\/wp-content\/uploads\/2024\/03\/SPECTRAL_4.jpg'><img loading=\"lazy\" decoding=\"async\" width=\"150\" height=\"150\" src=\"https:\/\/danteshpk.al\/wp-content\/uploads\/2024\/03\/SPECTRAL_4-150x150.jpg\" class=\"attachment-thumbnail size-thumbnail\" alt=\"\" aria-describedby=\"gallery-1-4761\" srcset=\"https:\/\/danteshpk.al\/wp-content\/uploads\/2024\/03\/SPECTRAL_4-150x150.jpg 150w, https:\/\/danteshpk.al\/wp-content\/uploads\/2024\/03\/SPECTRAL_4-300x300.jpg 300w, https:\/\/danteshpk.al\/wp-content\/uploads\/2024\/03\/SPECTRAL_4-100x100.jpg 100w, https:\/\/danteshpk.al\/wp-content\/uploads\/2024\/03\/SPECTRAL_4-50x50.jpg 50w\" sizes=\"(max-width: 150px) 100vw, 150px\" \/><\/a>\n\t\t\t<\/div>\n\t\t\t\t<dd class='wp-caption-text gallery-caption' id='gallery-1-4761'>\n\t\t\t\tgraphitschwarz ultramatt \n\t\t\t\t<\/dd><\/dl><dl class='gallery-item'>\n\t\t\t<div class='gallery-icon portrait'>\n\t\t\t\t<a data-elementor-open-lightbox=\"yes\" data-elementor-lightbox-slideshow=\"36a6f44\" data-elementor-lightbox-title=\"SPECTRAL_9\" data-e-action-hash=\"#elementor-action%3Aaction%3Dlightbox%26settings%3DeyJpZCI6NDc2NSwidXJsIjoiaHR0cHM6XC9cL2RhbnRlc2hway5hbFwvd3AtY29udGVudFwvdXBsb2Fkc1wvMjAyNFwvMDNcL1NQRUNUUkFMXzkuanBnIiwic2xpZGVzaG93IjoiMzZhNmY0NCJ9\" href='https:\/\/danteshpk.al\/wp-content\/uploads\/2024\/03\/SPECTRAL_9.jpg'><img loading=\"lazy\" decoding=\"async\" width=\"150\" height=\"150\" src=\"https:\/\/danteshpk.al\/wp-content\/uploads\/2024\/03\/SPECTRAL_9-150x150.jpg\" class=\"attachment-thumbnail size-thumbnail\" alt=\"\" aria-describedby=\"gallery-1-4765\" srcset=\"https:\/\/danteshpk.al\/wp-content\/uploads\/2024\/03\/SPECTRAL_9-150x150.jpg 150w, https:\/\/danteshpk.al\/wp-content\/uploads\/2024\/03\/SPECTRAL_9-300x300.jpg 300w, https:\/\/danteshpk.al\/wp-content\/uploads\/2024\/03\/SPECTRAL_9-100x100.jpg 100w, https:\/\/danteshpk.al\/wp-content\/uploads\/2024\/03\/SPECTRAL_9-50x50.jpg 50w\" sizes=\"(max-width: 150px) 100vw, 150px\" \/><\/a>\n\t\t\t<\/div>\n\t\t\t\t<dd class='wp-caption-text gallery-caption' id='gallery-1-4765'>\n\t\t\t\tgraphitschwarz ultramatt \n\t\t\t\t<\/dd><\/dl><dl class='gallery-item'>\n\t\t\t<div class='gallery-icon portrait'>\n\t\t\t\t<a data-elementor-open-lightbox=\"yes\" data-elementor-lightbox-slideshow=\"36a6f44\" data-elementor-lightbox-title=\"SPECTRAL_6\" data-e-action-hash=\"#elementor-action%3Aaction%3Dlightbox%26settings%3DeyJpZCI6NDc2MiwidXJsIjoiaHR0cHM6XC9cL2RhbnRlc2hway5hbFwvd3AtY29udGVudFwvdXBsb2Fkc1wvMjAyNFwvMDNcL1NQRUNUUkFMXzYuanBnIiwic2xpZGVzaG93IjoiMzZhNmY0NCJ9\" href='https:\/\/danteshpk.al\/wp-content\/uploads\/2024\/03\/SPECTRAL_6.jpg'><img loading=\"lazy\" decoding=\"async\" width=\"150\" height=\"150\" src=\"https:\/\/danteshpk.al\/wp-content\/uploads\/2024\/03\/SPECTRAL_6-150x150.jpg\" class=\"attachment-thumbnail size-thumbnail\" alt=\"\" aria-describedby=\"gallery-1-4762\" srcset=\"https:\/\/danteshpk.al\/wp-content\/uploads\/2024\/03\/SPECTRAL_6-150x150.jpg 150w, https:\/\/danteshpk.al\/wp-content\/uploads\/2024\/03\/SPECTRAL_6-300x300.jpg 300w, https:\/\/danteshpk.al\/wp-content\/uploads\/2024\/03\/SPECTRAL_6-100x100.jpg 100w, https:\/\/danteshpk.al\/wp-content\/uploads\/2024\/03\/SPECTRAL_6-50x50.jpg 50w\" sizes=\"(max-width: 150px) 100vw, 150px\" \/><\/a>\n\t\t\t<\/div>\n\t\t\t\t<dd class='wp-caption-text gallery-caption' id='gallery-1-4762'>\n\t\t\t\tstahlblau ultramatt\n\t\t\t\t<\/dd><\/dl><dl class='gallery-item'>\n\t\t\t<div class='gallery-icon portrait'>\n\t\t\t\t<a data-elementor-open-lightbox=\"yes\" data-elementor-lightbox-slideshow=\"36a6f44\" data-elementor-lightbox-title=\"SPECTRAL_7\" data-e-action-hash=\"#elementor-action%3Aaction%3Dlightbox%26settings%3DeyJpZCI6NDc2MywidXJsIjoiaHR0cHM6XC9cL2RhbnRlc2hway5hbFwvd3AtY29udGVudFwvdXBsb2Fkc1wvMjAyNFwvMDNcL1NQRUNUUkFMXzcuanBnIiwic2xpZGVzaG93IjoiMzZhNmY0NCJ9\" href='https:\/\/danteshpk.al\/wp-content\/uploads\/2024\/03\/SPECTRAL_7.jpg'><img loading=\"lazy\" decoding=\"async\" width=\"150\" height=\"150\" src=\"https:\/\/danteshpk.al\/wp-content\/uploads\/2024\/03\/SPECTRAL_7-150x150.jpg\" class=\"attachment-thumbnail size-thumbnail\" alt=\"\" aria-describedby=\"gallery-1-4763\" srcset=\"https:\/\/danteshpk.al\/wp-content\/uploads\/2024\/03\/SPECTRAL_7-150x150.jpg 150w, https:\/\/danteshpk.al\/wp-content\/uploads\/2024\/03\/SPECTRAL_7-300x300.jpg 300w, https:\/\/danteshpk.al\/wp-content\/uploads\/2024\/03\/SPECTRAL_7-100x100.jpg 100w, https:\/\/danteshpk.al\/wp-content\/uploads\/2024\/03\/SPECTRAL_7-50x50.jpg 50w\" sizes=\"(max-width: 150px) 100vw, 150px\" \/><\/a>\n\t\t\t<\/div>\n\t\t\t\t<dd class='wp-caption-text gallery-caption' id='gallery-1-4763'>\n\t\t\t\ttannengr\u00fcn ultramatt \n\t\t\t\t<\/dd><\/dl><dl class='gallery-item'>\n\t\t\t<div class='gallery-icon portrait'>\n\t\t\t\t<a data-elementor-open-lightbox=\"yes\" data-elementor-lightbox-slideshow=\"36a6f44\" data-elementor-lightbox-title=\"SPECTRAL_8\" data-e-action-hash=\"#elementor-action%3Aaction%3Dlightbox%26settings%3DeyJpZCI6NDc2NCwidXJsIjoiaHR0cHM6XC9cL2RhbnRlc2hway5hbFwvd3AtY29udGVudFwvdXBsb2Fkc1wvMjAyNFwvMDNcL1NQRUNUUkFMXzguanBnIiwic2xpZGVzaG93IjoiMzZhNmY0NCJ9\" href='https:\/\/danteshpk.al\/wp-content\/uploads\/2024\/03\/SPECTRAL_8.jpg'><img loading=\"lazy\" decoding=\"async\" width=\"150\" height=\"150\" src=\"https:\/\/danteshpk.al\/wp-content\/uploads\/2024\/03\/SPECTRAL_8-150x150.jpg\" class=\"attachment-thumbnail size-thumbnail\" alt=\"\" aria-describedby=\"gallery-1-4764\" srcset=\"https:\/\/danteshpk.al\/wp-content\/uploads\/2024\/03\/SPECTRAL_8-150x150.jpg 150w, https:\/\/danteshpk.al\/wp-content\/uploads\/2024\/03\/SPECTRAL_8-300x300.jpg 300w, https:\/\/danteshpk.al\/wp-content\/uploads\/2024\/03\/SPECTRAL_8-100x100.jpg 100w, https:\/\/danteshpk.al\/wp-content\/uploads\/2024\/03\/SPECTRAL_8-50x50.jpg 50w\" sizes=\"(max-width: 150px) 100vw, 150px\" \/><\/a>\n\t\t\t<\/div>\n\t\t\t\t<dd class='wp-caption-text gallery-caption' id='gallery-1-4764'>\n\t\t\t\tmonumentengr\u00fcn ultramatt\n\t\t\t\t<\/dd><\/dl><dl class='gallery-item'>\n\t\t\t<div class='gallery-icon portrait'>\n\t\t\t\t<a data-elementor-open-lightbox=\"yes\" data-elementor-lightbox-slideshow=\"36a6f44\" data-elementor-lightbox-title=\"SPECTRAL5\" data-e-action-hash=\"#elementor-action%3Aaction%3Dlightbox%26settings%3DeyJpZCI6NDc2NiwidXJsIjoiaHR0cHM6XC9cL2RhbnRlc2hway5hbFwvd3AtY29udGVudFwvdXBsb2Fkc1wvMjAyNFwvMDNcL1NQRUNUUkFMNS5qcGciLCJzbGlkZXNob3ciOiIzNmE2ZjQ0In0%3D\" href='https:\/\/danteshpk.al\/wp-content\/uploads\/2024\/03\/SPECTRAL5.jpg'><img loading=\"lazy\" decoding=\"async\" width=\"150\" height=\"150\" src=\"https:\/\/danteshpk.al\/wp-content\/uploads\/2024\/03\/SPECTRAL5-150x150.jpg\" class=\"attachment-thumbnail size-thumbnail\" alt=\"\" aria-describedby=\"gallery-1-4766\" srcset=\"https:\/\/danteshpk.al\/wp-content\/uploads\/2024\/03\/SPECTRAL5-150x150.jpg 150w, https:\/\/danteshpk.al\/wp-content\/uploads\/2024\/03\/SPECTRAL5-300x300.jpg 300w, https:\/\/danteshpk.al\/wp-content\/uploads\/2024\/03\/SPECTRAL5-100x100.jpg 100w, https:\/\/danteshpk.al\/wp-content\/uploads\/2024\/03\/SPECTRAL5-50x50.jpg 50w\" sizes=\"(max-width: 150px) 100vw, 150px\" \/><\/a>\n\t\t\t<\/div>\n\t\t\t\t<dd class='wp-caption-text gallery-caption' id='gallery-1-4766'>\n\t\t\t\twei\u00df ultramatt\n\t\t\t\t<\/dd><\/dl>\n\t\t<\/div>\n\t\t<\/div>\n\t\t\t\t<\/div>\n\t\t\t\t<\/div>\n\t\t\t\t\t<\/div>\n\t\t\t\t<\/div>\n\t\t\t\t<\/div>","protected":false},"excerpt":{"rendered":"<p>Arti i lart\u00eb i ngjyrave dhe sip\u00ebrfaqja perfekte VEKA SPECTRAL\u00a0teknologjia e par\u00eb e sip\u00ebrfaqes s\u00eb p\u00ebrfunduar t\u00eb cil\u00ebsis\u00eb s\u00eb testuar dhe provuar te kualitetit VEKA. E zhvilluar me inovacion, sip\u00ebrfaq\u00eb e mbuluar i [&hellip;]<\/p>","protected":false},"author":1,"featured_media":0,"parent":0,"menu_order":0,"comment_status":"closed","ping_status":"closed","template":"","meta":{"footnotes":""},"class_list":["post-4666","page","type-page","status-publish","hentry"],"yoast_head":"<!-- This site is optimized with the Yoast SEO plugin v24.0 - https:\/\/yoast.com\/wordpress\/plugins\/seo\/ -->\n<title>Veka Spectral - Dante shpk<\/title>\n<meta name=\"description\" content=\"VEKA SPECTRAL teknologjia e par\u00eb e sip\u00ebrfaqes s\u00eb p\u00ebrfunduar t\u00eb cil\u00ebsis\u00eb s\u00eb testuar dhe provuar te kualitetit VEKA. E zhvilluar me inovacion, sip\u00ebrfaq\u00eb e mbuluar i jep dritareve PVC nj\u00eb dimension krejt\u00ebsisht t\u00eb ri estetik.\" \/>\n<meta name=\"robots\" content=\"index, follow, max-snippet:-1, max-image-preview:large, max-video-preview:-1\" \/>\n<link rel=\"canonical\" href=\"https:\/\/danteshpk.al\/en\/veka-spectral\/\" \/>\n<meta property=\"og:locale\" content=\"en_US\" \/>\n<meta property=\"og:type\" content=\"article\" \/>\n<meta property=\"og:title\" content=\"Veka Spectral - Dante shpk\" \/>\n<meta property=\"og:description\" content=\"VEKA SPECTRAL teknologjia e par\u00eb e sip\u00ebrfaqes s\u00eb p\u00ebrfunduar t\u00eb cil\u00ebsis\u00eb s\u00eb testuar dhe provuar te kualitetit VEKA. E zhvilluar me inovacion, sip\u00ebrfaq\u00eb e mbuluar i jep dritareve PVC nj\u00eb dimension krejt\u00ebsisht t\u00eb ri estetik.\" \/>\n<meta property=\"og:url\" content=\"https:\/\/danteshpk.al\/en\/veka-spectral\/\" \/>\n<meta property=\"og:site_name\" content=\"Dante shpk\" \/>\n<meta property=\"article:publisher\" content=\"https:\/\/www.facebook.com\/profile.php?id=100066746433407\" \/>\n<meta property=\"article:modified_time\" content=\"2024-03-16T23:50:58+00:00\" \/>\n<meta property=\"og:image\" content=\"https:\/\/danteshpk.al\/wp-content\/uploads\/2024\/03\/Unterseite-Spectral-Vitrine460x307.jpg\" \/>\n<meta name=\"twitter:card\" content=\"summary_large_image\" \/>\n<meta name=\"twitter:label1\" content=\"Est. reading time\" \/>\n\t<meta name=\"twitter:data1\" content=\"3 minutes\" \/>\n<script type=\"application\/ld+json\" class=\"yoast-schema-graph\">{\"@context\":\"https:\/\/schema.org\",\"@graph\":[{\"@type\":\"WebPage\",\"@id\":\"https:\/\/danteshpk.al\/veka-spectral\/\",\"url\":\"https:\/\/danteshpk.al\/veka-spectral\/\",\"name\":\"Veka Spectral - Dante shpk\",\"isPartOf\":{\"@id\":\"https:\/\/danteshpk.al\/#website\"},\"primaryImageOfPage\":{\"@id\":\"https:\/\/danteshpk.al\/veka-spectral\/#primaryimage\"},\"image\":{\"@id\":\"https:\/\/danteshpk.al\/veka-spectral\/#primaryimage\"},\"thumbnailUrl\":\"https:\/\/danteshpk.al\/wp-content\/uploads\/2024\/03\/Unterseite-Spectral-Vitrine460x307.jpg\",\"datePublished\":\"2024-03-10T22:39:52+00:00\",\"dateModified\":\"2024-03-16T23:50:58+00:00\",\"description\":\"VEKA SPECTRAL teknologjia e par\u00eb e sip\u00ebrfaqes s\u00eb p\u00ebrfunduar t\u00eb cil\u00ebsis\u00eb s\u00eb testuar dhe provuar te kualitetit VEKA. E zhvilluar me inovacion, sip\u00ebrfaq\u00eb e mbuluar i jep dritareve PVC nj\u00eb dimension krejt\u00ebsisht t\u00eb ri estetik.\",\"breadcrumb\":{\"@id\":\"https:\/\/danteshpk.al\/veka-spectral\/#breadcrumb\"},\"inLanguage\":\"en-US\",\"potentialAction\":[{\"@type\":\"ReadAction\",\"target\":[\"https:\/\/danteshpk.al\/veka-spectral\/\"]}]},{\"@type\":\"ImageObject\",\"inLanguage\":\"en-US\",\"@id\":\"https:\/\/danteshpk.al\/veka-spectral\/#primaryimage\",\"url\":\"https:\/\/danteshpk.al\/wp-content\/uploads\/2024\/03\/Unterseite-Spectral-Vitrine460x307.jpg\",\"contentUrl\":\"https:\/\/danteshpk.al\/wp-content\/uploads\/2024\/03\/Unterseite-Spectral-Vitrine460x307.jpg\"},{\"@type\":\"BreadcrumbList\",\"@id\":\"https:\/\/danteshpk.al\/veka-spectral\/#breadcrumb\",\"itemListElement\":[{\"@type\":\"ListItem\",\"position\":1,\"name\":\"Home\",\"item\":\"https:\/\/danteshpk.al\/\"},{\"@type\":\"ListItem\",\"position\":2,\"name\":\"Veka Spectral\"}]},{\"@type\":\"WebSite\",\"@id\":\"https:\/\/danteshpk.al\/#website\",\"url\":\"https:\/\/danteshpk.al\/\",\"name\":\"Dante shpk\",\"description\":\"\",\"publisher\":{\"@id\":\"https:\/\/danteshpk.al\/#organization\"},\"potentialAction\":[{\"@type\":\"SearchAction\",\"target\":{\"@type\":\"EntryPoint\",\"urlTemplate\":\"https:\/\/danteshpk.al\/?s={search_term_string}\"},\"query-input\":{\"@type\":\"PropertyValueSpecification\",\"valueRequired\":true,\"valueName\":\"search_term_string\"}}],\"inLanguage\":\"en-US\"},{\"@type\":\"Organization\",\"@id\":\"https:\/\/danteshpk.al\/#organization\",\"name\":\"Dante shpk\",\"url\":\"https:\/\/danteshpk.al\/\",\"logo\":{\"@type\":\"ImageObject\",\"inLanguage\":\"en-US\",\"@id\":\"https:\/\/danteshpk.al\/#\/schema\/logo\/image\/\",\"url\":\"https:\/\/danteshpk.al\/wp-content\/uploads\/2024\/03\/0001-Dante-Shpk-Veka-Logo-Png-1.png\",\"contentUrl\":\"https:\/\/danteshpk.al\/wp-content\/uploads\/2024\/03\/0001-Dante-Shpk-Veka-Logo-Png-1.png\",\"width\":518,\"height\":314,\"caption\":\"Dante shpk\"},\"image\":{\"@id\":\"https:\/\/danteshpk.al\/#\/schema\/logo\/image\/\"},\"sameAs\":[\"https:\/\/www.facebook.com\/profile.php?id=100066746433407\",\"https:\/\/konsulencemarketing.com\/biznesi\/dante-shpk-veka\/\"]}]}<\/script>\n<!-- \/ Yoast SEO plugin. -->","yoast_head_json":{"title":"Veka Spectral - Dante shpk","description":"VEKA SPECTRAL teknologjia e par\u00eb e sip\u00ebrfaqes s\u00eb p\u00ebrfunduar t\u00eb cil\u00ebsis\u00eb s\u00eb testuar dhe provuar te kualitetit VEKA. E zhvilluar me inovacion, sip\u00ebrfaq\u00eb e mbuluar i jep dritareve PVC nj\u00eb dimension krejt\u00ebsisht t\u00eb ri estetik.","robots":{"index":"index","follow":"follow","max-snippet":"max-snippet:-1","max-image-preview":"max-image-preview:large","max-video-preview":"max-video-preview:-1"},"canonical":"https:\/\/danteshpk.al\/en\/veka-spectral\/","og_locale":"en_US","og_type":"article","og_title":"Veka Spectral - Dante shpk","og_description":"VEKA SPECTRAL teknologjia e par\u00eb e sip\u00ebrfaqes s\u00eb p\u00ebrfunduar t\u00eb cil\u00ebsis\u00eb s\u00eb testuar dhe provuar te kualitetit VEKA. E zhvilluar me inovacion, sip\u00ebrfaq\u00eb e mbuluar i jep dritareve PVC nj\u00eb dimension krejt\u00ebsisht t\u00eb ri estetik.","og_url":"https:\/\/danteshpk.al\/en\/veka-spectral\/","og_site_name":"Dante shpk","article_publisher":"https:\/\/www.facebook.com\/profile.php?id=100066746433407","article_modified_time":"2024-03-16T23:50:58+00:00","og_image":[{"url":"https:\/\/danteshpk.al\/wp-content\/uploads\/2024\/03\/Unterseite-Spectral-Vitrine460x307.jpg","type":"","width":"","height":""}],"twitter_card":"summary_large_image","twitter_misc":{"Est. reading time":"3 minutes"},"schema":{"@context":"https:\/\/schema.org","@graph":[{"@type":"WebPage","@id":"https:\/\/danteshpk.al\/veka-spectral\/","url":"https:\/\/danteshpk.al\/veka-spectral\/","name":"Veka Spectral - Dante shpk","isPartOf":{"@id":"https:\/\/danteshpk.al\/#website"},"primaryImageOfPage":{"@id":"https:\/\/danteshpk.al\/veka-spectral\/#primaryimage"},"image":{"@id":"https:\/\/danteshpk.al\/veka-spectral\/#primaryimage"},"thumbnailUrl":"https:\/\/danteshpk.al\/wp-content\/uploads\/2024\/03\/Unterseite-Spectral-Vitrine460x307.jpg","datePublished":"2024-03-10T22:39:52+00:00","dateModified":"2024-03-16T23:50:58+00:00","description":"VEKA SPECTRAL teknologjia e par\u00eb e sip\u00ebrfaqes s\u00eb p\u00ebrfunduar t\u00eb cil\u00ebsis\u00eb s\u00eb testuar dhe provuar te kualitetit VEKA. E zhvilluar me inovacion, sip\u00ebrfaq\u00eb e mbuluar i jep dritareve PVC nj\u00eb dimension krejt\u00ebsisht t\u00eb ri estetik.","breadcrumb":{"@id":"https:\/\/danteshpk.al\/veka-spectral\/#breadcrumb"},"inLanguage":"en-US","potentialAction":[{"@type":"ReadAction","target":["https:\/\/danteshpk.al\/veka-spectral\/"]}]},{"@type":"ImageObject","inLanguage":"en-US","@id":"https:\/\/danteshpk.al\/veka-spectral\/#primaryimage","url":"https:\/\/danteshpk.al\/wp-content\/uploads\/2024\/03\/Unterseite-Spectral-Vitrine460x307.jpg","contentUrl":"https:\/\/danteshpk.al\/wp-content\/uploads\/2024\/03\/Unterseite-Spectral-Vitrine460x307.jpg"},{"@type":"BreadcrumbList","@id":"https:\/\/danteshpk.al\/veka-spectral\/#breadcrumb","itemListElement":[{"@type":"ListItem","position":1,"name":"Home","item":"https:\/\/danteshpk.al\/"},{"@type":"ListItem","position":2,"name":"Veka Spectral"}]},{"@type":"WebSite","@id":"https:\/\/danteshpk.al\/#website","url":"https:\/\/danteshpk.al\/","name":"Dante shpk","description":"","publisher":{"@id":"https:\/\/danteshpk.al\/#organization"},"potentialAction":[{"@type":"SearchAction","target":{"@type":"EntryPoint","urlTemplate":"https:\/\/danteshpk.al\/?s={search_term_string}"},"query-input":{"@type":"PropertyValueSpecification","valueRequired":true,"valueName":"search_term_string"}}],"inLanguage":"en-US"},{"@type":"Organization","@id":"https:\/\/danteshpk.al\/#organization","name":"Dante shpk","url":"https:\/\/danteshpk.al\/","logo":{"@type":"ImageObject","inLanguage":"en-US","@id":"https:\/\/danteshpk.al\/#\/schema\/logo\/image\/","url":"https:\/\/danteshpk.al\/wp-content\/uploads\/2024\/03\/0001-Dante-Shpk-Veka-Logo-Png-1.png","contentUrl":"https:\/\/danteshpk.al\/wp-content\/uploads\/2024\/03\/0001-Dante-Shpk-Veka-Logo-Png-1.png","width":518,"height":314,"caption":"Dante shpk"},"image":{"@id":"https:\/\/danteshpk.al\/#\/schema\/logo\/image\/"},"sameAs":["https:\/\/www.facebook.com\/profile.php?id=100066746433407","https:\/\/konsulencemarketing.com\/biznesi\/dante-shpk-veka\/"]}]}},"_links":{"self":[{"href":"https:\/\/danteshpk.al\/en\/wp-json\/wp\/v2\/pages\/4666","targetHints":{"allow":["GET"]}}],"collection":[{"href":"https:\/\/danteshpk.al\/en\/wp-json\/wp\/v2\/pages"}],"about":[{"href":"https:\/\/danteshpk.al\/en\/wp-json\/wp\/v2\/types\/page"}],"author":[{"embeddable":true,"href":"https:\/\/danteshpk.al\/en\/wp-json\/wp\/v2\/users\/1"}],"replies":[{"embeddable":true,"href":"https:\/\/danteshpk.al\/en\/wp-json\/wp\/v2\/comments?post=4666"}],"version-history":[{"count":7,"href":"https:\/\/danteshpk.al\/en\/wp-json\/wp\/v2\/pages\/4666\/revisions"}],"predecessor-version":[{"id":4770,"href":"https:\/\/danteshpk.al\/en\/wp-json\/wp\/v2\/pages\/4666\/revisions\/4770"}],"wp:attachment":[{"href":"https:\/\/danteshpk.al\/en\/wp-json\/wp\/v2\/media?parent=4666"}],"curies":[{"name":"wp","href":"https:\/\/api.w.org\/{rel}","templated":true}]}}