{"id":4918,"date":"2024-03-12T22:51:29","date_gmt":"2024-03-12T22:51:29","guid":{"rendered":"https:\/\/danteshpk.al\/?page_id=4918"},"modified":"2024-03-12T22:55:37","modified_gmt":"2024-03-12T22:55:37","slug":"effectline","status":"publish","type":"page","link":"https:\/\/danteshpk.al\/en\/effectline\/","title":{"rendered":"EFFECTLINE"},"content":{"rendered":"<div data-elementor-type=\"wp-page\" data-elementor-id=\"4918\" class=\"elementor elementor-4918\">\n\t\t\t\t<div class=\"elementor-element elementor-element-5b8d4b4 e-flex e-con-boxed e-con e-parent\" data-id=\"5b8d4b4\" data-element_type=\"container\">\n\t\t\t\t\t<div class=\"e-con-inner\">\n\t\t\t\t<div class=\"elementor-element elementor-element-e48a8a8 elementor-widget elementor-widget-tf-heading-section\" data-id=\"e48a8a8\" data-element_type=\"widget\" data-widget_type=\"tf-heading-section.default\">\n\t\t\t\t<div class=\"elementor-widget-container\">\n\t\t\t<div id=\"tf-heading-section-e48a8a8\" class=\"tf-heading-section\" data-tabid=\"e48a8a8\"> \r\n\t\t\t\t\r\n\t\t\t<div class=\"heading-section\">\r\n\t\t\t\t<div class=\"before-title\">System characteristics<\/div>\r\n\t\t\t\t<h2 class=\"heading\">EFFECTLINE<\/h2>\r\n\t\t\t<\/div>                \r\n            <\/div>\t\t<\/div>\n\t\t\t\t<\/div>\n\t\t\t\t\t<\/div>\n\t\t\t\t<\/div>\n\t\t<div class=\"elementor-element elementor-element-dc690e9 e-flex e-con-boxed e-con e-parent\" data-id=\"dc690e9\" data-element_type=\"container\">\n\t\t\t\t\t<div class=\"e-con-inner\">\n\t\t<div class=\"elementor-element elementor-element-bc24a45 e-con-full e-flex e-con e-child\" data-id=\"bc24a45\" data-element_type=\"container\">\n\t\t\t\t<div class=\"elementor-element elementor-element-d4f06d6 elementor-widget elementor-widget-image\" data-id=\"d4f06d6\" data-element_type=\"widget\" data-widget_type=\"image.default\">\n\t\t\t\t<div class=\"elementor-widget-container\">\n\t\t\t\t\t\t\t\t\t\t\t\t\t<img fetchpriority=\"high\" decoding=\"async\" width=\"582\" height=\"624\" src=\"https:\/\/danteshpk.al\/wp-content\/uploads\/2024\/03\/7d132f35fc9e06eb19029dddde2c069e.png\" class=\"attachment-large size-large wp-image-4537\" alt=\"\" srcset=\"https:\/\/danteshpk.al\/wp-content\/uploads\/2024\/03\/7d132f35fc9e06eb19029dddde2c069e.png 582w, https:\/\/danteshpk.al\/wp-content\/uploads\/2024\/03\/7d132f35fc9e06eb19029dddde2c069e-280x300.png 280w\" sizes=\"(max-width: 582px) 100vw, 582px\" \/>\t\t\t\t\t\t\t\t\t\t\t\t\t<\/div>\n\t\t\t\t<\/div>\n\t\t\t\t<\/div>\n\t\t<div class=\"elementor-element elementor-element-1ceaeee e-con-full e-flex e-con e-child\" data-id=\"1ceaeee\" data-element_type=\"container\">\n\t\t\t\t<div class=\"elementor-element elementor-element-9b9b7ca elementor-widget elementor-widget-text-editor\" data-id=\"9b9b7ca\" data-element_type=\"widget\" data-widget_type=\"text-editor.default\">\n\t\t\t\t<div class=\"elementor-widget-container\">\n\t\t\t\t\t\t\t<table><tbody><tr><td colspan=\"2\"><ul><li class=\"nabroj\">Specialized system for use in residential and commercial buildings<\/li><\/ul><\/td><\/tr><tr><td colspan=\"2\"><ul><li class=\"nabroj\">Very economical system with proven quality<\/li><\/ul><\/td><\/tr><tr><td colspan=\"2\"><ul><li class=\"nabroj\">The classic design offers unlimited application possibilities<\/li><\/ul><\/td><\/tr><tr><td colspan=\"2\"><ul><li class=\"nabroj\">Which high profile<\/li><\/ul><\/td><\/tr><tr><td colspan=\"2\"><ul><li class=\"nabroj\">Optimal stability and longevity<\/li><\/ul><\/td><\/tr><tr><td colspan=\"2\"><ul><li class=\"nabroj\">The five-chamber channel profile of the production thickness of 70 mm significantly reduces heating costs<\/li><\/ul><\/td><\/tr><\/tbody><\/table>\t\t\t\t\t\t<\/div>\n\t\t\t\t<\/div>\n\t\t\t\t<\/div>\n\t\t\t\t\t<\/div>\n\t\t\t\t<\/div>\n\t\t<div class=\"elementor-element elementor-element-c817523 e-flex e-con-boxed e-con e-parent\" data-id=\"c817523\" data-element_type=\"container\">\n\t\t\t\t\t<div class=\"e-con-inner\">\n\t\t\t\t<div class=\"elementor-element elementor-element-44d27dd elementor-widget elementor-widget-text-editor\" data-id=\"44d27dd\" data-element_type=\"widget\" data-widget_type=\"text-editor.default\">\n\t\t\t\t<div class=\"elementor-widget-container\">\n\t\t\t\t\t\t\t<p><a href=\"https:\/\/danteshpk.al\/wp-content\/uploads\/2024\/03\/Broshurat-1.pdf\"><img decoding=\"async\" class=\"alignnone wp-image-4826\" src=\"https:\/\/danteshpk.al\/wp-content\/uploads\/2024\/03\/PDF_file_icon.svg-244x300.png\" alt=\"\" width=\"43\" height=\"52\" srcset=\"https:\/\/danteshpk.al\/wp-content\/uploads\/2024\/03\/PDF_file_icon.svg-244x300.png 244w, https:\/\/danteshpk.al\/wp-content\/uploads\/2024\/03\/PDF_file_icon.svg-834x1024.png 834w, https:\/\/danteshpk.al\/wp-content\/uploads\/2024\/03\/PDF_file_icon.svg-768x943.png 768w, https:\/\/danteshpk.al\/wp-content\/uploads\/2024\/03\/PDF_file_icon.svg-10x12.png 10w, https:\/\/danteshpk.al\/wp-content\/uploads\/2024\/03\/PDF_file_icon.svg-600x737.png 600w, https:\/\/danteshpk.al\/wp-content\/uploads\/2024\/03\/PDF_file_icon.svg.png 1200w\" sizes=\"(max-width: 43px) 100vw, 43px\" \/>\u00a0 \u00a0 <\/a><span style=\"color: #3366ff;\"><strong><a style=\"color: #3366ff;\" href=\"https:\/\/danteshpk.al\/wp-content\/uploads\/2024\/03\/Broshurat-5.pdf\">Brochures<\/a><\/strong><\/span><\/p>\t\t\t\t\t\t<\/div>\n\t\t\t\t<\/div>\n\t\t\t\t\t<\/div>\n\t\t\t\t<\/div>\n\t\t<div class=\"elementor-element elementor-element-69ee54d e-flex e-con-boxed e-con e-parent\" data-id=\"69ee54d\" data-element_type=\"container\">\n\t\t\t\t\t<div class=\"e-con-inner\">\n\t\t\t\t<div class=\"elementor-element elementor-element-67c89a4 elementor-widget elementor-widget-heading\" data-id=\"67c89a4\" data-element_type=\"widget\" data-widget_type=\"heading.default\">\n\t\t\t\t<div class=\"elementor-widget-container\">\n\t\t\t<h2 class=\"elementor-heading-title elementor-size-default\">EFFECTLINE<\/h2>\t\t<\/div>\n\t\t\t\t<\/div>\n\t\t\t\t\t<\/div>\n\t\t\t\t<\/div>\n\t\t<div class=\"elementor-element elementor-element-5d9c50b e-flex e-con-boxed e-con e-parent\" data-id=\"5d9c50b\" data-element_type=\"container\" data-settings=\"{&quot;background_background&quot;:&quot;gradient&quot;}\">\n\t\t\t\t\t<div class=\"e-con-inner\">\n\t\t<div class=\"elementor-element elementor-element-cf0078d e-con-full e-flex e-con e-child\" data-id=\"cf0078d\" data-element_type=\"container\">\n\t\t\t\t<div class=\"elementor-element elementor-element-60398de elementor-widget elementor-widget-image\" data-id=\"60398de\" data-element_type=\"widget\" data-widget_type=\"image.default\">\n\t\t\t\t<div class=\"elementor-widget-container\">\n\t\t\t\t\t\t\t\t\t\t\t\t\t<img decoding=\"async\" width=\"588\" height=\"588\" src=\"https:\/\/danteshpk.al\/wp-content\/uploads\/2024\/03\/effectline1.jpg\" class=\"attachment-large size-large wp-image-4920\" alt=\"\" srcset=\"https:\/\/danteshpk.al\/wp-content\/uploads\/2024\/03\/effectline1.jpg 588w, https:\/\/danteshpk.al\/wp-content\/uploads\/2024\/03\/effectline1-300x300.jpg 300w, https:\/\/danteshpk.al\/wp-content\/uploads\/2024\/03\/effectline1-150x150.jpg 150w, https:\/\/danteshpk.al\/wp-content\/uploads\/2024\/03\/effectline1-12x12.jpg 12w, https:\/\/danteshpk.al\/wp-content\/uploads\/2024\/03\/effectline1-100x100.jpg 100w, https:\/\/danteshpk.al\/wp-content\/uploads\/2024\/03\/effectline1-50x50.jpg 50w\" sizes=\"(max-width: 588px) 100vw, 588px\" \/>\t\t\t\t\t\t\t\t\t\t\t\t\t<\/div>\n\t\t\t\t<\/div>\n\t\t\t\t<\/div>\n\t\t<div class=\"elementor-element elementor-element-290b0b0 e-con-full e-flex e-con e-child\" data-id=\"290b0b0\" data-element_type=\"container\">\n\t\t\t\t<div class=\"elementor-element elementor-element-264cd8d elementor-widget elementor-widget-heading\" data-id=\"264cd8d\" data-element_type=\"widget\" data-widget_type=\"heading.default\">\n\t\t\t\t<div class=\"elementor-widget-container\">\n\t\t\t<h3 class=\"elementor-heading-title elementor-size-default\">SWINGLINE<\/h3>\t\t<\/div>\n\t\t\t\t<\/div>\n\t\t\t\t<div class=\"elementor-element elementor-element-2bb6824 elementor-widget elementor-widget-text-editor\" data-id=\"2bb6824\" data-element_type=\"widget\" data-widget_type=\"text-editor.default\">\n\t\t\t\t<div class=\"elementor-widget-container\">\n\t\t\t\t\t\t\t<ul class=\"tick-list\"><li style=\"list-style-type: none;\"><ul class=\"tick-list\"><li>EFFECTLINE is a profile system that the VEKA company dedicated its production to for use in residential and commercial buildings: technologically, EFFECTLINE meets all the latest European standards, and at the same time it is more economical.<\/li><li>Thanks to the elegant width of the profile, the windows of the EFFECTLINE system introduce a large amount of light into the interior spaces and thanks to its classic design with gently rounded contours, it is perfectly suited to all types and styles of construction.<\/li><li>The basic production thickness of 70 mm and the 5-chamber system ensure optimal thermal insulation, which enables significant energy savings in heating and cooling.<\/li><li>The EFFECTLINE system is compatible with a large number of additional connecting elements from the system palette with a basic thickness of 70 mm, which provides great flexibility of use.<\/li><li>Moreover, in the windows of the EFFECTLINE system, ordinary mechanisms can be installed, while the profiles themselves contain factory coextruded, welded bright rubber from soft PVC. Glass points are adapted for the installation of thermal glass up to 24mm thick.<\/li><\/ul><\/li><\/ul><h2>For extra VEKA-quality<\/h2><p>\u00a0<\/p><ul class=\"tick-list\"><li>The EFFECTLINE system is manufactured with the most advanced technology, yet it is very economical. Once again, the company VEKA AG has produced a high-quality profile in line with market trends, which means durability, reliability and energy efficiency.<\/li><li>The quality systems of VEKA profiles, with their quality, exceed the strict German standards. Due to the thickness of the outer walls of class A, and the stable construction of the profile, the windows are stable and strong in connection.<\/li><li>Planners, architects and construction contractors are provided with a virtually unlimited number of design choices, as well as the unique logistics system of delivery, comprehensive service, professional manufacturing and installation by VEKA's certified partners.<\/li><\/ul>\t\t\t\t\t\t<\/div>\n\t\t\t\t<\/div>\n\t\t\t\t<\/div>\n\t\t\t\t\t<\/div>\n\t\t\t\t<\/div>\n\t\t\t\t<\/div>","protected":false},"excerpt":{"rendered":"<p>Karakteristikat e sistemit EFFECTLINE Sistemi i specializuar p\u00ebr p\u00ebrdorim n\u00eb nd\u00ebrtesat rezidenciale dhe komerciale Sistem shum\u00eb ekonomik me cil\u00ebsi t\u00eb d\u00ebshmuar Dizajni klasik ofron mund\u00ebsi t\u00eb pakufizuara t\u00eb aplikimit Cil\u00ebs e lart\u00eb e [&hellip;]<\/p>","protected":false},"author":1,"featured_media":0,"parent":0,"menu_order":0,"comment_status":"closed","ping_status":"closed","template":"","meta":{"footnotes":""},"class_list":["post-4918","page","type-page","status-publish","hentry"],"yoast_head":"<!-- This site is optimized with the Yoast SEO plugin v24.0 - https:\/\/yoast.com\/wordpress\/plugins\/seo\/ -->\n<title>EFFECTLINE - Dante shpk<\/title>\n<meta name=\"robots\" content=\"index, follow, max-snippet:-1, max-image-preview:large, max-video-preview:-1\" \/>\n<link rel=\"canonical\" href=\"https:\/\/danteshpk.al\/en\/effectline\/\" \/>\n<meta property=\"og:locale\" content=\"en_US\" \/>\n<meta property=\"og:type\" content=\"article\" \/>\n<meta property=\"og:title\" content=\"EFFECTLINE - Dante shpk\" \/>\n<meta property=\"og:description\" content=\"Karakteristikat e sistemit EFFECTLINE Sistemi i specializuar p\u00ebr p\u00ebrdorim n\u00eb nd\u00ebrtesat rezidenciale dhe komerciale Sistem shum\u00eb ekonomik me cil\u00ebsi t\u00eb d\u00ebshmuar Dizajni klasik ofron mund\u00ebsi t\u00eb pakufizuara t\u00eb aplikimit Cil\u00ebs e lart\u00eb e [&hellip;]\" \/>\n<meta property=\"og:url\" content=\"https:\/\/danteshpk.al\/en\/effectline\/\" \/>\n<meta property=\"og:site_name\" content=\"Dante shpk\" \/>\n<meta property=\"article:publisher\" content=\"https:\/\/www.facebook.com\/profile.php?id=100066746433407\" \/>\n<meta property=\"article:modified_time\" content=\"2024-03-12T22:55:37+00:00\" \/>\n<meta property=\"og:image\" content=\"https:\/\/danteshpk.al\/wp-content\/uploads\/2024\/03\/7d132f35fc9e06eb19029dddde2c069e.png\" \/>\n<meta name=\"twitter:card\" content=\"summary_large_image\" \/>\n<meta name=\"twitter:label1\" content=\"Est. reading time\" \/>\n\t<meta name=\"twitter:data1\" content=\"3 minutes\" \/>\n<script type=\"application\/ld+json\" class=\"yoast-schema-graph\">{\"@context\":\"https:\/\/schema.org\",\"@graph\":[{\"@type\":\"WebPage\",\"@id\":\"https:\/\/danteshpk.al\/effectline\/\",\"url\":\"https:\/\/danteshpk.al\/effectline\/\",\"name\":\"EFFECTLINE - Dante shpk\",\"isPartOf\":{\"@id\":\"https:\/\/danteshpk.al\/#website\"},\"primaryImageOfPage\":{\"@id\":\"https:\/\/danteshpk.al\/effectline\/#primaryimage\"},\"image\":{\"@id\":\"https:\/\/danteshpk.al\/effectline\/#primaryimage\"},\"thumbnailUrl\":\"https:\/\/danteshpk.al\/wp-content\/uploads\/2024\/03\/7d132f35fc9e06eb19029dddde2c069e.png\",\"datePublished\":\"2024-03-12T22:51:29+00:00\",\"dateModified\":\"2024-03-12T22:55:37+00:00\",\"breadcrumb\":{\"@id\":\"https:\/\/danteshpk.al\/effectline\/#breadcrumb\"},\"inLanguage\":\"en-US\",\"potentialAction\":[{\"@type\":\"ReadAction\",\"target\":[\"https:\/\/danteshpk.al\/effectline\/\"]}]},{\"@type\":\"ImageObject\",\"inLanguage\":\"en-US\",\"@id\":\"https:\/\/danteshpk.al\/effectline\/#primaryimage\",\"url\":\"https:\/\/danteshpk.al\/wp-content\/uploads\/2024\/03\/7d132f35fc9e06eb19029dddde2c069e.png\",\"contentUrl\":\"https:\/\/danteshpk.al\/wp-content\/uploads\/2024\/03\/7d132f35fc9e06eb19029dddde2c069e.png\"},{\"@type\":\"BreadcrumbList\",\"@id\":\"https:\/\/danteshpk.al\/effectline\/#breadcrumb\",\"itemListElement\":[{\"@type\":\"ListItem\",\"position\":1,\"name\":\"Home\",\"item\":\"https:\/\/danteshpk.al\/\"},{\"@type\":\"ListItem\",\"position\":2,\"name\":\"EFFECTLINE\"}]},{\"@type\":\"WebSite\",\"@id\":\"https:\/\/danteshpk.al\/#website\",\"url\":\"https:\/\/danteshpk.al\/\",\"name\":\"Dante shpk\",\"description\":\"\",\"publisher\":{\"@id\":\"https:\/\/danteshpk.al\/#organization\"},\"potentialAction\":[{\"@type\":\"SearchAction\",\"target\":{\"@type\":\"EntryPoint\",\"urlTemplate\":\"https:\/\/danteshpk.al\/?s={search_term_string}\"},\"query-input\":{\"@type\":\"PropertyValueSpecification\",\"valueRequired\":true,\"valueName\":\"search_term_string\"}}],\"inLanguage\":\"en-US\"},{\"@type\":\"Organization\",\"@id\":\"https:\/\/danteshpk.al\/#organization\",\"name\":\"Dante shpk\",\"url\":\"https:\/\/danteshpk.al\/\",\"logo\":{\"@type\":\"ImageObject\",\"inLanguage\":\"en-US\",\"@id\":\"https:\/\/danteshpk.al\/#\/schema\/logo\/image\/\",\"url\":\"https:\/\/danteshpk.al\/wp-content\/uploads\/2024\/03\/0001-Dante-Shpk-Veka-Logo-Png-1.png\",\"contentUrl\":\"https:\/\/danteshpk.al\/wp-content\/uploads\/2024\/03\/0001-Dante-Shpk-Veka-Logo-Png-1.png\",\"width\":518,\"height\":314,\"caption\":\"Dante shpk\"},\"image\":{\"@id\":\"https:\/\/danteshpk.al\/#\/schema\/logo\/image\/\"},\"sameAs\":[\"https:\/\/www.facebook.com\/profile.php?id=100066746433407\",\"https:\/\/konsulencemarketing.com\/biznesi\/dante-shpk-veka\/\"]}]}<\/script>\n<!-- \/ Yoast SEO plugin. -->","yoast_head_json":{"title":"EFFECTLINE - Dante shpk","robots":{"index":"index","follow":"follow","max-snippet":"max-snippet:-1","max-image-preview":"max-image-preview:large","max-video-preview":"max-video-preview:-1"},"canonical":"https:\/\/danteshpk.al\/en\/effectline\/","og_locale":"en_US","og_type":"article","og_title":"EFFECTLINE - Dante shpk","og_description":"Karakteristikat e sistemit EFFECTLINE Sistemi i specializuar p\u00ebr p\u00ebrdorim n\u00eb nd\u00ebrtesat rezidenciale dhe komerciale Sistem shum\u00eb ekonomik me cil\u00ebsi t\u00eb d\u00ebshmuar Dizajni klasik ofron mund\u00ebsi t\u00eb pakufizuara t\u00eb aplikimit Cil\u00ebs e lart\u00eb e [&hellip;]","og_url":"https:\/\/danteshpk.al\/en\/effectline\/","og_site_name":"Dante shpk","article_publisher":"https:\/\/www.facebook.com\/profile.php?id=100066746433407","article_modified_time":"2024-03-12T22:55:37+00:00","og_image":[{"url":"https:\/\/danteshpk.al\/wp-content\/uploads\/2024\/03\/7d132f35fc9e06eb19029dddde2c069e.png","type":"","width":"","height":""}],"twitter_card":"summary_large_image","twitter_misc":{"Est. reading time":"3 minutes"},"schema":{"@context":"https:\/\/schema.org","@graph":[{"@type":"WebPage","@id":"https:\/\/danteshpk.al\/effectline\/","url":"https:\/\/danteshpk.al\/effectline\/","name":"EFFECTLINE - Dante shpk","isPartOf":{"@id":"https:\/\/danteshpk.al\/#website"},"primaryImageOfPage":{"@id":"https:\/\/danteshpk.al\/effectline\/#primaryimage"},"image":{"@id":"https:\/\/danteshpk.al\/effectline\/#primaryimage"},"thumbnailUrl":"https:\/\/danteshpk.al\/wp-content\/uploads\/2024\/03\/7d132f35fc9e06eb19029dddde2c069e.png","datePublished":"2024-03-12T22:51:29+00:00","dateModified":"2024-03-12T22:55:37+00:00","breadcrumb":{"@id":"https:\/\/danteshpk.al\/effectline\/#breadcrumb"},"inLanguage":"en-US","potentialAction":[{"@type":"ReadAction","target":["https:\/\/danteshpk.al\/effectline\/"]}]},{"@type":"ImageObject","inLanguage":"en-US","@id":"https:\/\/danteshpk.al\/effectline\/#primaryimage","url":"https:\/\/danteshpk.al\/wp-content\/uploads\/2024\/03\/7d132f35fc9e06eb19029dddde2c069e.png","contentUrl":"https:\/\/danteshpk.al\/wp-content\/uploads\/2024\/03\/7d132f35fc9e06eb19029dddde2c069e.png"},{"@type":"BreadcrumbList","@id":"https:\/\/danteshpk.al\/effectline\/#breadcrumb","itemListElement":[{"@type":"ListItem","position":1,"name":"Home","item":"https:\/\/danteshpk.al\/"},{"@type":"ListItem","position":2,"name":"EFFECTLINE"}]},{"@type":"WebSite","@id":"https:\/\/danteshpk.al\/#website","url":"https:\/\/danteshpk.al\/","name":"Dante shpk","description":"","publisher":{"@id":"https:\/\/danteshpk.al\/#organization"},"potentialAction":[{"@type":"SearchAction","target":{"@type":"EntryPoint","urlTemplate":"https:\/\/danteshpk.al\/?s={search_term_string}"},"query-input":{"@type":"PropertyValueSpecification","valueRequired":true,"valueName":"search_term_string"}}],"inLanguage":"en-US"},{"@type":"Organization","@id":"https:\/\/danteshpk.al\/#organization","name":"Dante shpk","url":"https:\/\/danteshpk.al\/","logo":{"@type":"ImageObject","inLanguage":"en-US","@id":"https:\/\/danteshpk.al\/#\/schema\/logo\/image\/","url":"https:\/\/danteshpk.al\/wp-content\/uploads\/2024\/03\/0001-Dante-Shpk-Veka-Logo-Png-1.png","contentUrl":"https:\/\/danteshpk.al\/wp-content\/uploads\/2024\/03\/0001-Dante-Shpk-Veka-Logo-Png-1.png","width":518,"height":314,"caption":"Dante shpk"},"image":{"@id":"https:\/\/danteshpk.al\/#\/schema\/logo\/image\/"},"sameAs":["https:\/\/www.facebook.com\/profile.php?id=100066746433407","https:\/\/konsulencemarketing.com\/biznesi\/dante-shpk-veka\/"]}]}},"_links":{"self":[{"href":"https:\/\/danteshpk.al\/en\/wp-json\/wp\/v2\/pages\/4918","targetHints":{"allow":["GET"]}}],"collection":[{"href":"https:\/\/danteshpk.al\/en\/wp-json\/wp\/v2\/pages"}],"about":[{"href":"https:\/\/danteshpk.al\/en\/wp-json\/wp\/v2\/types\/page"}],"author":[{"embeddable":true,"href":"https:\/\/danteshpk.al\/en\/wp-json\/wp\/v2\/users\/1"}],"replies":[{"embeddable":true,"href":"https:\/\/danteshpk.al\/en\/wp-json\/wp\/v2\/comments?post=4918"}],"version-history":[{"count":4,"href":"https:\/\/danteshpk.al\/en\/wp-json\/wp\/v2\/pages\/4918\/revisions"}],"predecessor-version":[{"id":4923,"href":"https:\/\/danteshpk.al\/en\/wp-json\/wp\/v2\/pages\/4918\/revisions\/4923"}],"wp:attachment":[{"href":"https:\/\/danteshpk.al\/en\/wp-json\/wp\/v2\/media?parent=4918"}],"curies":[{"name":"wp","href":"https:\/\/api.w.org\/{rel}","templated":true}]}}