{"id":4512,"date":"2024-03-09T23:06:15","date_gmt":"2024-03-09T23:06:15","guid":{"rendered":"https:\/\/danteshpk.al\/?page_id=4512"},"modified":"2024-03-10T13:29:45","modified_gmt":"2024-03-10T13:29:45","slug":"profile-me-veshje-alumini","status":"publish","type":"page","link":"https:\/\/danteshpk.al\/it\/profile-me-veshje-alumini\/","title":{"rendered":"Profili con rivestimento in alluminio"},"content":{"rendered":"<div data-elementor-type=\"wp-page\" data-elementor-id=\"4512\" class=\"elementor elementor-4512\">\n\t\t\t\t<div class=\"elementor-element elementor-element-4658b61 e-flex e-con-boxed e-con e-parent\" data-id=\"4658b61\" data-element_type=\"container\">\n\t\t\t\t\t<div class=\"e-con-inner\">\n\t\t\t\t<div class=\"elementor-element elementor-element-47c3553 elementor-widget elementor-widget-tf-heading-section\" data-id=\"47c3553\" data-element_type=\"widget\" data-widget_type=\"tf-heading-section.default\">\n\t\t\t\t<div class=\"elementor-widget-container\">\n\t\t\t<div id=\"tf-heading-section-47c3553\" class=\"tf-heading-section\" data-tabid=\"47c3553\"> \r\n\t\t\t\t\r\n\t\t\t<div class=\"heading-section\">\r\n\t\t\t\t<div class=\"before-title\">Pi\u00f9 libert\u00e0 creativa con il rivestimento in alluminio<\/div>\r\n\t\t\t\t<h2 class=\"heading\">Rivestimenti in alluminio<\/h2>\r\n\t\t\t<\/div>                \r\n            <\/div>\t\t<\/div>\n\t\t\t\t<\/div>\n\t\t\t\t\t<\/div>\n\t\t\t\t<\/div>\n\t\t<div class=\"elementor-element elementor-element-cdf8d41 e-flex e-con-boxed e-con e-parent\" data-id=\"cdf8d41\" data-element_type=\"container\">\n\t\t\t\t\t<div class=\"e-con-inner\">\n\t\t<div class=\"elementor-element elementor-element-fdf4ff7 e-con-full e-flex e-con e-child\" data-id=\"fdf4ff7\" data-element_type=\"container\">\n\t\t\t\t<div class=\"elementor-element elementor-element-6f1c17b elementor-widget elementor-widget-image\" data-id=\"6f1c17b\" data-element_type=\"widget\" data-widget_type=\"image.default\">\n\t\t\t\t<div class=\"elementor-widget-container\">\n\t\t\t\t\t\t\t\t\t\t\t\t\t<img fetchpriority=\"high\" decoding=\"async\" width=\"168\" height=\"300\" src=\"https:\/\/danteshpk.al\/wp-content\/uploads\/2024\/03\/alu_veka-2-168x300.png\" class=\"attachment-medium size-medium wp-image-4609\" alt=\"\" srcset=\"https:\/\/danteshpk.al\/wp-content\/uploads\/2024\/03\/alu_veka-2-168x300.png 168w, https:\/\/danteshpk.al\/wp-content\/uploads\/2024\/03\/alu_veka-2.png 293w\" sizes=\"(max-width: 168px) 100vw, 168px\" \/>\t\t\t\t\t\t\t\t\t\t\t\t\t<\/div>\n\t\t\t\t<\/div>\n\t\t\t\t<\/div>\n\t\t<div class=\"elementor-element elementor-element-c19469e e-con-full e-flex e-con e-child\" data-id=\"c19469e\" data-element_type=\"container\">\n\t\t\t\t<div class=\"elementor-element elementor-element-04c98ab elementor-widget elementor-widget-heading\" data-id=\"04c98ab\" data-element_type=\"widget\" data-widget_type=\"heading.default\">\n\t\t\t\t<div class=\"elementor-widget-container\">\n\t\t\t<h2 class=\"elementor-heading-title elementor-size-default\">Rivestimenti in alluminio<\/h2>\t\t<\/div>\n\t\t\t\t<\/div>\n\t\t\t\t<div class=\"elementor-element elementor-element-52a66a1 elementor-widget elementor-widget-text-editor\" data-id=\"52a66a1\" data-element_type=\"widget\" data-widget_type=\"text-editor.default\">\n\t\t\t\t<div class=\"elementor-widget-container\">\n\t\t\t\t\t\t\t<p>Il rivestimento in alluminio amplia la gamma cromatica delle finestre VEKA. I rivestimenti possono essere anodizzati e laminati in tutti i colori della tavolozza RAL. Montandolo sul profilo del telaio e sulle ante dall'esterno, otteniamo il collegamento ideale: un design unico in alluminio e le eccellenti propriet\u00e0 di isolamento termico dei profili in PVC. Questa combinazione rappresenta la soluzione pi\u00f9 economica per raggiungere i pi\u00f9 alti standard di design, durata e comfort.<\/p>\t\t\t\t\t\t<\/div>\n\t\t\t\t<\/div>\n\t\t\t\t<\/div>\n\t\t\t\t\t<\/div>\n\t\t\t\t<\/div>\n\t\t\t\t<\/div>","protected":false},"excerpt":{"rendered":"<p>M\u00eb tep\u00ebr liri kreative me veshje alumini Veshjet me Alumin Veshjet t\u00eb Aluminit Veshjet prej alumini zgj\u00ebrojn\u00eb gam\u00ebn e ngjyrave t\u00eb dritareve VEKA. Veshjet mund t\u00eb eloksohen dhe laminohen n\u00eb t\u00eb gjitha ngjyrat [&hellip;]<\/p>","protected":false},"author":1,"featured_media":0,"parent":0,"menu_order":0,"comment_status":"closed","ping_status":"closed","template":"","meta":{"footnotes":""},"class_list":["post-4512","page","type-page","status-publish","hentry"],"yoast_head":"<!-- This site is optimized with the Yoast SEO plugin v24.0 - https:\/\/yoast.com\/wordpress\/plugins\/seo\/ -->\n<title>Profile me veshje alumini - Dante shpk<\/title>\n<meta name=\"robots\" content=\"index, follow, max-snippet:-1, max-image-preview:large, max-video-preview:-1\" \/>\n<link rel=\"canonical\" href=\"https:\/\/danteshpk.al\/it\/profile-me-veshje-alumini\/\" \/>\n<meta property=\"og:locale\" content=\"it_IT\" \/>\n<meta property=\"og:type\" content=\"article\" \/>\n<meta property=\"og:title\" content=\"Profile me veshje alumini - Dante shpk\" \/>\n<meta property=\"og:description\" content=\"M\u00eb tep\u00ebr liri kreative me veshje alumini Veshjet me Alumin Veshjet t\u00eb Aluminit Veshjet prej alumini zgj\u00ebrojn\u00eb gam\u00ebn e ngjyrave t\u00eb dritareve VEKA. Veshjet mund t\u00eb eloksohen dhe laminohen n\u00eb t\u00eb gjitha ngjyrat [&hellip;]\" \/>\n<meta property=\"og:url\" content=\"https:\/\/danteshpk.al\/it\/profile-me-veshje-alumini\/\" \/>\n<meta property=\"og:site_name\" content=\"Dante shpk\" \/>\n<meta property=\"article:publisher\" content=\"https:\/\/www.facebook.com\/profile.php?id=100066746433407\" \/>\n<meta property=\"article:modified_time\" content=\"2024-03-10T13:29:45+00:00\" \/>\n<meta property=\"og:image\" content=\"https:\/\/danteshpk.al\/wp-content\/uploads\/2024\/03\/alu_veka-2-168x300.png\" \/>\n<meta name=\"twitter:card\" content=\"summary_large_image\" \/>\n<script type=\"application\/ld+json\" class=\"yoast-schema-graph\">{\"@context\":\"https:\/\/schema.org\",\"@graph\":[{\"@type\":\"WebPage\",\"@id\":\"https:\/\/danteshpk.al\/profile-me-veshje-alumini\/\",\"url\":\"https:\/\/danteshpk.al\/profile-me-veshje-alumini\/\",\"name\":\"Profile me veshje alumini - Dante shpk\",\"isPartOf\":{\"@id\":\"https:\/\/danteshpk.al\/#website\"},\"primaryImageOfPage\":{\"@id\":\"https:\/\/danteshpk.al\/profile-me-veshje-alumini\/#primaryimage\"},\"image\":{\"@id\":\"https:\/\/danteshpk.al\/profile-me-veshje-alumini\/#primaryimage\"},\"thumbnailUrl\":\"https:\/\/danteshpk.al\/wp-content\/uploads\/2024\/03\/alu_veka-2-168x300.png\",\"datePublished\":\"2024-03-09T23:06:15+00:00\",\"dateModified\":\"2024-03-10T13:29:45+00:00\",\"breadcrumb\":{\"@id\":\"https:\/\/danteshpk.al\/profile-me-veshje-alumini\/#breadcrumb\"},\"inLanguage\":\"it-IT\",\"potentialAction\":[{\"@type\":\"ReadAction\",\"target\":[\"https:\/\/danteshpk.al\/profile-me-veshje-alumini\/\"]}]},{\"@type\":\"ImageObject\",\"inLanguage\":\"it-IT\",\"@id\":\"https:\/\/danteshpk.al\/profile-me-veshje-alumini\/#primaryimage\",\"url\":\"https:\/\/danteshpk.al\/wp-content\/uploads\/2024\/03\/alu_veka-2-168x300.png\",\"contentUrl\":\"https:\/\/danteshpk.al\/wp-content\/uploads\/2024\/03\/alu_veka-2-168x300.png\"},{\"@type\":\"BreadcrumbList\",\"@id\":\"https:\/\/danteshpk.al\/profile-me-veshje-alumini\/#breadcrumb\",\"itemListElement\":[{\"@type\":\"ListItem\",\"position\":1,\"name\":\"Home\",\"item\":\"https:\/\/danteshpk.al\/\"},{\"@type\":\"ListItem\",\"position\":2,\"name\":\"Profile me veshje alumini\"}]},{\"@type\":\"WebSite\",\"@id\":\"https:\/\/danteshpk.al\/#website\",\"url\":\"https:\/\/danteshpk.al\/\",\"name\":\"Dante shpk\",\"description\":\"\",\"publisher\":{\"@id\":\"https:\/\/danteshpk.al\/#organization\"},\"potentialAction\":[{\"@type\":\"SearchAction\",\"target\":{\"@type\":\"EntryPoint\",\"urlTemplate\":\"https:\/\/danteshpk.al\/?s={search_term_string}\"},\"query-input\":{\"@type\":\"PropertyValueSpecification\",\"valueRequired\":true,\"valueName\":\"search_term_string\"}}],\"inLanguage\":\"it-IT\"},{\"@type\":\"Organization\",\"@id\":\"https:\/\/danteshpk.al\/#organization\",\"name\":\"Dante shpk\",\"url\":\"https:\/\/danteshpk.al\/\",\"logo\":{\"@type\":\"ImageObject\",\"inLanguage\":\"it-IT\",\"@id\":\"https:\/\/danteshpk.al\/#\/schema\/logo\/image\/\",\"url\":\"https:\/\/danteshpk.al\/wp-content\/uploads\/2024\/03\/0001-Dante-Shpk-Veka-Logo-Png-1.png\",\"contentUrl\":\"https:\/\/danteshpk.al\/wp-content\/uploads\/2024\/03\/0001-Dante-Shpk-Veka-Logo-Png-1.png\",\"width\":518,\"height\":314,\"caption\":\"Dante shpk\"},\"image\":{\"@id\":\"https:\/\/danteshpk.al\/#\/schema\/logo\/image\/\"},\"sameAs\":[\"https:\/\/www.facebook.com\/profile.php?id=100066746433407\",\"https:\/\/konsulencemarketing.com\/biznesi\/dante-shpk-veka\/\"]}]}<\/script>\n<!-- \/ Yoast SEO plugin. -->","yoast_head_json":{"title":"Profile me veshje alumini - Dante shpk","robots":{"index":"index","follow":"follow","max-snippet":"max-snippet:-1","max-image-preview":"max-image-preview:large","max-video-preview":"max-video-preview:-1"},"canonical":"https:\/\/danteshpk.al\/it\/profile-me-veshje-alumini\/","og_locale":"it_IT","og_type":"article","og_title":"Profile me veshje alumini - Dante shpk","og_description":"M\u00eb tep\u00ebr liri kreative me veshje alumini Veshjet me Alumin Veshjet t\u00eb Aluminit Veshjet prej alumini zgj\u00ebrojn\u00eb gam\u00ebn e ngjyrave t\u00eb dritareve VEKA. Veshjet mund t\u00eb eloksohen dhe laminohen n\u00eb t\u00eb gjitha ngjyrat [&hellip;]","og_url":"https:\/\/danteshpk.al\/it\/profile-me-veshje-alumini\/","og_site_name":"Dante shpk","article_publisher":"https:\/\/www.facebook.com\/profile.php?id=100066746433407","article_modified_time":"2024-03-10T13:29:45+00:00","og_image":[{"url":"https:\/\/danteshpk.al\/wp-content\/uploads\/2024\/03\/alu_veka-2-168x300.png","type":"","width":"","height":""}],"twitter_card":"summary_large_image","schema":{"@context":"https:\/\/schema.org","@graph":[{"@type":"WebPage","@id":"https:\/\/danteshpk.al\/profile-me-veshje-alumini\/","url":"https:\/\/danteshpk.al\/profile-me-veshje-alumini\/","name":"Profile me veshje alumini - Dante shpk","isPartOf":{"@id":"https:\/\/danteshpk.al\/#website"},"primaryImageOfPage":{"@id":"https:\/\/danteshpk.al\/profile-me-veshje-alumini\/#primaryimage"},"image":{"@id":"https:\/\/danteshpk.al\/profile-me-veshje-alumini\/#primaryimage"},"thumbnailUrl":"https:\/\/danteshpk.al\/wp-content\/uploads\/2024\/03\/alu_veka-2-168x300.png","datePublished":"2024-03-09T23:06:15+00:00","dateModified":"2024-03-10T13:29:45+00:00","breadcrumb":{"@id":"https:\/\/danteshpk.al\/profile-me-veshje-alumini\/#breadcrumb"},"inLanguage":"it-IT","potentialAction":[{"@type":"ReadAction","target":["https:\/\/danteshpk.al\/profile-me-veshje-alumini\/"]}]},{"@type":"ImageObject","inLanguage":"it-IT","@id":"https:\/\/danteshpk.al\/profile-me-veshje-alumini\/#primaryimage","url":"https:\/\/danteshpk.al\/wp-content\/uploads\/2024\/03\/alu_veka-2-168x300.png","contentUrl":"https:\/\/danteshpk.al\/wp-content\/uploads\/2024\/03\/alu_veka-2-168x300.png"},{"@type":"BreadcrumbList","@id":"https:\/\/danteshpk.al\/profile-me-veshje-alumini\/#breadcrumb","itemListElement":[{"@type":"ListItem","position":1,"name":"Home","item":"https:\/\/danteshpk.al\/"},{"@type":"ListItem","position":2,"name":"Profile me veshje alumini"}]},{"@type":"WebSite","@id":"https:\/\/danteshpk.al\/#website","url":"https:\/\/danteshpk.al\/","name":"Dante shpk","description":"","publisher":{"@id":"https:\/\/danteshpk.al\/#organization"},"potentialAction":[{"@type":"SearchAction","target":{"@type":"EntryPoint","urlTemplate":"https:\/\/danteshpk.al\/?s={search_term_string}"},"query-input":{"@type":"PropertyValueSpecification","valueRequired":true,"valueName":"search_term_string"}}],"inLanguage":"it-IT"},{"@type":"Organization","@id":"https:\/\/danteshpk.al\/#organization","name":"Dante shpk","url":"https:\/\/danteshpk.al\/","logo":{"@type":"ImageObject","inLanguage":"it-IT","@id":"https:\/\/danteshpk.al\/#\/schema\/logo\/image\/","url":"https:\/\/danteshpk.al\/wp-content\/uploads\/2024\/03\/0001-Dante-Shpk-Veka-Logo-Png-1.png","contentUrl":"https:\/\/danteshpk.al\/wp-content\/uploads\/2024\/03\/0001-Dante-Shpk-Veka-Logo-Png-1.png","width":518,"height":314,"caption":"Dante shpk"},"image":{"@id":"https:\/\/danteshpk.al\/#\/schema\/logo\/image\/"},"sameAs":["https:\/\/www.facebook.com\/profile.php?id=100066746433407","https:\/\/konsulencemarketing.com\/biznesi\/dante-shpk-veka\/"]}]}},"_links":{"self":[{"href":"https:\/\/danteshpk.al\/it\/wp-json\/wp\/v2\/pages\/4512","targetHints":{"allow":["GET"]}}],"collection":[{"href":"https:\/\/danteshpk.al\/it\/wp-json\/wp\/v2\/pages"}],"about":[{"href":"https:\/\/danteshpk.al\/it\/wp-json\/wp\/v2\/types\/page"}],"author":[{"embeddable":true,"href":"https:\/\/danteshpk.al\/it\/wp-json\/wp\/v2\/users\/1"}],"replies":[{"embeddable":true,"href":"https:\/\/danteshpk.al\/it\/wp-json\/wp\/v2\/comments?post=4512"}],"version-history":[{"count":13,"href":"https:\/\/danteshpk.al\/it\/wp-json\/wp\/v2\/pages\/4512\/revisions"}],"predecessor-version":[{"id":4612,"href":"https:\/\/danteshpk.al\/it\/wp-json\/wp\/v2\/pages\/4512\/revisions\/4612"}],"wp:attachment":[{"href":"https:\/\/danteshpk.al\/it\/wp-json\/wp\/v2\/media?parent=4512"}],"curies":[{"name":"wp","href":"https:\/\/api.w.org\/{rel}","templated":true}]}}