{"id":4658,"date":"2024-03-10T22:37:26","date_gmt":"2024-03-10T22:37:26","guid":{"rendered":"https:\/\/danteshpk.al\/?page_id=4658"},"modified":"2024-03-16T23:45:54","modified_gmt":"2024-03-16T23:45:54","slug":"dritarja","status":"publish","type":"page","link":"https:\/\/danteshpk.al\/it\/dritarja\/","title":{"rendered":"Finestra"},"content":{"rendered":"<div data-elementor-type=\"wp-page\" data-elementor-id=\"4658\" class=\"elementor elementor-4658\">\n\t\t\t\t<div class=\"elementor-element elementor-element-f4ba3a4 e-flex e-con-boxed e-con e-parent\" data-id=\"f4ba3a4\" data-element_type=\"container\">\n\t\t\t\t\t<div class=\"e-con-inner\">\n\t\t\t\t<div class=\"elementor-element elementor-element-0d12d32 elementor-widget elementor-widget-heading\" data-id=\"0d12d32\" data-element_type=\"widget\" data-widget_type=\"heading.default\">\n\t\t\t\t<div class=\"elementor-widget-container\">\n\t\t\t<h2 class=\"elementor-heading-title elementor-size-default\">FINESTRA<\/h2>\t\t<\/div>\n\t\t\t\t<\/div>\n\t\t\t\t\t<\/div>\n\t\t\t\t<\/div>\n\t\t<div class=\"elementor-element elementor-element-1271c41 e-flex e-con-boxed e-con e-parent\" data-id=\"1271c41\" data-element_type=\"container\">\n\t\t\t\t\t<div class=\"e-con-inner\">\n\t\t\t\t<div class=\"elementor-element elementor-element-1295fa2 elementor-widget elementor-widget-text-editor\" data-id=\"1295fa2\" data-element_type=\"widget\" data-widget_type=\"text-editor.default\">\n\t\t\t\t<div class=\"elementor-widget-container\">\n\t\t\t\t\t\t\t<p style=\"text-align: center;\">Le finestre, pi\u00f9 di ogni altro elemento costruttivo, influenzano l\u2019architettura. Al confine tra spazio interno ed esterno, hanno un ruolo unico.<\/p><p style=\"text-align: center;\">Questa \u00e8 l'idea dell'azienda VEKA, che da quasi 50 anni rappresenta la base per lo sviluppo e la produzione di sistemi di finestre che soddisfano i pi\u00f9 alti requisiti estetici e funzionali. Ci occupiamo esclusivamente della produzione di profili in PVC e solo di Classe A (secondo DIN EN 12608).<\/p><p style=\"text-align: center;\">Quali sono tutte le opzioni a tua disposizione e come applicare le idee architettoniche di VEKA in modo affidabile e aziendale, troverai\u00a0<a href=\"https:\/\/create.veka.de\/\" target=\"_blank\" rel=\"noopener\"><strong>QUI &gt;&gt;<\/strong><\/a>.<\/p>\t\t\t\t\t\t<\/div>\n\t\t\t\t<\/div>\n\t\t\t\t\t<\/div>\n\t\t\t\t<\/div>\n\t\t<div class=\"elementor-element elementor-element-7d12b6f e-flex e-con-boxed e-con e-parent\" data-id=\"7d12b6f\" data-element_type=\"container\">\n\t\t\t\t\t<div class=\"e-con-inner\">\n\t\t\t\t<div class=\"elementor-element elementor-element-8477ec8 elementor-tabs-alignment-stretch elementor-tabs-view-horizontal elementor-widget elementor-widget-tabs\" data-id=\"8477ec8\" data-element_type=\"widget\" data-widget_type=\"tabs.default\">\n\t\t\t\t<div class=\"elementor-widget-container\">\n\t\t\t\t\t<div class=\"elementor-tabs\">\n\t\t\t<div class=\"elementor-tabs-wrapper\" role=\"tablist\" >\n\t\t\t\t\t\t\t\t\t<div id=\"elementor-tab-title-1381\" class=\"elementor-tab-title elementor-tab-desktop-title\" aria-selected=\"true\" data-tab=\"1\" role=\"tab\" tabindex=\"0\" aria-controls=\"elementor-tab-content-1381\" aria-expanded=\"false\">Testi di gara secondo sistemi<\/div>\n\t\t\t\t\t\t\t\t\t<div id=\"elementor-tab-title-1382\" class=\"elementor-tab-title elementor-tab-desktop-title\" aria-selected=\"false\" data-tab=\"2\" role=\"tab\" tabindex=\"-1\" aria-controls=\"elementor-tab-content-1382\" aria-expanded=\"false\">Certificati<\/div>\n\t\t\t\t\t\t\t<\/div>\n\t\t\t<div class=\"elementor-tabs-content-wrapper\" role=\"tablist\" aria-orientation=\"vertical\">\n\t\t\t\t\t\t\t\t\t<div class=\"elementor-tab-title elementor-tab-mobile-title\" aria-selected=\"true\" data-tab=\"1\" role=\"tab\" tabindex=\"0\" aria-controls=\"elementor-tab-content-1381\" aria-expanded=\"false\">Testi di gara secondo sistemi<\/div>\n\t\t\t\t\t<div id=\"elementor-tab-content-1381\" class=\"elementor-tab-content elementor-clearfix\" data-tab=\"1\" role=\"tabpanel\" aria-labelledby=\"elementor-tab-title-1381\" tabindex=\"0\" hidden=\"false\"><p><img decoding=\"async\" class=\"alignnone  wp-image-4679\" src=\"https:\/\/danteshpk.al\/wp-content\/uploads\/2024\/03\/0001-Dante-Shpk-Veka-Logo-Png-3.png\" alt=\"\" width=\"69\" height=\"42\" \/> <a href=\"https:\/\/danteshpk.al\/wp-content\/uploads\/2024\/03\/TENDER-70mm-Sistem.pdf\">Sistema TENDER 70mm<\/a><\/p><p><img decoding=\"async\" class=\"alignnone  wp-image-4679\" src=\"https:\/\/danteshpk.al\/wp-content\/uploads\/2024\/03\/0001-Dante-Shpk-Veka-Logo-Png-3.png\" alt=\"\" width=\"69\" height=\"42\" \/> <a href=\"https:\/\/danteshpk.al\/wp-content\/uploads\/2024\/03\/TENDER-82mm-Sistem.pdf\">Sistema TENDER 82mm<\/a><\/p><\/div>\n\t\t\t\t\t\t\t\t\t<div class=\"elementor-tab-title elementor-tab-mobile-title\" aria-selected=\"false\" data-tab=\"2\" role=\"tab\" tabindex=\"-1\" aria-controls=\"elementor-tab-content-1382\" aria-expanded=\"false\">Certificati<\/div>\n\t\t\t\t\t<div id=\"elementor-tab-content-1382\" class=\"elementor-tab-content elementor-clearfix\" data-tab=\"2\" role=\"tabpanel\" aria-labelledby=\"elementor-tab-title-1382\" tabindex=\"0\" hidden=\"hidden\"><p><img decoding=\"async\" class=\"alignnone wp-image-4679\" src=\"https:\/\/danteshpk.al\/wp-content\/uploads\/2024\/03\/0001-Dante-Shpk-Veka-Logo-Png-3.png\" alt=\"\" width=\"69\" height=\"42\" \/><a href=\"https:\/\/danteshpk.al\/wp-content\/uploads\/2024\/03\/013-Toplota-Uf-70AD.pdf\">Uf 70AD<\/a><\/p><p><img decoding=\"async\" class=\"alignnone wp-image-4679\" src=\"https:\/\/danteshpk.al\/wp-content\/uploads\/2024\/03\/0001-Dante-Shpk-Veka-Logo-Png-3.png\" alt=\"\" width=\"69\" height=\"42\" \/> \u00a0<a href=\"https:\/\/danteshpk.al\/wp-content\/uploads\/2024\/03\/014-Toplota-Uf-70MD.pdf\">Uf 70MD<\/a><\/p><p><img decoding=\"async\" class=\"alignnone wp-image-4679\" src=\"https:\/\/danteshpk.al\/wp-content\/uploads\/2024\/03\/0001-Dante-Shpk-Veka-Logo-Png-3.png\" alt=\"\" width=\"69\" height=\"42\" \/><a href=\"https:\/\/danteshpk.al\/wp-content\/uploads\/2024\/03\/015-Toplota-Uf-76-MD.pdf\">Uf 76 MD<\/a><\/p><p><img decoding=\"async\" class=\"alignnone wp-image-4679\" src=\"https:\/\/danteshpk.al\/wp-content\/uploads\/2024\/03\/0001-Dante-Shpk-Veka-Logo-Png-3.png\" alt=\"\" width=\"69\" height=\"42\" \/> <a href=\"https:\/\/danteshpk.al\/wp-content\/uploads\/2024\/03\/016-Toplota-Uf-SL-76-AD.pdf\">Uf SL 76 AD<\/a><\/p><p><img decoding=\"async\" class=\"alignnone wp-image-4679\" src=\"https:\/\/danteshpk.al\/wp-content\/uploads\/2024\/03\/0001-Dante-Shpk-Veka-Logo-Png-3.png\" alt=\"\" width=\"69\" height=\"42\" \/><a href=\"https:\/\/danteshpk.al\/wp-content\/uploads\/2024\/03\/017-Toplota-Uf-SL-82-MD.pdf\">Uf SL 82 MD<\/a><\/p><p><img decoding=\"async\" class=\"alignnone wp-image-4679\" src=\"https:\/\/danteshpk.al\/wp-content\/uploads\/2024\/03\/0001-Dante-Shpk-Veka-Logo-Png-3.png\" alt=\"\" width=\"69\" height=\"42\" \/> <a href=\"https:\/\/danteshpk.al\/wp-content\/uploads\/2024\/03\/018-Toplota-Uf-82-AD.pdf\">Uf 82 AD<\/a><\/p><p><img decoding=\"async\" class=\"alignnone wp-image-4679\" src=\"https:\/\/danteshpk.al\/wp-content\/uploads\/2024\/03\/0001-Dante-Shpk-Veka-Logo-Png-3.png\" alt=\"\" width=\"69\" height=\"42\" \/><a href=\"https:\/\/danteshpk.al\/wp-content\/uploads\/2024\/03\/019-Toplota-Uf-ARTLINE-82.pdf\">Uf ARTLINE 82<\/a><\/p><p><img decoding=\"async\" class=\"alignnone wp-image-4679\" src=\"https:\/\/danteshpk.al\/wp-content\/uploads\/2024\/03\/0001-Dante-Shpk-Veka-Logo-Png-3.png\" alt=\"\" width=\"69\" height=\"42\" \/><a href=\"https:\/\/danteshpk.al\/wp-content\/uploads\/2024\/03\/020-Toplota-Uf-VS-70.pdf\">Uf VS 70<\/a><\/p><p><img decoding=\"async\" class=\"alignnone wp-image-4679\" src=\"https:\/\/danteshpk.al\/wp-content\/uploads\/2024\/03\/0001-Dante-Shpk-Veka-Logo-Png-3.png\" alt=\"\" width=\"69\" height=\"42\" \/><a href=\"https:\/\/danteshpk.al\/wp-content\/uploads\/2024\/03\/021-Toplota-Uf-VS-82.pdf\">Uf VS 82<\/a><\/p><p><img decoding=\"async\" class=\"alignnone wp-image-4679\" src=\"https:\/\/danteshpk.al\/wp-content\/uploads\/2024\/03\/0001-Dante-Shpk-Veka-Logo-Png-3.png\" alt=\"\" width=\"69\" height=\"42\" \/> <a href=\"https:\/\/danteshpk.al\/wp-content\/uploads\/2024\/03\/016-Toplota-Uf-SL-76-AD.pdf\">Uf <\/a><a href=\"https:\/\/danteshpk.al\/wp-content\/uploads\/2024\/03\/022-Toplota-VEKAVARIANT-2.0.pdf\">VEKAVARIANT 2.0<\/a><\/p><\/div>\n\t\t\t\t\t\t\t<\/div>\n\t\t<\/div>\n\t\t\t\t<\/div>\n\t\t\t\t<\/div>\n\t\t\t\t\t<\/div>\n\t\t\t\t<\/div>\n\t\t\t\t<\/div>","protected":false},"excerpt":{"rendered":"<p>DRITARJA Dritaret m\u00eb shum\u00eb se \u00e7do element tjet\u00ebr nd\u00ebrtimi ndikojn\u00eb n\u00eb arkitektur\u00eb. N\u00eb kufi nd\u00ebrmjet hap\u00ebsir\u00ebs s\u00eb brendshme dhe t\u00eb jashtme, ata kan\u00eb nj\u00eb rol unik. Kjo \u00ebsht\u00eb idea e kompanis\u00eb VEKA e [&hellip;]<\/p>","protected":false},"author":1,"featured_media":0,"parent":0,"menu_order":0,"comment_status":"closed","ping_status":"closed","template":"","meta":{"footnotes":""},"class_list":["post-4658","page","type-page","status-publish","hentry"],"yoast_head":"<!-- This site is optimized with the Yoast SEO plugin v24.0 - https:\/\/yoast.com\/wordpress\/plugins\/seo\/ -->\n<title>Dritarja - Dante shpk<\/title>\n<meta name=\"description\" content=\"Dritaret m\u00eb shum\u00eb se \u00e7do element tjet\u00ebr nd\u00ebrtimi ndikojn\u00eb n\u00eb arkitektur\u00eb. \u00eb kufi nd\u00ebrmjet hap\u00ebsir\u00ebs s\u00eb brendshme dhe t\u00eb jashtme, ata kan\u00eb nj\u00eb rol unik. Kjo \u00ebsht\u00eb idea e kompanis\u00eb VEKA e cila p\u00ebrfaq\u00ebson pothuajse 50 vite t\u00eb plota t\u00eb baz\u00ebs p\u00ebr zhvillimin dhe prodhimin e sistemeve p\u00ebr dritare.\" \/>\n<meta name=\"robots\" content=\"index, follow, max-snippet:-1, max-image-preview:large, max-video-preview:-1\" \/>\n<link rel=\"canonical\" href=\"https:\/\/danteshpk.al\/it\/dritarja\/\" \/>\n<meta property=\"og:locale\" content=\"it_IT\" \/>\n<meta property=\"og:type\" content=\"article\" \/>\n<meta property=\"og:title\" content=\"Dritarja - Dante shpk\" \/>\n<meta property=\"og:description\" content=\"Dritaret m\u00eb shum\u00eb se \u00e7do element tjet\u00ebr nd\u00ebrtimi ndikojn\u00eb n\u00eb arkitektur\u00eb. \u00eb kufi nd\u00ebrmjet hap\u00ebsir\u00ebs s\u00eb brendshme dhe t\u00eb jashtme, ata kan\u00eb nj\u00eb rol unik. Kjo \u00ebsht\u00eb idea e kompanis\u00eb VEKA e cila p\u00ebrfaq\u00ebson pothuajse 50 vite t\u00eb plota t\u00eb baz\u00ebs p\u00ebr zhvillimin dhe prodhimin e sistemeve p\u00ebr dritare.\" \/>\n<meta property=\"og:url\" content=\"https:\/\/danteshpk.al\/it\/dritarja\/\" \/>\n<meta property=\"og:site_name\" content=\"Dante shpk\" \/>\n<meta property=\"article:publisher\" content=\"https:\/\/www.facebook.com\/profile.php?id=100066746433407\" \/>\n<meta property=\"article:modified_time\" content=\"2024-03-16T23:45:54+00:00\" \/>\n<meta property=\"og:image\" content=\"https:\/\/danteshpk.al\/wp-content\/uploads\/2024\/03\/0001-Dante-Shpk-Veka-Logo-Png-3.png\" \/>\n<meta name=\"twitter:card\" content=\"summary_large_image\" \/>\n<meta name=\"twitter:label1\" content=\"Tempo di lettura stimato\" \/>\n\t<meta name=\"twitter:data1\" content=\"4 minuti\" \/>\n<script type=\"application\/ld+json\" class=\"yoast-schema-graph\">{\"@context\":\"https:\/\/schema.org\",\"@graph\":[{\"@type\":\"WebPage\",\"@id\":\"https:\/\/danteshpk.al\/dritarja\/\",\"url\":\"https:\/\/danteshpk.al\/dritarja\/\",\"name\":\"Dritarja - Dante shpk\",\"isPartOf\":{\"@id\":\"https:\/\/danteshpk.al\/#website\"},\"primaryImageOfPage\":{\"@id\":\"https:\/\/danteshpk.al\/dritarja\/#primaryimage\"},\"image\":{\"@id\":\"https:\/\/danteshpk.al\/dritarja\/#primaryimage\"},\"thumbnailUrl\":\"https:\/\/danteshpk.al\/wp-content\/uploads\/2024\/03\/0001-Dante-Shpk-Veka-Logo-Png-3.png\",\"datePublished\":\"2024-03-10T22:37:26+00:00\",\"dateModified\":\"2024-03-16T23:45:54+00:00\",\"description\":\"Dritaret m\u00eb shum\u00eb se \u00e7do element tjet\u00ebr nd\u00ebrtimi ndikojn\u00eb n\u00eb arkitektur\u00eb. \u00eb kufi nd\u00ebrmjet hap\u00ebsir\u00ebs s\u00eb brendshme dhe t\u00eb jashtme, ata kan\u00eb nj\u00eb rol unik. Kjo \u00ebsht\u00eb idea e kompanis\u00eb VEKA e cila p\u00ebrfaq\u00ebson pothuajse 50 vite t\u00eb plota t\u00eb baz\u00ebs p\u00ebr zhvillimin dhe prodhimin e sistemeve p\u00ebr dritare.\",\"breadcrumb\":{\"@id\":\"https:\/\/danteshpk.al\/dritarja\/#breadcrumb\"},\"inLanguage\":\"it-IT\",\"potentialAction\":[{\"@type\":\"ReadAction\",\"target\":[\"https:\/\/danteshpk.al\/dritarja\/\"]}]},{\"@type\":\"ImageObject\",\"inLanguage\":\"it-IT\",\"@id\":\"https:\/\/danteshpk.al\/dritarja\/#primaryimage\",\"url\":\"https:\/\/danteshpk.al\/wp-content\/uploads\/2024\/03\/0001-Dante-Shpk-Veka-Logo-Png-3.png\",\"contentUrl\":\"https:\/\/danteshpk.al\/wp-content\/uploads\/2024\/03\/0001-Dante-Shpk-Veka-Logo-Png-3.png\"},{\"@type\":\"BreadcrumbList\",\"@id\":\"https:\/\/danteshpk.al\/dritarja\/#breadcrumb\",\"itemListElement\":[{\"@type\":\"ListItem\",\"position\":1,\"name\":\"Home\",\"item\":\"https:\/\/danteshpk.al\/\"},{\"@type\":\"ListItem\",\"position\":2,\"name\":\"Dritarja\"}]},{\"@type\":\"WebSite\",\"@id\":\"https:\/\/danteshpk.al\/#website\",\"url\":\"https:\/\/danteshpk.al\/\",\"name\":\"Dante shpk\",\"description\":\"\",\"publisher\":{\"@id\":\"https:\/\/danteshpk.al\/#organization\"},\"potentialAction\":[{\"@type\":\"SearchAction\",\"target\":{\"@type\":\"EntryPoint\",\"urlTemplate\":\"https:\/\/danteshpk.al\/?s={search_term_string}\"},\"query-input\":{\"@type\":\"PropertyValueSpecification\",\"valueRequired\":true,\"valueName\":\"search_term_string\"}}],\"inLanguage\":\"it-IT\"},{\"@type\":\"Organization\",\"@id\":\"https:\/\/danteshpk.al\/#organization\",\"name\":\"Dante shpk\",\"url\":\"https:\/\/danteshpk.al\/\",\"logo\":{\"@type\":\"ImageObject\",\"inLanguage\":\"it-IT\",\"@id\":\"https:\/\/danteshpk.al\/#\/schema\/logo\/image\/\",\"url\":\"https:\/\/danteshpk.al\/wp-content\/uploads\/2024\/03\/0001-Dante-Shpk-Veka-Logo-Png-1.png\",\"contentUrl\":\"https:\/\/danteshpk.al\/wp-content\/uploads\/2024\/03\/0001-Dante-Shpk-Veka-Logo-Png-1.png\",\"width\":518,\"height\":314,\"caption\":\"Dante shpk\"},\"image\":{\"@id\":\"https:\/\/danteshpk.al\/#\/schema\/logo\/image\/\"},\"sameAs\":[\"https:\/\/www.facebook.com\/profile.php?id=100066746433407\",\"https:\/\/konsulencemarketing.com\/biznesi\/dante-shpk-veka\/\"]}]}<\/script>\n<!-- \/ Yoast SEO plugin. -->","yoast_head_json":{"title":"Dritarja - Dante shpk","description":"Dritaret m\u00eb shum\u00eb se \u00e7do element tjet\u00ebr nd\u00ebrtimi ndikojn\u00eb n\u00eb arkitektur\u00eb. \u00eb kufi nd\u00ebrmjet hap\u00ebsir\u00ebs s\u00eb brendshme dhe t\u00eb jashtme, ata kan\u00eb nj\u00eb rol unik. Kjo \u00ebsht\u00eb idea e kompanis\u00eb VEKA e cila p\u00ebrfaq\u00ebson pothuajse 50 vite t\u00eb plota t\u00eb baz\u00ebs p\u00ebr zhvillimin dhe prodhimin e sistemeve p\u00ebr dritare.","robots":{"index":"index","follow":"follow","max-snippet":"max-snippet:-1","max-image-preview":"max-image-preview:large","max-video-preview":"max-video-preview:-1"},"canonical":"https:\/\/danteshpk.al\/it\/dritarja\/","og_locale":"it_IT","og_type":"article","og_title":"Dritarja - Dante shpk","og_description":"Dritaret m\u00eb shum\u00eb se \u00e7do element tjet\u00ebr nd\u00ebrtimi ndikojn\u00eb n\u00eb arkitektur\u00eb. \u00eb kufi nd\u00ebrmjet hap\u00ebsir\u00ebs s\u00eb brendshme dhe t\u00eb jashtme, ata kan\u00eb nj\u00eb rol unik. Kjo \u00ebsht\u00eb idea e kompanis\u00eb VEKA e cila p\u00ebrfaq\u00ebson pothuajse 50 vite t\u00eb plota t\u00eb baz\u00ebs p\u00ebr zhvillimin dhe prodhimin e sistemeve p\u00ebr dritare.","og_url":"https:\/\/danteshpk.al\/it\/dritarja\/","og_site_name":"Dante shpk","article_publisher":"https:\/\/www.facebook.com\/profile.php?id=100066746433407","article_modified_time":"2024-03-16T23:45:54+00:00","og_image":[{"url":"https:\/\/danteshpk.al\/wp-content\/uploads\/2024\/03\/0001-Dante-Shpk-Veka-Logo-Png-3.png","type":"","width":"","height":""}],"twitter_card":"summary_large_image","twitter_misc":{"Tempo di lettura stimato":"4 minuti"},"schema":{"@context":"https:\/\/schema.org","@graph":[{"@type":"WebPage","@id":"https:\/\/danteshpk.al\/dritarja\/","url":"https:\/\/danteshpk.al\/dritarja\/","name":"Dritarja - Dante shpk","isPartOf":{"@id":"https:\/\/danteshpk.al\/#website"},"primaryImageOfPage":{"@id":"https:\/\/danteshpk.al\/dritarja\/#primaryimage"},"image":{"@id":"https:\/\/danteshpk.al\/dritarja\/#primaryimage"},"thumbnailUrl":"https:\/\/danteshpk.al\/wp-content\/uploads\/2024\/03\/0001-Dante-Shpk-Veka-Logo-Png-3.png","datePublished":"2024-03-10T22:37:26+00:00","dateModified":"2024-03-16T23:45:54+00:00","description":"Dritaret m\u00eb shum\u00eb se \u00e7do element tjet\u00ebr nd\u00ebrtimi ndikojn\u00eb n\u00eb arkitektur\u00eb. \u00eb kufi nd\u00ebrmjet hap\u00ebsir\u00ebs s\u00eb brendshme dhe t\u00eb jashtme, ata kan\u00eb nj\u00eb rol unik. Kjo \u00ebsht\u00eb idea e kompanis\u00eb VEKA e cila p\u00ebrfaq\u00ebson pothuajse 50 vite t\u00eb plota t\u00eb baz\u00ebs p\u00ebr zhvillimin dhe prodhimin e sistemeve p\u00ebr dritare.","breadcrumb":{"@id":"https:\/\/danteshpk.al\/dritarja\/#breadcrumb"},"inLanguage":"it-IT","potentialAction":[{"@type":"ReadAction","target":["https:\/\/danteshpk.al\/dritarja\/"]}]},{"@type":"ImageObject","inLanguage":"it-IT","@id":"https:\/\/danteshpk.al\/dritarja\/#primaryimage","url":"https:\/\/danteshpk.al\/wp-content\/uploads\/2024\/03\/0001-Dante-Shpk-Veka-Logo-Png-3.png","contentUrl":"https:\/\/danteshpk.al\/wp-content\/uploads\/2024\/03\/0001-Dante-Shpk-Veka-Logo-Png-3.png"},{"@type":"BreadcrumbList","@id":"https:\/\/danteshpk.al\/dritarja\/#breadcrumb","itemListElement":[{"@type":"ListItem","position":1,"name":"Home","item":"https:\/\/danteshpk.al\/"},{"@type":"ListItem","position":2,"name":"Dritarja"}]},{"@type":"WebSite","@id":"https:\/\/danteshpk.al\/#website","url":"https:\/\/danteshpk.al\/","name":"Dante shpk","description":"","publisher":{"@id":"https:\/\/danteshpk.al\/#organization"},"potentialAction":[{"@type":"SearchAction","target":{"@type":"EntryPoint","urlTemplate":"https:\/\/danteshpk.al\/?s={search_term_string}"},"query-input":{"@type":"PropertyValueSpecification","valueRequired":true,"valueName":"search_term_string"}}],"inLanguage":"it-IT"},{"@type":"Organization","@id":"https:\/\/danteshpk.al\/#organization","name":"Dante shpk","url":"https:\/\/danteshpk.al\/","logo":{"@type":"ImageObject","inLanguage":"it-IT","@id":"https:\/\/danteshpk.al\/#\/schema\/logo\/image\/","url":"https:\/\/danteshpk.al\/wp-content\/uploads\/2024\/03\/0001-Dante-Shpk-Veka-Logo-Png-1.png","contentUrl":"https:\/\/danteshpk.al\/wp-content\/uploads\/2024\/03\/0001-Dante-Shpk-Veka-Logo-Png-1.png","width":518,"height":314,"caption":"Dante shpk"},"image":{"@id":"https:\/\/danteshpk.al\/#\/schema\/logo\/image\/"},"sameAs":["https:\/\/www.facebook.com\/profile.php?id=100066746433407","https:\/\/konsulencemarketing.com\/biznesi\/dante-shpk-veka\/"]}]}},"_links":{"self":[{"href":"https:\/\/danteshpk.al\/it\/wp-json\/wp\/v2\/pages\/4658","targetHints":{"allow":["GET"]}}],"collection":[{"href":"https:\/\/danteshpk.al\/it\/wp-json\/wp\/v2\/pages"}],"about":[{"href":"https:\/\/danteshpk.al\/it\/wp-json\/wp\/v2\/types\/page"}],"author":[{"embeddable":true,"href":"https:\/\/danteshpk.al\/it\/wp-json\/wp\/v2\/users\/1"}],"replies":[{"embeddable":true,"href":"https:\/\/danteshpk.al\/it\/wp-json\/wp\/v2\/comments?post=4658"}],"version-history":[{"count":11,"href":"https:\/\/danteshpk.al\/it\/wp-json\/wp\/v2\/pages\/4658\/revisions"}],"predecessor-version":[{"id":5093,"href":"https:\/\/danteshpk.al\/it\/wp-json\/wp\/v2\/pages\/4658\/revisions\/5093"}],"wp:attachment":[{"href":"https:\/\/danteshpk.al\/it\/wp-json\/wp\/v2\/media?parent=4658"}],"curies":[{"name":"wp","href":"https:\/\/api.w.org\/{rel}","templated":true}]}}