{"id":4662,"date":"2024-03-10T22:38:24","date_gmt":"2024-03-10T22:38:24","guid":{"rendered":"https:\/\/danteshpk.al\/?page_id=4662"},"modified":"2024-03-16T23:48:59","modified_gmt":"2024-03-16T23:48:59","slug":"veka-kualiteti","status":"publish","type":"page","link":"https:\/\/danteshpk.al\/it\/veka-kualiteti\/","title":{"rendered":"VEKA Qualit\u00e0"},"content":{"rendered":"<div data-elementor-type=\"wp-page\" data-elementor-id=\"4662\" class=\"elementor elementor-4662\">\n\t\t\t\t<div class=\"elementor-element elementor-element-639f945 e-flex e-con-boxed e-con e-parent\" data-id=\"639f945\" data-element_type=\"container\">\n\t\t\t\t\t<div class=\"e-con-inner\">\n\t\t\t\t<div class=\"elementor-element elementor-element-b4d49cf elementor-widget elementor-widget-heading\" data-id=\"b4d49cf\" data-element_type=\"widget\" data-widget_type=\"heading.default\">\n\t\t\t\t<div class=\"elementor-widget-container\">\n\t\t\t<h2 class=\"elementor-heading-title elementor-size-default\">Profili di classe A superiore<\/h2>\t\t<\/div>\n\t\t\t\t<\/div>\n\t\t\t\t\t<\/div>\n\t\t\t\t<\/div>\n\t\t<div class=\"elementor-element elementor-element-26cf02e e-flex e-con-boxed e-con e-parent\" data-id=\"26cf02e\" data-element_type=\"container\">\n\t\t\t\t\t<div class=\"e-con-inner\">\n\t\t\t\t<div class=\"elementor-element elementor-element-a617441 elementor-widget elementor-widget-text-editor\" data-id=\"a617441\" data-element_type=\"widget\" data-widget_type=\"text-editor.default\">\n\t\t\t\t<div class=\"elementor-widget-container\">\n\t\t\t\t\t\t\t<ol><li>Le pareti esterne per finestre e porte di profili sono il fattore pi\u00f9 importante in termini di qualit\u00e0 e funzionalit\u00e0, pertanto la norma europea DIN EN 12608 seleziona inizialmente i profili nelle classi A, B e C in base allo spessore della parete esterna.<\/li><li>Purtroppo la RAL Quality Marking Association non effettua pi\u00f9 la classificazione dei profili in PVC, quindi dal 2014 esiste solo la certificazione RAL dei profili in PVC.<\/li><li>La richiesta di profili di classe A \u00e8 molto elevata: lo spessore previsto per le pareti esterne dei profili \u00e8 di 3 mm (tolleranza consentita da 0,2 mm), che rappresenta il 10% dello spessore delle pareti di classe B. Durante la produzione delle finestre, pi\u00f9 nello specifico, quando le viti vengono posizionate nella grondaia e i profili vengono collegati, questa differenza aumenta e supera il 20%.<\/li><\/ol>\t\t\t\t\t\t<\/div>\n\t\t\t\t<\/div>\n\t\t\t\t\t<\/div>\n\t\t\t\t<\/div>\n\t\t<div class=\"elementor-element elementor-element-c27b1a8 e-flex e-con-boxed e-con e-parent\" data-id=\"c27b1a8\" data-element_type=\"container\">\n\t\t\t\t\t<div class=\"e-con-inner\">\n\t\t\t\t<div class=\"elementor-element elementor-element-957b715 elementor-widget elementor-widget-heading\" data-id=\"957b715\" data-element_type=\"widget\" data-widget_type=\"heading.default\">\n\t\t\t\t<div class=\"elementor-widget-container\">\n\t\t\t<h2 class=\"elementor-heading-title elementor-size-default\">PVC: materiale ideale<\/h2>\t\t<\/div>\n\t\t\t\t<\/div>\n\t\t\t\t\t<\/div>\n\t\t\t\t<\/div>\n\t\t<div class=\"elementor-element elementor-element-f4e9349 e-flex e-con-boxed e-con e-parent\" data-id=\"f4e9349\" data-element_type=\"container\">\n\t\t\t\t\t<div class=\"e-con-inner\">\n\t\t\t\t<div class=\"elementor-element elementor-element-cff2ea2 elementor-widget elementor-widget-text-editor\" data-id=\"cff2ea2\" data-element_type=\"widget\" data-widget_type=\"text-editor.default\">\n\t\t\t\t<div class=\"elementor-widget-container\">\n\t\t\t\t\t\t\t<ol><li>L'azienda VEKA \u00e8 specializzata nella lavorazione della materia prima pi\u00f9 moderna, il PVC, che offre importanti vantaggi non solo economici ma anche ecologici. Il materiale in PVC \u00e8 estremamente durevole, grazie alla sua eccezionale resistenza agli agenti atmosferici e durata.<\/li><li>Non ci sono costi aggiuntivi di verniciatura, perch\u00e9 la loro superficie liscia \u00e8 molto facile da mantenere. Inoltre, il materiale PVC \u00e8 caratterizzato da un'eccezionale resistenza e propriet\u00e0 isolanti superiori. Allo stesso tempo, il PVC protegge l'ambiente: la pratica aziendale fondamentale dell'azienda VEKA \u00e8 quella di proteggere l'ambiente, e la realizzazione di questo principio \u00e8 evidente sia nel processo produttivo che nelle attivit\u00e0 legate al riciclaggio.<\/li><\/ol>\t\t\t\t\t\t<\/div>\n\t\t\t\t<\/div>\n\t\t\t\t\t<\/div>\n\t\t\t\t<\/div>\n\t\t<div class=\"elementor-element elementor-element-374bb01 e-flex e-con-boxed e-con e-parent\" data-id=\"374bb01\" data-element_type=\"container\">\n\t\t\t\t\t<div class=\"e-con-inner\">\n\t\t\t\t<div class=\"elementor-element elementor-element-07207cd elementor-widget elementor-widget-heading\" data-id=\"07207cd\" data-element_type=\"widget\" data-widget_type=\"heading.default\">\n\t\t\t\t<div class=\"elementor-widget-container\">\n\t\t\t<h2 class=\"elementor-heading-title elementor-size-default\">Isolamentotermico<\/h2>\t\t<\/div>\n\t\t\t\t<\/div>\n\t\t\t\t\t<\/div>\n\t\t\t\t<\/div>\n\t\t<div class=\"elementor-element elementor-element-5e87b56 e-flex e-con-boxed e-con e-parent\" data-id=\"5e87b56\" data-element_type=\"container\">\n\t\t\t\t\t<div class=\"e-con-inner\">\n\t\t\t\t<div class=\"elementor-element elementor-element-d2e8a8c elementor-widget elementor-widget-text-editor\" data-id=\"d2e8a8c\" data-element_type=\"widget\" data-widget_type=\"text-editor.default\">\n\t\t\t\t<div class=\"elementor-widget-container\">\n\t\t\t\t\t\t\t<ol><li>Quando si parla di isolamento termico dell\u2019edificio, le finestre e le porte sono il fattore pi\u00f9 importante. Utilizzando una serie di misurazioni precise \u00e8 possibile sfruttare i maggiori potenziali energetici.<\/li><li>I profili VEKA implicano l'attuazione degli standard prescritti dalle leggi sull'isolamento termico sia per le nuove costruzioni che per gli edifici ristrutturati. Inoltre, gli elevati standard definiti dalla Energy Conservation Rule (EnEV) saranno facilmente raggiunti.<\/li><li>Quando si tratta dell\u2019isolamento termico della finestra, l\u2019elemento pi\u00f9 importante \u00e8 il coefficiente di trasmittanza termica (il cosiddetto valore U). Utilizzando uno speciale vetro termico e la tecnologia VEKA-PVC e multicamera di alta qualit\u00e0, si ottengono risultati ottimali.<\/li><li>Le finestre VEKA soddisfano tutti questi requisiti non solo per il loro design accattivante, ma anche per gli eccezionali valori interni: stabilit\u00e0, sistemi multicamera ad alto isolamento riducono i costi di riscaldamento e offrono la massima protezione e sicurezza. Una protezione acustica ottimale aumenta la qualit\u00e0 e il comfort abitativo, mentre il materiale \u00e8 di facile manutenzione, resistente alle intemperie, durevole e offre alla finestra un aspetto gradevole. I rinforzi metallici compatibili con i sistemi VEKA garantiscono un elevato livello di sicurezza.<\/li><\/ol>\t\t\t\t\t\t<\/div>\n\t\t\t\t<\/div>\n\t\t\t\t\t<\/div>\n\t\t\t\t<\/div>\n\t\t<div class=\"elementor-element elementor-element-b3191c7 e-flex e-con-boxed e-con e-parent\" data-id=\"b3191c7\" data-element_type=\"container\">\n\t\t\t\t\t<div class=\"e-con-inner\">\n\t\t\t\t<div class=\"elementor-element elementor-element-19801cb elementor-widget elementor-widget-heading\" data-id=\"19801cb\" data-element_type=\"widget\" data-widget_type=\"heading.default\">\n\t\t\t\t<div class=\"elementor-widget-container\">\n\t\t\t<h2 class=\"elementor-heading-title elementor-size-default\">Isolamento acustico<\/h2>\t\t<\/div>\n\t\t\t\t<\/div>\n\t\t\t\t\t<\/div>\n\t\t\t\t<\/div>\n\t\t<div class=\"elementor-element elementor-element-9c9dd65 e-flex e-con-boxed e-con e-parent\" data-id=\"9c9dd65\" data-element_type=\"container\">\n\t\t\t\t\t<div class=\"e-con-inner\">\n\t\t\t\t<div class=\"elementor-element elementor-element-54206d0 elementor-widget elementor-widget-text-editor\" data-id=\"54206d0\" data-element_type=\"widget\" data-widget_type=\"text-editor.default\">\n\t\t\t\t<div class=\"elementor-widget-container\">\n\t\t\t\t\t\t\t<ol><li>Un\u2019adeguata protezione dal rumore contribuisce a una migliore qualit\u00e0 della vita. Secondo le pi\u00f9 recenti analisi mediche, livelli elevati di rumore possono causare problemi alla salute.<\/li><li>Se per te il rumore \u00e8 un problema, allora le nostre finestre sono la soluzione giusta per te. Con i sistemi di profili VEKA la tranquillit\u00e0 regner\u00e0 ancora una volta nella vostra casa. Da un lato per le eccellenti caratteristiche di isolamento e dall'altro perch\u00e9 contengono un vetro speciale. A seconda dell'intensit\u00e0 del rumore ci sono ulteriori opzioni di ottimizzazione come le finestre a cassonetto. I profili VEKA proteggono la vostra casa da ogni tipo di rumore.<\/li><\/ol>\t\t\t\t\t\t<\/div>\n\t\t\t\t<\/div>\n\t\t\t\t\t<\/div>\n\t\t\t\t<\/div>\n\t\t<div class=\"elementor-element elementor-element-9665d4b e-flex e-con-boxed e-con e-parent\" data-id=\"9665d4b\" data-element_type=\"container\">\n\t\t\t\t\t<div class=\"e-con-inner\">\n\t\t\t\t<div class=\"elementor-element elementor-element-58c98d7 elementor-widget elementor-widget-heading\" data-id=\"58c98d7\" data-element_type=\"widget\" data-widget_type=\"heading.default\">\n\t\t\t\t<div class=\"elementor-widget-container\">\n\t\t\t<h2 class=\"elementor-heading-title elementor-size-default\">Sicurezza protettiva<\/h2>\t\t<\/div>\n\t\t\t\t<\/div>\n\t\t\t\t\t<\/div>\n\t\t\t\t<\/div>\n\t\t<div class=\"elementor-element elementor-element-c2067b5 e-flex e-con-boxed e-con e-parent\" data-id=\"c2067b5\" data-element_type=\"container\">\n\t\t\t\t\t<div class=\"e-con-inner\">\n\t\t\t\t<div class=\"elementor-element elementor-element-0ff0c43 elementor-widget elementor-widget-text-editor\" data-id=\"0ff0c43\" data-element_type=\"widget\" data-widget_type=\"text-editor.default\">\n\t\t\t\t<div class=\"elementor-widget-container\">\n\t\t\t\t\t\t\t<ol><li>Finestre, porte d'ingresso e porte di balconi o terrazzi sono molto importanti per la sicurezza della vostra casa. I profili VEKA offrono un elevato livello di sicurezza: realizzati in robusto PVC e tasso di produzione VEKA, dotati di rinforzi in acciaio \u2013 sia nei bracci che nel telaio. Tutto ci\u00f2 li rende pi\u00f9 stabili e pi\u00f9 resistenti, qualora si tentasse di aprirlo con la forza. Inoltre le porte d'ingresso VEKA sono dotate di ulteriori rinforzi negli angoli delle porte. Le porte d'ingresso del profilo VEKA hanno ulteriori rinforzi di saldatura negli angoli.<\/li><li>Inoltre nel profilo VEKA \u00e8 possibile installare un tipo speciale di vetro e meccanismi che garantiscono la massima sicurezza contro i furti. \u00c8 importante che i profili, il vetro e i meccanismi siano compatibili.<\/li><li>Inoltre nel profilo VEKA \u00e8 possibile installare un tipo speciale di vetro e meccanismi che garantiscono la massima sicurezza contro i furti. \u00c8 importante che i profili, il vetro e i meccanismi siano compatibili.<\/li><li>Combinando diversi spessori di vetro e strati di pellicole si ottengono diversi livelli di sicurezza, la cui scelta viene fatta in base alle vostre esigenze personali: protezione contro il furto per rottura, furto per pressione sull'anta della finestra o forte impatto.<\/li><li>Il meccanismo di chiusura della finestra viene utilizzato per spostare e controllare la finestra utilizzando una variet\u00e0 di funzioni come l'apertura, la chiusura o l'inclinazione. Inoltre, il meccanismo \u00e8 di grande importanza nella protezione contro i furti. Con l'aiuto di elementi di chiusura aggiuntivi, funghi di sicurezza e maniglie per finestre con funzione di bloccaggio \u00e8 impossibile aprire la finestra con la forza.<\/li><\/ol>\t\t\t\t\t\t<\/div>\n\t\t\t\t<\/div>\n\t\t\t\t\t<\/div>\n\t\t\t\t<\/div>\n\t\t<div class=\"elementor-element elementor-element-c17cbf8 e-flex e-con-boxed e-con e-parent\" data-id=\"c17cbf8\" data-element_type=\"container\">\n\t\t\t\t\t<div class=\"e-con-inner\">\n\t\t\t\t<div class=\"elementor-element elementor-element-da9933a elementor-widget elementor-widget-heading\" data-id=\"da9933a\" data-element_type=\"widget\" data-widget_type=\"heading.default\">\n\t\t\t\t<div class=\"elementor-widget-container\">\n\t\t\t<h2 class=\"elementor-heading-title elementor-size-default\">Durabilit\u00e0 e manutenzione<\/h2>\t\t<\/div>\n\t\t\t\t<\/div>\n\t\t\t\t\t<\/div>\n\t\t\t\t<\/div>\n\t\t<div class=\"elementor-element elementor-element-7340337 e-flex e-con-boxed e-con e-parent\" data-id=\"7340337\" data-element_type=\"container\">\n\t\t\t\t\t<div class=\"e-con-inner\">\n\t\t\t\t<div class=\"elementor-element elementor-element-b5b4c7b elementor-widget elementor-widget-text-editor\" data-id=\"b5b4c7b\" data-element_type=\"widget\" data-widget_type=\"text-editor.default\">\n\t\t\t\t<div class=\"elementor-widget-container\">\n\t\t\t\t\t\t\t<ol><li>I profili VEKA sono prodotti in PVC della massima qualit\u00e0, un materiale affidabile ed estremamente durevole. Grazie alla tecnologia speciale e al controllo continuo della qualit\u00e0, si ottiene un elevato livello di stabilit\u00e0 e resistenza anche in condizioni climatiche estreme. Pertanto i sistemi di finestre VEKA sono di facile manutenzione e il loro aspetto attraente \u00e8 duraturo.<\/li><li>Non necessitano di colorazione. Questo fatto non \u00e8 solo pratico, ma ti fa anche risparmiare denaro, che spenderesti per colorare.<\/li><li>Inoltre, i migliori profili in PVC VEKA facilitano la pulizia. Grazie alla loro superficie piatta \u00e8 pi\u00f9 facile la manutenzione: devono solo essere puliti con un detergente delicato e acqua. Per lo sporco pi\u00f9 consistente e la manutenzione della gomma e dei meccanismi di chiusura consigliamo i cosmetici speciali per la manutenzione VEKA.<\/li><\/ol>\t\t\t\t\t\t<\/div>\n\t\t\t\t<\/div>\n\t\t\t\t\t<\/div>\n\t\t\t\t<\/div>\n\t\t<div class=\"elementor-element elementor-element-05a5d38 e-flex e-con-boxed e-con e-parent\" data-id=\"05a5d38\" data-element_type=\"container\">\n\t\t\t\t\t<div class=\"e-con-inner\">\n\t\t\t\t<div class=\"elementor-element elementor-element-bbdf31e elementor-widget elementor-widget-heading\" data-id=\"bbdf31e\" data-element_type=\"widget\" data-widget_type=\"heading.default\">\n\t\t\t\t<div class=\"elementor-widget-container\">\n\t\t\t<h2 class=\"elementor-heading-title elementor-size-default\">Protezione ambientale<\/h2>\t\t<\/div>\n\t\t\t\t<\/div>\n\t\t\t\t\t<\/div>\n\t\t\t\t<\/div>\n\t\t<div class=\"elementor-element elementor-element-7c73091 e-flex e-con-boxed e-con e-parent\" data-id=\"7c73091\" data-element_type=\"container\">\n\t\t\t\t\t<div class=\"e-con-inner\">\n\t\t\t\t<div class=\"elementor-element elementor-element-87ced00 elementor-widget elementor-widget-text-editor\" data-id=\"87ced00\" data-element_type=\"widget\" data-widget_type=\"text-editor.default\">\n\t\t\t\t<div class=\"elementor-widget-container\">\n\t\t\t\t\t\t\t<ol><li>L'azienda VEKA contribuisce alla salvaguardia dell'ambiente: dal processo di produzione fino al riciclaggio delle vecchie finestre \u2013 questa \u00e8 parte integrante della filosofia aziendale di questa azienda. Nei processi industriali complessi \u00e8 possibile ottenere il massimo impatto in termini di tutela ambientale.<\/li><li>Il materiale PVC, in quanto amico dell'ambiente, offre grandi vantaggi. Questi vantaggi sono visibili a partire dal processo produttivo, che, con le pi\u00f9 moderne tecnologie, \u00e8 soggetto a tutti gli standard di tutela ambientale, e prosegue con il processo di lavorazione, che \u00e8 improntato al risparmio energetico. I processi correlati riducono il consumo di energia e acqua. L'acqua piovana, raccolta nell'apposito spazio interno all'azienda, viene ripulita da residui di gomma e olio e riutilizzata nell'impianto idrico interno.<\/li><li>L'azienda VEKA AG \u00e8 leader anche nel campo del riciclaggio di vecchie finestre e porte: cos\u00ec nel 1993 a Beringen, in Germania, \u00e8 stata messa in funzione la fabbrica pi\u00f9 moderna d'Europa per il riciclaggio di finestre in PVC, VEKA Um\u00eblttechnik. Con un processo automatizzato si ottiene PVC puro, che senza alcuna perdita di qualit\u00e0 viene riutilizzato nella produzione di nuovi profili. I vecchi elementi costruttivi diventano cos\u00ec preziose materie prime e non finiscono in discarica.<\/li><li>Nel giugno 2002 la VEKA AG ha fondato la nuova societ\u00e0 Re\u00ebindo GmbH. Lo scopo di questa azienda \u00e8 coordinare, raccogliere dati e controllare gli effetti arbitrari all'interno dell'industria europea del PVC in termini di riutilizzo delle materie prime provenienti da vecchie finestre in PVC e scarti durante la produzione di finestre in PVC, ovvero profili per la produzione di finestre. e prodotti simili.<\/li><\/ol>\t\t\t\t\t\t<\/div>\n\t\t\t\t<\/div>\n\t\t\t\t\t<\/div>\n\t\t\t\t<\/div>\n\t\t\t\t<\/div>","protected":false},"excerpt":{"rendered":"<p>Profilet superior\u00eb t\u00eb klasit A Muret e jashtme p\u00ebr dritare dhe dyer t\u00eb profileve jan\u00eb faktori m\u00eb i r\u00ebnd\u00ebsish\u00ebm n\u00eb cil\u00ebsin\u00eb dhe funksionalitetin, prandaj norma evropiane DIN EN 12608 selekton profilet n\u00eb klasa [&hellip;]<\/p>","protected":false},"author":1,"featured_media":0,"parent":0,"menu_order":0,"comment_status":"closed","ping_status":"closed","template":"","meta":{"footnotes":""},"class_list":["post-4662","page","type-page","status-publish","hentry"],"yoast_head":"<!-- This site is optimized with the Yoast SEO plugin v24.0 - https:\/\/yoast.com\/wordpress\/plugins\/seo\/ -->\n<title>VEKA Kualiteti - Dante shpk<\/title>\n<meta name=\"description\" content=\"Profilet superior\u00eb t\u00eb klasit A, PVC - material ideal, Termoizolimik, Izolimi i z\u00ebrit, Siguria mbrojt\u00ebse, Jet\u00ebgjat\u00ebsia dhe mir\u00ebmbajtja, Mbrojtja e mjedisit\" \/>\n<meta name=\"robots\" content=\"index, follow, max-snippet:-1, max-image-preview:large, max-video-preview:-1\" \/>\n<link rel=\"canonical\" href=\"https:\/\/danteshpk.al\/it\/veka-kualiteti\/\" \/>\n<meta property=\"og:locale\" content=\"it_IT\" \/>\n<meta property=\"og:type\" content=\"article\" \/>\n<meta property=\"og:title\" content=\"VEKA Kualiteti - Dante shpk\" \/>\n<meta property=\"og:description\" content=\"Profilet superior\u00eb t\u00eb klasit A, PVC - material ideal, Termoizolimik, Izolimi i z\u00ebrit, Siguria mbrojt\u00ebse, Jet\u00ebgjat\u00ebsia dhe mir\u00ebmbajtja, Mbrojtja e mjedisit\" \/>\n<meta property=\"og:url\" content=\"https:\/\/danteshpk.al\/it\/veka-kualiteti\/\" \/>\n<meta property=\"og:site_name\" content=\"Dante shpk\" \/>\n<meta property=\"article:publisher\" content=\"https:\/\/www.facebook.com\/profile.php?id=100066746433407\" \/>\n<meta property=\"article:modified_time\" content=\"2024-03-16T23:48:59+00:00\" \/>\n<meta name=\"twitter:card\" content=\"summary_large_image\" \/>\n<meta name=\"twitter:label1\" content=\"Tempo di lettura stimato\" \/>\n\t<meta name=\"twitter:data1\" content=\"6 minuti\" \/>\n<script type=\"application\/ld+json\" class=\"yoast-schema-graph\">{\"@context\":\"https:\/\/schema.org\",\"@graph\":[{\"@type\":\"WebPage\",\"@id\":\"https:\/\/danteshpk.al\/veka-kualiteti\/\",\"url\":\"https:\/\/danteshpk.al\/veka-kualiteti\/\",\"name\":\"VEKA Kualiteti - Dante shpk\",\"isPartOf\":{\"@id\":\"https:\/\/danteshpk.al\/#website\"},\"datePublished\":\"2024-03-10T22:38:24+00:00\",\"dateModified\":\"2024-03-16T23:48:59+00:00\",\"description\":\"Profilet superior\u00eb t\u00eb klasit A, PVC - material ideal, Termoizolimik, Izolimi i z\u00ebrit, Siguria mbrojt\u00ebse, Jet\u00ebgjat\u00ebsia dhe mir\u00ebmbajtja, Mbrojtja e mjedisit\",\"breadcrumb\":{\"@id\":\"https:\/\/danteshpk.al\/veka-kualiteti\/#breadcrumb\"},\"inLanguage\":\"it-IT\",\"potentialAction\":[{\"@type\":\"ReadAction\",\"target\":[\"https:\/\/danteshpk.al\/veka-kualiteti\/\"]}]},{\"@type\":\"BreadcrumbList\",\"@id\":\"https:\/\/danteshpk.al\/veka-kualiteti\/#breadcrumb\",\"itemListElement\":[{\"@type\":\"ListItem\",\"position\":1,\"name\":\"Home\",\"item\":\"https:\/\/danteshpk.al\/\"},{\"@type\":\"ListItem\",\"position\":2,\"name\":\"VEKA Kualiteti\"}]},{\"@type\":\"WebSite\",\"@id\":\"https:\/\/danteshpk.al\/#website\",\"url\":\"https:\/\/danteshpk.al\/\",\"name\":\"Dante shpk\",\"description\":\"\",\"publisher\":{\"@id\":\"https:\/\/danteshpk.al\/#organization\"},\"potentialAction\":[{\"@type\":\"SearchAction\",\"target\":{\"@type\":\"EntryPoint\",\"urlTemplate\":\"https:\/\/danteshpk.al\/?s={search_term_string}\"},\"query-input\":{\"@type\":\"PropertyValueSpecification\",\"valueRequired\":true,\"valueName\":\"search_term_string\"}}],\"inLanguage\":\"it-IT\"},{\"@type\":\"Organization\",\"@id\":\"https:\/\/danteshpk.al\/#organization\",\"name\":\"Dante shpk\",\"url\":\"https:\/\/danteshpk.al\/\",\"logo\":{\"@type\":\"ImageObject\",\"inLanguage\":\"it-IT\",\"@id\":\"https:\/\/danteshpk.al\/#\/schema\/logo\/image\/\",\"url\":\"https:\/\/danteshpk.al\/wp-content\/uploads\/2024\/03\/0001-Dante-Shpk-Veka-Logo-Png-1.png\",\"contentUrl\":\"https:\/\/danteshpk.al\/wp-content\/uploads\/2024\/03\/0001-Dante-Shpk-Veka-Logo-Png-1.png\",\"width\":518,\"height\":314,\"caption\":\"Dante shpk\"},\"image\":{\"@id\":\"https:\/\/danteshpk.al\/#\/schema\/logo\/image\/\"},\"sameAs\":[\"https:\/\/www.facebook.com\/profile.php?id=100066746433407\",\"https:\/\/konsulencemarketing.com\/biznesi\/dante-shpk-veka\/\"]}]}<\/script>\n<!-- \/ Yoast SEO plugin. -->","yoast_head_json":{"title":"VEKA Kualiteti - Dante shpk","description":"Profilet superior\u00eb t\u00eb klasit A, PVC - material ideal, Termoizolimik, Izolimi i z\u00ebrit, Siguria mbrojt\u00ebse, Jet\u00ebgjat\u00ebsia dhe mir\u00ebmbajtja, Mbrojtja e mjedisit","robots":{"index":"index","follow":"follow","max-snippet":"max-snippet:-1","max-image-preview":"max-image-preview:large","max-video-preview":"max-video-preview:-1"},"canonical":"https:\/\/danteshpk.al\/it\/veka-kualiteti\/","og_locale":"it_IT","og_type":"article","og_title":"VEKA Kualiteti - Dante shpk","og_description":"Profilet superior\u00eb t\u00eb klasit A, PVC - material ideal, Termoizolimik, Izolimi i z\u00ebrit, Siguria mbrojt\u00ebse, Jet\u00ebgjat\u00ebsia dhe mir\u00ebmbajtja, Mbrojtja e mjedisit","og_url":"https:\/\/danteshpk.al\/it\/veka-kualiteti\/","og_site_name":"Dante shpk","article_publisher":"https:\/\/www.facebook.com\/profile.php?id=100066746433407","article_modified_time":"2024-03-16T23:48:59+00:00","twitter_card":"summary_large_image","twitter_misc":{"Tempo di lettura stimato":"6 minuti"},"schema":{"@context":"https:\/\/schema.org","@graph":[{"@type":"WebPage","@id":"https:\/\/danteshpk.al\/veka-kualiteti\/","url":"https:\/\/danteshpk.al\/veka-kualiteti\/","name":"VEKA Kualiteti - Dante shpk","isPartOf":{"@id":"https:\/\/danteshpk.al\/#website"},"datePublished":"2024-03-10T22:38:24+00:00","dateModified":"2024-03-16T23:48:59+00:00","description":"Profilet superior\u00eb t\u00eb klasit A, PVC - material ideal, Termoizolimik, Izolimi i z\u00ebrit, Siguria mbrojt\u00ebse, Jet\u00ebgjat\u00ebsia dhe mir\u00ebmbajtja, Mbrojtja e mjedisit","breadcrumb":{"@id":"https:\/\/danteshpk.al\/veka-kualiteti\/#breadcrumb"},"inLanguage":"it-IT","potentialAction":[{"@type":"ReadAction","target":["https:\/\/danteshpk.al\/veka-kualiteti\/"]}]},{"@type":"BreadcrumbList","@id":"https:\/\/danteshpk.al\/veka-kualiteti\/#breadcrumb","itemListElement":[{"@type":"ListItem","position":1,"name":"Home","item":"https:\/\/danteshpk.al\/"},{"@type":"ListItem","position":2,"name":"VEKA Kualiteti"}]},{"@type":"WebSite","@id":"https:\/\/danteshpk.al\/#website","url":"https:\/\/danteshpk.al\/","name":"Dante shpk","description":"","publisher":{"@id":"https:\/\/danteshpk.al\/#organization"},"potentialAction":[{"@type":"SearchAction","target":{"@type":"EntryPoint","urlTemplate":"https:\/\/danteshpk.al\/?s={search_term_string}"},"query-input":{"@type":"PropertyValueSpecification","valueRequired":true,"valueName":"search_term_string"}}],"inLanguage":"it-IT"},{"@type":"Organization","@id":"https:\/\/danteshpk.al\/#organization","name":"Dante shpk","url":"https:\/\/danteshpk.al\/","logo":{"@type":"ImageObject","inLanguage":"it-IT","@id":"https:\/\/danteshpk.al\/#\/schema\/logo\/image\/","url":"https:\/\/danteshpk.al\/wp-content\/uploads\/2024\/03\/0001-Dante-Shpk-Veka-Logo-Png-1.png","contentUrl":"https:\/\/danteshpk.al\/wp-content\/uploads\/2024\/03\/0001-Dante-Shpk-Veka-Logo-Png-1.png","width":518,"height":314,"caption":"Dante shpk"},"image":{"@id":"https:\/\/danteshpk.al\/#\/schema\/logo\/image\/"},"sameAs":["https:\/\/www.facebook.com\/profile.php?id=100066746433407","https:\/\/konsulencemarketing.com\/biznesi\/dante-shpk-veka\/"]}]}},"_links":{"self":[{"href":"https:\/\/danteshpk.al\/it\/wp-json\/wp\/v2\/pages\/4662","targetHints":{"allow":["GET"]}}],"collection":[{"href":"https:\/\/danteshpk.al\/it\/wp-json\/wp\/v2\/pages"}],"about":[{"href":"https:\/\/danteshpk.al\/it\/wp-json\/wp\/v2\/types\/page"}],"author":[{"embeddable":true,"href":"https:\/\/danteshpk.al\/it\/wp-json\/wp\/v2\/users\/1"}],"replies":[{"embeddable":true,"href":"https:\/\/danteshpk.al\/it\/wp-json\/wp\/v2\/comments?post=4662"}],"version-history":[{"count":4,"href":"https:\/\/danteshpk.al\/it\/wp-json\/wp\/v2\/pages\/4662\/revisions"}],"predecessor-version":[{"id":4742,"href":"https:\/\/danteshpk.al\/it\/wp-json\/wp\/v2\/pages\/4662\/revisions\/4742"}],"wp:attachment":[{"href":"https:\/\/danteshpk.al\/it\/wp-json\/wp\/v2\/media?parent=4662"}],"curies":[{"name":"wp","href":"https:\/\/api.w.org\/{rel}","templated":true}]}}