{"id":4664,"date":"2024-03-10T22:39:03","date_gmt":"2024-03-10T22:39:03","guid":{"rendered":"https:\/\/danteshpk.al\/?page_id=4664"},"modified":"2024-03-16T23:50:00","modified_gmt":"2024-03-16T23:50:00","slug":"gama-e-ngjyrave","status":"publish","type":"page","link":"https:\/\/danteshpk.al\/it\/gama-e-ngjyrave\/","title":{"rendered":"Gamma di colori"},"content":{"rendered":"<div data-elementor-type=\"wp-page\" data-elementor-id=\"4664\" class=\"elementor elementor-4664\">\n\t\t\t\t<div class=\"elementor-element elementor-element-c2d7643 e-flex e-con-boxed e-con e-parent\" data-id=\"c2d7643\" data-element_type=\"container\">\n\t\t\t\t\t<div class=\"e-con-inner\">\n\t\t\t\t<div class=\"elementor-element elementor-element-5605abc elementor-widget elementor-widget-heading\" data-id=\"5605abc\" data-element_type=\"widget\" data-widget_type=\"heading.default\">\n\t\t\t\t<div class=\"elementor-widget-container\">\n\t\t\t<h2 class=\"elementor-heading-title elementor-size-default\">Spettro dei colori<\/h2>\t\t<\/div>\n\t\t\t\t<\/div>\n\t\t\t\t\t<\/div>\n\t\t\t\t<\/div>\n\t\t<div class=\"elementor-element elementor-element-a32d9a8 e-flex e-con-boxed e-con e-parent\" data-id=\"a32d9a8\" data-element_type=\"container\">\n\t\t\t\t\t<div class=\"e-con-inner\">\n\t\t\t\t<div class=\"elementor-element elementor-element-63619ce elementor-widget elementor-widget-text-editor\" data-id=\"63619ce\" data-element_type=\"widget\" data-widget_type=\"text-editor.default\">\n\t\t\t\t<div class=\"elementor-widget-container\">\n\t\t\t\t\t\t\t<p>Porte e finestre colorate donano una bellezza speciale alla casa di ognuno. L'azienda VEKA propone un'ampia gamma di colori e strutture \u201clegno\u201d in grado di soddisfare il gusto di chi pretende di pi\u00f9. Puoi scegliere il colore della finestra in base al colore della facciata della tua casa o edificio. Le fasce colorate possono essere posizionate su uno o entrambi i lati e permettono innumerevoli combinazioni, se si vuole che il colore dell'interno della finestra sia diverso da quello esterno. <a href=\"https:\/\/danteshpk.al\/wp-content\/uploads\/2024\/03\/Spektri-i-Ngjyrave.pdf\"><strong>Spettro dei colori ( scaricamento pdf )<\/strong><\/a><\/p>\t\t\t\t\t\t<\/div>\n\t\t\t\t<\/div>\n\t\t\t\t\t<\/div>\n\t\t\t\t<\/div>\n\t\t<div class=\"elementor-element elementor-element-6f4f63e e-flex e-con-boxed e-con e-parent\" data-id=\"6f4f63e\" data-element_type=\"container\">\n\t\t\t\t\t<div class=\"e-con-inner\">\n\t\t\t\t<div class=\"elementor-element elementor-element-fd18e92 elementor-widget elementor-widget-heading\" data-id=\"fd18e92\" data-element_type=\"widget\" data-widget_type=\"heading.default\">\n\t\t\t\t<div class=\"elementor-widget-container\">\n\t\t\t<h2 class=\"elementor-heading-title elementor-size-default\">Istruzioni per una corretta pulizia e manutenzione<\/h2>\t\t<\/div>\n\t\t\t\t<\/div>\n\t\t\t\t\t<\/div>\n\t\t\t\t<\/div>\n\t\t<div class=\"elementor-element elementor-element-11d71ab e-flex e-con-boxed e-con e-parent\" data-id=\"11d71ab\" data-element_type=\"container\">\n\t\t\t\t\t<div class=\"e-con-inner\">\n\t\t\t\t<div class=\"elementor-element elementor-element-c1a3b45 elementor-widget elementor-widget-text-editor\" data-id=\"c1a3b45\" data-element_type=\"widget\" data-widget_type=\"text-editor.default\">\n\t\t\t\t<div class=\"elementor-widget-container\">\n\t\t\t\t\t\t\t<p>I profili di alta qualit\u00e0 VEKA sono pi\u00f9 durevoli, mentre lo strato liscio \u00e8 estremamente stabile contro tutti gli influssi climatici. Per mantenere e godere per molti anni e senza troppi sforzi l'aspetto gradevole delle vostre finestre, porte e persiane, \u00e8 necessario attenersi alle istruzioni per la pulizia e la manutenzione. Quali prodotti utilizzare per la pulizia?<\/p><p>\u2022 Il prodotto ideale per la pulizia dei profili \u00e8 un panno morbido, acqua tiepida e detergente a base di sapone a pH neutro, incolore e non aromatico. Nella maggior parte dei casi \u00e8 sufficiente una pulizia regolare con acqua tiepida.<\/p><p>\u2022 In caso di sporco grossolano devono essere utilizzati prodotti appositamente verificati per la pulizia dei profili in PVC, simili a quelli contenuti nel pacchetto di pulizia VEKA.<\/p><p>\u2022 Non \u00e8 consentito in alcun modo utilizzare agenti abrasivi o spugne ruvide, stracci o spazzole per abrasioni o sfregamenti.<\/p><p>\u2022 Non \u00e8 consentita nemmeno l'applicazione di solventi e liquidi acidi. Questi agenti possono causare danni permanenti alla superficie del profilo.<\/p><p>\u2022 Non utilizzare pulitori a vapore, poich\u00e9 il vapore pu\u00f2 ammorbidire il PVC.<\/p>\t\t\t\t\t\t<\/div>\n\t\t\t\t<\/div>\n\t\t\t\t\t<\/div>\n\t\t\t\t<\/div>\n\t\t<div class=\"elementor-element elementor-element-3c9149d e-flex e-con-boxed e-con e-parent\" data-id=\"3c9149d\" data-element_type=\"container\">\n\t\t\t\t\t<div class=\"e-con-inner\">\n\t\t\t\t<div class=\"elementor-element elementor-element-c49383a elementor-widget elementor-widget-heading\" data-id=\"c49383a\" data-element_type=\"widget\" data-widget_type=\"heading.default\">\n\t\t\t\t<div class=\"elementor-widget-container\">\n\t\t\t<h2 class=\"elementor-heading-title elementor-size-default\">Come viene effettuata la pulizia?<\/h2>\t\t<\/div>\n\t\t\t\t<\/div>\n\t\t\t\t\t<\/div>\n\t\t\t\t<\/div>\n\t\t<div class=\"elementor-element elementor-element-efd83a4 e-flex e-con-boxed e-con e-parent\" data-id=\"efd83a4\" data-element_type=\"container\">\n\t\t\t\t\t<div class=\"e-con-inner\">\n\t\t\t\t<div class=\"elementor-element elementor-element-96b0553 elementor-widget elementor-widget-text-editor\" data-id=\"96b0553\" data-element_type=\"widget\" data-widget_type=\"text-editor.default\">\n\t\t\t\t<div class=\"elementor-widget-container\">\n\t\t\t\t\t\t\t<p>\u00a0La pulizia \u00e8 necessaria qualora compaiano macchie visibili sulla superficie del profilo. Altrimenti, gli strati sporchi a contatto con le gocce di pioggia possono lasciare danni permanenti.<\/p><p>\u2022 La maggior parte dei detergenti non comportano rischi in caso di breve contatto con il profilo, ma un'esposizione prolungata pu\u00f2 causare danni. Pertanto \u00e8 molto importante dopo la pulizia lavare i profili con acqua pulita per rimuovere tutti i residui del detergente. \u00c8 inoltre necessario effettuare una pulizia urgente dopo un breve contatto con la crema abbronzante, altrimenti si potrebbero avere alterazioni permanenti e visibili nella superficie del profilo.<\/p><p>\u2022 Fin dall'inizio utilizzare sempre un detergente adeguato e un panno morbido. I danni causati da una pulizia errata sono solitamente visibili solo dopo un lungo periodo di tempo, quindi non ha senso un rapido test in qualche punto nascosto della superficie del profilo. <strong><a href=\"https:\/\/danteshpk.al\/wp-content\/uploads\/2024\/03\/Udhezime-per-mirembajtje.pdf\">Istruzioni per la manutenzione ( scaricamento pdf )<\/a><\/strong><\/p>\t\t\t\t\t\t<\/div>\n\t\t\t\t<\/div>\n\t\t\t\t\t<\/div>\n\t\t\t\t<\/div>\n\t\t<div class=\"elementor-element elementor-element-ff29f1a e-flex e-con-boxed e-con e-parent\" data-id=\"ff29f1a\" data-element_type=\"container\">\n\t\t\t\t\t<div class=\"e-con-inner\">\n\t\t\t\t<div class=\"elementor-element elementor-element-26e9300 elementor-widget elementor-widget-heading\" data-id=\"26e9300\" data-element_type=\"widget\" data-widget_type=\"heading.default\">\n\t\t\t\t<div class=\"elementor-widget-container\">\n\t\t\t<h2 class=\"elementor-heading-title elementor-size-default\">Caratteristiche del profilo VEKA.<\/h2>\t\t<\/div>\n\t\t\t\t<\/div>\n\t\t\t\t\t<\/div>\n\t\t\t\t<\/div>\n\t\t<div class=\"elementor-element elementor-element-7cfaf06 e-flex e-con-boxed e-con e-parent\" data-id=\"7cfaf06\" data-element_type=\"container\">\n\t\t\t\t\t<div class=\"e-con-inner\">\n\t\t<div class=\"elementor-element elementor-element-193f9e1 e-con-full e-flex e-con e-child\" data-id=\"193f9e1\" data-element_type=\"container\">\n\t\t\t\t<div class=\"elementor-element elementor-element-2d9c8a9 elementor-widget elementor-widget-image\" data-id=\"2d9c8a9\" data-element_type=\"widget\" data-widget_type=\"image.default\">\n\t\t\t\t<div class=\"elementor-widget-container\">\n\t\t\t\t\t\t\t\t\t\t\t\t\t<img decoding=\"async\" width=\"50\" height=\"89\" src=\"https:\/\/danteshpk.al\/wp-content\/uploads\/2024\/03\/Foto-3-1.png\" class=\"attachment-large size-large wp-image-4411\" alt=\"\" \/>\t\t\t\t\t\t\t\t\t\t\t\t\t<\/div>\n\t\t\t\t<\/div>\n\t\t\t\t<div class=\"elementor-element elementor-element-53c3b8c elementor-widget elementor-widget-heading\" data-id=\"53c3b8c\" data-element_type=\"widget\" data-widget_type=\"heading.default\">\n\t\t\t\t<div class=\"elementor-widget-container\">\n\t\t\t<h5 class=\"elementor-heading-title elementor-size-default\">Efficienza energetica<\/h5>\t\t<\/div>\n\t\t\t\t<\/div>\n\t\t<div class=\"elementor-element elementor-element-ed21c32 e-flex e-con-boxed e-con e-child\" data-id=\"ed21c32\" data-element_type=\"container\">\n\t\t\t\t\t<div class=\"e-con-inner\">\n\t\t\t\t<div class=\"elementor-element elementor-element-b8e48c0 elementor-widget elementor-widget-text-editor\" data-id=\"b8e48c0\" data-element_type=\"widget\" data-widget_type=\"text-editor.default\">\n\t\t\t\t<div class=\"elementor-widget-container\">\n\t\t\t\t\t\t\t<p>Sistemi multiroom durevoli con eccellenti propriet\u00e0 di isolamento.<\/p>\t\t\t\t\t\t<\/div>\n\t\t\t\t<\/div>\n\t\t\t\t\t<\/div>\n\t\t\t\t<\/div>\n\t\t\t\t<\/div>\n\t\t<div class=\"elementor-element elementor-element-df92eb1 e-con-full e-flex e-con e-child\" data-id=\"df92eb1\" data-element_type=\"container\">\n\t\t\t\t<div class=\"elementor-element elementor-element-3fc28ab elementor-widget elementor-widget-image\" data-id=\"3fc28ab\" data-element_type=\"widget\" data-widget_type=\"image.default\">\n\t\t\t\t<div class=\"elementor-widget-container\">\n\t\t\t\t\t\t\t\t\t\t\t\t\t<img decoding=\"async\" width=\"100\" height=\"86\" src=\"https:\/\/danteshpk.al\/wp-content\/uploads\/2024\/03\/Foto-1-1.png\" class=\"attachment-large size-large wp-image-4406\" alt=\"\" \/>\t\t\t\t\t\t\t\t\t\t\t\t\t<\/div>\n\t\t\t\t<\/div>\n\t\t\t\t<div class=\"elementor-element elementor-element-a669308 elementor-widget elementor-widget-heading\" data-id=\"a669308\" data-element_type=\"widget\" data-widget_type=\"heading.default\">\n\t\t\t\t<div class=\"elementor-widget-container\">\n\t\t\t<h5 class=\"elementor-heading-title elementor-size-default\">Protezione dal rumore<\/h5>\t\t<\/div>\n\t\t\t\t<\/div>\n\t\t<div class=\"elementor-element elementor-element-4b2f1fa e-flex e-con-boxed e-con e-child\" data-id=\"4b2f1fa\" data-element_type=\"container\">\n\t\t\t\t\t<div class=\"e-con-inner\">\n\t\t\t\t<div class=\"elementor-element elementor-element-fdd4142 elementor-widget elementor-widget-text-editor\" data-id=\"fdd4142\" data-element_type=\"widget\" data-widget_type=\"text-editor.default\">\n\t\t\t\t<div class=\"elementor-widget-container\">\n\t\t\t\t\t\t\t<p>L'elevato isolamento acustico garantisce pace e tranquillit\u00e0 nella tua casa.<\/p>\t\t\t\t\t\t<\/div>\n\t\t\t\t<\/div>\n\t\t\t\t\t<\/div>\n\t\t\t\t<\/div>\n\t\t\t\t<\/div>\n\t\t<div class=\"elementor-element elementor-element-2771472 e-con-full e-flex e-con e-child\" data-id=\"2771472\" data-element_type=\"container\">\n\t\t\t\t<div class=\"elementor-element elementor-element-847a9ab elementor-widget elementor-widget-image\" data-id=\"847a9ab\" data-element_type=\"widget\" data-widget_type=\"image.default\">\n\t\t\t\t<div class=\"elementor-widget-container\">\n\t\t\t\t\t\t\t\t\t\t\t\t\t<img decoding=\"async\" width=\"100\" height=\"88\" src=\"https:\/\/danteshpk.al\/wp-content\/uploads\/2024\/03\/Foto-2.png\" class=\"attachment-large size-large wp-image-4407\" alt=\"\" \/>\t\t\t\t\t\t\t\t\t\t\t\t\t<\/div>\n\t\t\t\t<\/div>\n\t\t\t\t<div class=\"elementor-element elementor-element-db0662f elementor-widget elementor-widget-heading\" data-id=\"db0662f\" data-element_type=\"widget\" data-widget_type=\"heading.default\">\n\t\t\t\t<div class=\"elementor-widget-container\">\n\t\t\t<h5 class=\"elementor-heading-title elementor-size-default\">Design e durata<\/h5>\t\t<\/div>\n\t\t\t\t<\/div>\n\t\t<div class=\"elementor-element elementor-element-2475a0f e-flex e-con-boxed e-con e-child\" data-id=\"2475a0f\" data-element_type=\"container\">\n\t\t\t\t\t<div class=\"e-con-inner\">\n\t\t\t\t<div class=\"elementor-element elementor-element-0e9dfde elementor-widget elementor-widget-text-editor\" data-id=\"0e9dfde\" data-element_type=\"widget\" data-widget_type=\"text-editor.default\">\n\t\t\t\t<div class=\"elementor-widget-container\">\n\t\t\t\t\t\t\t<p>PVC di alta qualit\u00e0, resistente agli influssi ambientali, superficie liscia nel colore e nel motivo desiderati.<\/p>\t\t\t\t\t\t<\/div>\n\t\t\t\t<\/div>\n\t\t\t\t\t<\/div>\n\t\t\t\t<\/div>\n\t\t\t\t<\/div>\n\t\t<div class=\"elementor-element elementor-element-3f52182 e-con-full e-flex e-con e-child\" data-id=\"3f52182\" data-element_type=\"container\">\n\t\t\t\t<div class=\"elementor-element elementor-element-3d68a61 elementor-widget elementor-widget-image\" data-id=\"3d68a61\" data-element_type=\"widget\" data-widget_type=\"image.default\">\n\t\t\t\t<div class=\"elementor-widget-container\">\n\t\t\t\t\t\t\t\t\t\t\t\t\t<img loading=\"lazy\" decoding=\"async\" width=\"90\" height=\"90\" src=\"https:\/\/danteshpk.al\/wp-content\/uploads\/2024\/03\/Foto-4-1.png\" class=\"attachment-large size-large wp-image-4412\" alt=\"\" \/>\t\t\t\t\t\t\t\t\t\t\t\t\t<\/div>\n\t\t\t\t<\/div>\n\t\t\t\t<div class=\"elementor-element elementor-element-4c3ee89 elementor-widget elementor-widget-heading\" data-id=\"4c3ee89\" data-element_type=\"widget\" data-widget_type=\"heading.default\">\n\t\t\t\t<div class=\"elementor-widget-container\">\n\t\t\t<h5 class=\"elementor-heading-title elementor-size-default\">Forza e affidabilit\u00e0<\/h5>\t\t<\/div>\n\t\t\t\t<\/div>\n\t\t<div class=\"elementor-element elementor-element-0a85e8f e-flex e-con-boxed e-con e-child\" data-id=\"0a85e8f\" data-element_type=\"container\">\n\t\t\t\t\t<div class=\"e-con-inner\">\n\t\t\t\t<div class=\"elementor-element elementor-element-7b11da7 elementor-widget elementor-widget-text-editor\" data-id=\"7b11da7\" data-element_type=\"widget\" data-widget_type=\"text-editor.default\">\n\t\t\t\t<div class=\"elementor-widget-container\">\n\t\t\t\t\t\t\t<main class=\"main__content\"><div class=\"main__section\"><div class=\"container\"><div class=\"main__section-body js-advantageSwiper\"><div class=\"swiper-container swiper-container-horizontal\"><div class=\"swiper-wrapper\"><div class=\"swiper-slide\"><div class=\"advantage-elem\"><p>L'utilizzo di speciali rinforzi in acciaio garantisce un'elevata stabilit\u00e0 strutturale.<\/p><\/div><\/div><\/div><\/div><\/div><\/div><\/div><\/main><footer class=\"footer\"><div class=\"footer__top\"><div class=\"container\">\u00a0<\/div><\/div><\/footer>\t\t\t\t\t\t<\/div>\n\t\t\t\t<\/div>\n\t\t\t\t\t<\/div>\n\t\t\t\t<\/div>\n\t\t\t\t<\/div>\n\t\t\t\t\t<\/div>\n\t\t\t\t<\/div>\n\t\t\t\t<\/div>","protected":false},"excerpt":{"rendered":"<p>Spektri i Ngjyrave Dyert dhe dritaret me ngjyra u japin nj\u00eb bukuri t\u00eb ve\u00e7ant\u00eb sht\u00ebpis\u00eb s\u00eb t\u00eb gjith\u00ebve. Kompania VEKA ofron nj\u00eb gam\u00eb t\u00eb gjer\u00eb t\u00eb ngjyrave dhe strukturave t\u00eb &#8220;drurit&#8221; q\u00eb mund [&hellip;]<\/p>","protected":false},"author":1,"featured_media":0,"parent":0,"menu_order":0,"comment_status":"closed","ping_status":"closed","template":"","meta":{"footnotes":""},"class_list":["post-4664","page","type-page","status-publish","hentry"],"yoast_head":"<!-- This site is optimized with the Yoast SEO plugin v24.0 - https:\/\/yoast.com\/wordpress\/plugins\/seo\/ -->\n<title>Gama e ngjyrave - Dante shpk<\/title>\n<meta name=\"description\" content=\"Ju mund t\u00eb zgjidhni ngjyr\u00ebn e dritares n\u00eb p\u00ebrputhje me ngjyr\u00ebn e fasad\u00ebs s\u00eb sht\u00ebpis\u00eb tuaj ose nd\u00ebrtes\u00ebs. Shirit\u00ebt e ngjyrave mund t\u00eb vendosen n\u00eb nj\u00eb ose t\u00eb dyja an\u00ebt dhe lejojn\u00eb nj\u00eb kombinim t\u00eb panum\u00ebrt, n\u00ebse d\u00ebshironi q\u00eb ngjyra e brend\u00ebsis\u00eb s\u00eb dritares t\u00eb jet\u00eb e ndryshme nga jasht\u00eb.\" \/>\n<meta name=\"robots\" content=\"index, follow, max-snippet:-1, max-image-preview:large, max-video-preview:-1\" \/>\n<link rel=\"canonical\" href=\"https:\/\/danteshpk.al\/it\/gama-e-ngjyrave\/\" \/>\n<meta property=\"og:locale\" content=\"it_IT\" \/>\n<meta property=\"og:type\" content=\"article\" \/>\n<meta property=\"og:title\" content=\"Gama e ngjyrave - Dante shpk\" \/>\n<meta property=\"og:description\" content=\"Ju mund t\u00eb zgjidhni ngjyr\u00ebn e dritares n\u00eb p\u00ebrputhje me ngjyr\u00ebn e fasad\u00ebs s\u00eb sht\u00ebpis\u00eb tuaj ose nd\u00ebrtes\u00ebs. Shirit\u00ebt e ngjyrave mund t\u00eb vendosen n\u00eb nj\u00eb ose t\u00eb dyja an\u00ebt dhe lejojn\u00eb nj\u00eb kombinim t\u00eb panum\u00ebrt, n\u00ebse d\u00ebshironi q\u00eb ngjyra e brend\u00ebsis\u00eb s\u00eb dritares t\u00eb jet\u00eb e ndryshme nga jasht\u00eb.\" \/>\n<meta property=\"og:url\" content=\"https:\/\/danteshpk.al\/it\/gama-e-ngjyrave\/\" \/>\n<meta property=\"og:site_name\" content=\"Dante shpk\" \/>\n<meta property=\"article:publisher\" content=\"https:\/\/www.facebook.com\/profile.php?id=100066746433407\" \/>\n<meta property=\"article:modified_time\" content=\"2024-03-16T23:50:00+00:00\" \/>\n<meta property=\"og:image\" content=\"https:\/\/danteshpk.al\/wp-content\/uploads\/2024\/03\/Foto-3-1.png\" \/>\n<meta name=\"twitter:card\" content=\"summary_large_image\" \/>\n<meta name=\"twitter:label1\" content=\"Tempo di lettura stimato\" \/>\n\t<meta name=\"twitter:data1\" content=\"4 minuti\" \/>\n<script type=\"application\/ld+json\" class=\"yoast-schema-graph\">{\"@context\":\"https:\/\/schema.org\",\"@graph\":[{\"@type\":\"WebPage\",\"@id\":\"https:\/\/danteshpk.al\/gama-e-ngjyrave\/\",\"url\":\"https:\/\/danteshpk.al\/gama-e-ngjyrave\/\",\"name\":\"Gama e ngjyrave - Dante shpk\",\"isPartOf\":{\"@id\":\"https:\/\/danteshpk.al\/#website\"},\"primaryImageOfPage\":{\"@id\":\"https:\/\/danteshpk.al\/gama-e-ngjyrave\/#primaryimage\"},\"image\":{\"@id\":\"https:\/\/danteshpk.al\/gama-e-ngjyrave\/#primaryimage\"},\"thumbnailUrl\":\"https:\/\/danteshpk.al\/wp-content\/uploads\/2024\/03\/Foto-3-1.png\",\"datePublished\":\"2024-03-10T22:39:03+00:00\",\"dateModified\":\"2024-03-16T23:50:00+00:00\",\"description\":\"Ju mund t\u00eb zgjidhni ngjyr\u00ebn e dritares n\u00eb p\u00ebrputhje me ngjyr\u00ebn e fasad\u00ebs s\u00eb sht\u00ebpis\u00eb tuaj ose nd\u00ebrtes\u00ebs. Shirit\u00ebt e ngjyrave mund t\u00eb vendosen n\u00eb nj\u00eb ose t\u00eb dyja an\u00ebt dhe lejojn\u00eb nj\u00eb kombinim t\u00eb panum\u00ebrt, n\u00ebse d\u00ebshironi q\u00eb ngjyra e brend\u00ebsis\u00eb s\u00eb dritares t\u00eb jet\u00eb e ndryshme nga jasht\u00eb.\",\"breadcrumb\":{\"@id\":\"https:\/\/danteshpk.al\/gama-e-ngjyrave\/#breadcrumb\"},\"inLanguage\":\"it-IT\",\"potentialAction\":[{\"@type\":\"ReadAction\",\"target\":[\"https:\/\/danteshpk.al\/gama-e-ngjyrave\/\"]}]},{\"@type\":\"ImageObject\",\"inLanguage\":\"it-IT\",\"@id\":\"https:\/\/danteshpk.al\/gama-e-ngjyrave\/#primaryimage\",\"url\":\"https:\/\/danteshpk.al\/wp-content\/uploads\/2024\/03\/Foto-3-1.png\",\"contentUrl\":\"https:\/\/danteshpk.al\/wp-content\/uploads\/2024\/03\/Foto-3-1.png\"},{\"@type\":\"BreadcrumbList\",\"@id\":\"https:\/\/danteshpk.al\/gama-e-ngjyrave\/#breadcrumb\",\"itemListElement\":[{\"@type\":\"ListItem\",\"position\":1,\"name\":\"Home\",\"item\":\"https:\/\/danteshpk.al\/\"},{\"@type\":\"ListItem\",\"position\":2,\"name\":\"Gama e ngjyrave\"}]},{\"@type\":\"WebSite\",\"@id\":\"https:\/\/danteshpk.al\/#website\",\"url\":\"https:\/\/danteshpk.al\/\",\"name\":\"Dante shpk\",\"description\":\"\",\"publisher\":{\"@id\":\"https:\/\/danteshpk.al\/#organization\"},\"potentialAction\":[{\"@type\":\"SearchAction\",\"target\":{\"@type\":\"EntryPoint\",\"urlTemplate\":\"https:\/\/danteshpk.al\/?s={search_term_string}\"},\"query-input\":{\"@type\":\"PropertyValueSpecification\",\"valueRequired\":true,\"valueName\":\"search_term_string\"}}],\"inLanguage\":\"it-IT\"},{\"@type\":\"Organization\",\"@id\":\"https:\/\/danteshpk.al\/#organization\",\"name\":\"Dante shpk\",\"url\":\"https:\/\/danteshpk.al\/\",\"logo\":{\"@type\":\"ImageObject\",\"inLanguage\":\"it-IT\",\"@id\":\"https:\/\/danteshpk.al\/#\/schema\/logo\/image\/\",\"url\":\"https:\/\/danteshpk.al\/wp-content\/uploads\/2024\/03\/0001-Dante-Shpk-Veka-Logo-Png-1.png\",\"contentUrl\":\"https:\/\/danteshpk.al\/wp-content\/uploads\/2024\/03\/0001-Dante-Shpk-Veka-Logo-Png-1.png\",\"width\":518,\"height\":314,\"caption\":\"Dante shpk\"},\"image\":{\"@id\":\"https:\/\/danteshpk.al\/#\/schema\/logo\/image\/\"},\"sameAs\":[\"https:\/\/www.facebook.com\/profile.php?id=100066746433407\",\"https:\/\/konsulencemarketing.com\/biznesi\/dante-shpk-veka\/\"]}]}<\/script>\n<!-- \/ Yoast SEO plugin. -->","yoast_head_json":{"title":"Gama e ngjyrave - Dante shpk","description":"Ju mund t\u00eb zgjidhni ngjyr\u00ebn e dritares n\u00eb p\u00ebrputhje me ngjyr\u00ebn e fasad\u00ebs s\u00eb sht\u00ebpis\u00eb tuaj ose nd\u00ebrtes\u00ebs. Shirit\u00ebt e ngjyrave mund t\u00eb vendosen n\u00eb nj\u00eb ose t\u00eb dyja an\u00ebt dhe lejojn\u00eb nj\u00eb kombinim t\u00eb panum\u00ebrt, n\u00ebse d\u00ebshironi q\u00eb ngjyra e brend\u00ebsis\u00eb s\u00eb dritares t\u00eb jet\u00eb e ndryshme nga jasht\u00eb.","robots":{"index":"index","follow":"follow","max-snippet":"max-snippet:-1","max-image-preview":"max-image-preview:large","max-video-preview":"max-video-preview:-1"},"canonical":"https:\/\/danteshpk.al\/it\/gama-e-ngjyrave\/","og_locale":"it_IT","og_type":"article","og_title":"Gama e ngjyrave - Dante shpk","og_description":"Ju mund t\u00eb zgjidhni ngjyr\u00ebn e dritares n\u00eb p\u00ebrputhje me ngjyr\u00ebn e fasad\u00ebs s\u00eb sht\u00ebpis\u00eb tuaj ose nd\u00ebrtes\u00ebs. Shirit\u00ebt e ngjyrave mund t\u00eb vendosen n\u00eb nj\u00eb ose t\u00eb dyja an\u00ebt dhe lejojn\u00eb nj\u00eb kombinim t\u00eb panum\u00ebrt, n\u00ebse d\u00ebshironi q\u00eb ngjyra e brend\u00ebsis\u00eb s\u00eb dritares t\u00eb jet\u00eb e ndryshme nga jasht\u00eb.","og_url":"https:\/\/danteshpk.al\/it\/gama-e-ngjyrave\/","og_site_name":"Dante shpk","article_publisher":"https:\/\/www.facebook.com\/profile.php?id=100066746433407","article_modified_time":"2024-03-16T23:50:00+00:00","og_image":[{"url":"https:\/\/danteshpk.al\/wp-content\/uploads\/2024\/03\/Foto-3-1.png","type":"","width":"","height":""}],"twitter_card":"summary_large_image","twitter_misc":{"Tempo di lettura stimato":"4 minuti"},"schema":{"@context":"https:\/\/schema.org","@graph":[{"@type":"WebPage","@id":"https:\/\/danteshpk.al\/gama-e-ngjyrave\/","url":"https:\/\/danteshpk.al\/gama-e-ngjyrave\/","name":"Gama e ngjyrave - Dante shpk","isPartOf":{"@id":"https:\/\/danteshpk.al\/#website"},"primaryImageOfPage":{"@id":"https:\/\/danteshpk.al\/gama-e-ngjyrave\/#primaryimage"},"image":{"@id":"https:\/\/danteshpk.al\/gama-e-ngjyrave\/#primaryimage"},"thumbnailUrl":"https:\/\/danteshpk.al\/wp-content\/uploads\/2024\/03\/Foto-3-1.png","datePublished":"2024-03-10T22:39:03+00:00","dateModified":"2024-03-16T23:50:00+00:00","description":"Ju mund t\u00eb zgjidhni ngjyr\u00ebn e dritares n\u00eb p\u00ebrputhje me ngjyr\u00ebn e fasad\u00ebs s\u00eb sht\u00ebpis\u00eb tuaj ose nd\u00ebrtes\u00ebs. Shirit\u00ebt e ngjyrave mund t\u00eb vendosen n\u00eb nj\u00eb ose t\u00eb dyja an\u00ebt dhe lejojn\u00eb nj\u00eb kombinim t\u00eb panum\u00ebrt, n\u00ebse d\u00ebshironi q\u00eb ngjyra e brend\u00ebsis\u00eb s\u00eb dritares t\u00eb jet\u00eb e ndryshme nga jasht\u00eb.","breadcrumb":{"@id":"https:\/\/danteshpk.al\/gama-e-ngjyrave\/#breadcrumb"},"inLanguage":"it-IT","potentialAction":[{"@type":"ReadAction","target":["https:\/\/danteshpk.al\/gama-e-ngjyrave\/"]}]},{"@type":"ImageObject","inLanguage":"it-IT","@id":"https:\/\/danteshpk.al\/gama-e-ngjyrave\/#primaryimage","url":"https:\/\/danteshpk.al\/wp-content\/uploads\/2024\/03\/Foto-3-1.png","contentUrl":"https:\/\/danteshpk.al\/wp-content\/uploads\/2024\/03\/Foto-3-1.png"},{"@type":"BreadcrumbList","@id":"https:\/\/danteshpk.al\/gama-e-ngjyrave\/#breadcrumb","itemListElement":[{"@type":"ListItem","position":1,"name":"Home","item":"https:\/\/danteshpk.al\/"},{"@type":"ListItem","position":2,"name":"Gama e ngjyrave"}]},{"@type":"WebSite","@id":"https:\/\/danteshpk.al\/#website","url":"https:\/\/danteshpk.al\/","name":"Dante shpk","description":"","publisher":{"@id":"https:\/\/danteshpk.al\/#organization"},"potentialAction":[{"@type":"SearchAction","target":{"@type":"EntryPoint","urlTemplate":"https:\/\/danteshpk.al\/?s={search_term_string}"},"query-input":{"@type":"PropertyValueSpecification","valueRequired":true,"valueName":"search_term_string"}}],"inLanguage":"it-IT"},{"@type":"Organization","@id":"https:\/\/danteshpk.al\/#organization","name":"Dante shpk","url":"https:\/\/danteshpk.al\/","logo":{"@type":"ImageObject","inLanguage":"it-IT","@id":"https:\/\/danteshpk.al\/#\/schema\/logo\/image\/","url":"https:\/\/danteshpk.al\/wp-content\/uploads\/2024\/03\/0001-Dante-Shpk-Veka-Logo-Png-1.png","contentUrl":"https:\/\/danteshpk.al\/wp-content\/uploads\/2024\/03\/0001-Dante-Shpk-Veka-Logo-Png-1.png","width":518,"height":314,"caption":"Dante shpk"},"image":{"@id":"https:\/\/danteshpk.al\/#\/schema\/logo\/image\/"},"sameAs":["https:\/\/www.facebook.com\/profile.php?id=100066746433407","https:\/\/konsulencemarketing.com\/biznesi\/dante-shpk-veka\/"]}]}},"_links":{"self":[{"href":"https:\/\/danteshpk.al\/it\/wp-json\/wp\/v2\/pages\/4664","targetHints":{"allow":["GET"]}}],"collection":[{"href":"https:\/\/danteshpk.al\/it\/wp-json\/wp\/v2\/pages"}],"about":[{"href":"https:\/\/danteshpk.al\/it\/wp-json\/wp\/v2\/types\/page"}],"author":[{"embeddable":true,"href":"https:\/\/danteshpk.al\/it\/wp-json\/wp\/v2\/users\/1"}],"replies":[{"embeddable":true,"href":"https:\/\/danteshpk.al\/it\/wp-json\/wp\/v2\/comments?post=4664"}],"version-history":[{"count":10,"href":"https:\/\/danteshpk.al\/it\/wp-json\/wp\/v2\/pages\/4664\/revisions"}],"predecessor-version":[{"id":4753,"href":"https:\/\/danteshpk.al\/it\/wp-json\/wp\/v2\/pages\/4664\/revisions\/4753"}],"wp:attachment":[{"href":"https:\/\/danteshpk.al\/it\/wp-json\/wp\/v2\/media?parent=4664"}],"curies":[{"name":"wp","href":"https:\/\/api.w.org\/{rel}","templated":true}]}}