{"id":4918,"date":"2024-03-12T22:51:29","date_gmt":"2024-03-12T22:51:29","guid":{"rendered":"https:\/\/danteshpk.al\/?page_id=4918"},"modified":"2024-03-12T22:55:37","modified_gmt":"2024-03-12T22:55:37","slug":"effectline","status":"publish","type":"page","link":"https:\/\/danteshpk.al\/it\/effectline\/","title":{"rendered":"EFFECTLINE"},"content":{"rendered":"<div data-elementor-type=\"wp-page\" data-elementor-id=\"4918\" class=\"elementor elementor-4918\">\n\t\t\t\t<div class=\"elementor-element elementor-element-5b8d4b4 e-flex e-con-boxed e-con e-parent\" data-id=\"5b8d4b4\" data-element_type=\"container\">\n\t\t\t\t\t<div class=\"e-con-inner\">\n\t\t\t\t<div class=\"elementor-element elementor-element-e48a8a8 elementor-widget elementor-widget-tf-heading-section\" data-id=\"e48a8a8\" data-element_type=\"widget\" data-widget_type=\"tf-heading-section.default\">\n\t\t\t\t<div class=\"elementor-widget-container\">\n\t\t\t<div id=\"tf-heading-section-e48a8a8\" class=\"tf-heading-section\" data-tabid=\"e48a8a8\"> \r\n\t\t\t\t\r\n\t\t\t<div class=\"heading-section\">\r\n\t\t\t\t<div class=\"before-title\">Caratteristiche del sistema<\/div>\r\n\t\t\t\t<h2 class=\"heading\">EFFECTLINE<\/h2>\r\n\t\t\t<\/div>                \r\n            <\/div>\t\t<\/div>\n\t\t\t\t<\/div>\n\t\t\t\t\t<\/div>\n\t\t\t\t<\/div>\n\t\t<div class=\"elementor-element elementor-element-dc690e9 e-flex e-con-boxed e-con e-parent\" data-id=\"dc690e9\" data-element_type=\"container\">\n\t\t\t\t\t<div class=\"e-con-inner\">\n\t\t<div class=\"elementor-element elementor-element-bc24a45 e-con-full e-flex e-con e-child\" data-id=\"bc24a45\" data-element_type=\"container\">\n\t\t\t\t<div class=\"elementor-element elementor-element-d4f06d6 elementor-widget elementor-widget-image\" data-id=\"d4f06d6\" data-element_type=\"widget\" data-widget_type=\"image.default\">\n\t\t\t\t<div class=\"elementor-widget-container\">\n\t\t\t\t\t\t\t\t\t\t\t\t\t<img fetchpriority=\"high\" decoding=\"async\" width=\"582\" height=\"624\" src=\"https:\/\/danteshpk.al\/wp-content\/uploads\/2024\/03\/7d132f35fc9e06eb19029dddde2c069e.png\" class=\"attachment-large size-large wp-image-4537\" alt=\"\" srcset=\"https:\/\/danteshpk.al\/wp-content\/uploads\/2024\/03\/7d132f35fc9e06eb19029dddde2c069e.png 582w, https:\/\/danteshpk.al\/wp-content\/uploads\/2024\/03\/7d132f35fc9e06eb19029dddde2c069e-280x300.png 280w\" sizes=\"(max-width: 582px) 100vw, 582px\" \/>\t\t\t\t\t\t\t\t\t\t\t\t\t<\/div>\n\t\t\t\t<\/div>\n\t\t\t\t<\/div>\n\t\t<div class=\"elementor-element elementor-element-1ceaeee e-con-full e-flex e-con e-child\" data-id=\"1ceaeee\" data-element_type=\"container\">\n\t\t\t\t<div class=\"elementor-element elementor-element-9b9b7ca elementor-widget elementor-widget-text-editor\" data-id=\"9b9b7ca\" data-element_type=\"widget\" data-widget_type=\"text-editor.default\">\n\t\t\t\t<div class=\"elementor-widget-container\">\n\t\t\t\t\t\t\t<table><tbody><tr><td colspan=\"2\"><ul><li class=\"nabroj\">Sistema specializzato per l'utilizzo in edifici residenziali e commerciali<\/li><\/ul><\/td><\/tr><tr><td colspan=\"2\"><ul><li class=\"nabroj\">Sistema molto economico con qualit\u00e0 provata<\/li><\/ul><\/td><\/tr><tr><td colspan=\"2\"><ul><li class=\"nabroj\">Il design classico offre possibilit\u00e0 di applicazione illimitate<\/li><\/ul><\/td><\/tr><tr><td colspan=\"2\"><ul><li class=\"nabroj\">Di alto profilo<\/li><\/ul><\/td><\/tr><tr><td colspan=\"2\"><ul><li class=\"nabroj\">Stabilit\u00e0 e longevit\u00e0 ottimali<\/li><\/ul><\/td><\/tr><tr><td colspan=\"2\"><ul><li class=\"nabroj\">Il profilo del canale a cinque camere con spessore di produzione di 70 mm riduce notevolmente i costi di riscaldamento<\/li><\/ul><\/td><\/tr><\/tbody><\/table>\t\t\t\t\t\t<\/div>\n\t\t\t\t<\/div>\n\t\t\t\t<\/div>\n\t\t\t\t\t<\/div>\n\t\t\t\t<\/div>\n\t\t<div class=\"elementor-element elementor-element-c817523 e-flex e-con-boxed e-con e-parent\" data-id=\"c817523\" data-element_type=\"container\">\n\t\t\t\t\t<div class=\"e-con-inner\">\n\t\t\t\t<div class=\"elementor-element elementor-element-44d27dd elementor-widget elementor-widget-text-editor\" data-id=\"44d27dd\" data-element_type=\"widget\" data-widget_type=\"text-editor.default\">\n\t\t\t\t<div class=\"elementor-widget-container\">\n\t\t\t\t\t\t\t<p><a href=\"https:\/\/danteshpk.al\/wp-content\/uploads\/2024\/03\/Broshurat-1.pdf\"><img decoding=\"async\" class=\"alignnone wp-image-4826\" src=\"https:\/\/danteshpk.al\/wp-content\/uploads\/2024\/03\/PDF_file_icon.svg-244x300.png\" alt=\"\" width=\"43\" height=\"52\" srcset=\"https:\/\/danteshpk.al\/wp-content\/uploads\/2024\/03\/PDF_file_icon.svg-244x300.png 244w, https:\/\/danteshpk.al\/wp-content\/uploads\/2024\/03\/PDF_file_icon.svg-834x1024.png 834w, https:\/\/danteshpk.al\/wp-content\/uploads\/2024\/03\/PDF_file_icon.svg-768x943.png 768w, https:\/\/danteshpk.al\/wp-content\/uploads\/2024\/03\/PDF_file_icon.svg-10x12.png 10w, https:\/\/danteshpk.al\/wp-content\/uploads\/2024\/03\/PDF_file_icon.svg-600x737.png 600w, https:\/\/danteshpk.al\/wp-content\/uploads\/2024\/03\/PDF_file_icon.svg.png 1200w\" sizes=\"(max-width: 43px) 100vw, 43px\" \/>\u00a0 \u00a0 <\/a><span style=\"color: #3366ff;\"><strong><a style=\"color: #3366ff;\" href=\"https:\/\/danteshpk.al\/wp-content\/uploads\/2024\/03\/Broshurat-5.pdf\">Opuscoli<\/a><\/strong><\/span><\/p>\t\t\t\t\t\t<\/div>\n\t\t\t\t<\/div>\n\t\t\t\t\t<\/div>\n\t\t\t\t<\/div>\n\t\t<div class=\"elementor-element elementor-element-69ee54d e-flex e-con-boxed e-con e-parent\" data-id=\"69ee54d\" data-element_type=\"container\">\n\t\t\t\t\t<div class=\"e-con-inner\">\n\t\t\t\t<div class=\"elementor-element elementor-element-67c89a4 elementor-widget elementor-widget-heading\" data-id=\"67c89a4\" data-element_type=\"widget\" data-widget_type=\"heading.default\">\n\t\t\t\t<div class=\"elementor-widget-container\">\n\t\t\t<h2 class=\"elementor-heading-title elementor-size-default\">EFFECTLINE<\/h2>\t\t<\/div>\n\t\t\t\t<\/div>\n\t\t\t\t\t<\/div>\n\t\t\t\t<\/div>\n\t\t<div class=\"elementor-element elementor-element-5d9c50b e-flex e-con-boxed e-con e-parent\" data-id=\"5d9c50b\" data-element_type=\"container\" data-settings=\"{&quot;background_background&quot;:&quot;gradient&quot;}\">\n\t\t\t\t\t<div class=\"e-con-inner\">\n\t\t<div class=\"elementor-element elementor-element-cf0078d e-con-full e-flex e-con e-child\" data-id=\"cf0078d\" data-element_type=\"container\">\n\t\t\t\t<div class=\"elementor-element elementor-element-60398de elementor-widget elementor-widget-image\" data-id=\"60398de\" data-element_type=\"widget\" data-widget_type=\"image.default\">\n\t\t\t\t<div class=\"elementor-widget-container\">\n\t\t\t\t\t\t\t\t\t\t\t\t\t<img decoding=\"async\" width=\"588\" height=\"588\" src=\"https:\/\/danteshpk.al\/wp-content\/uploads\/2024\/03\/effectline1.jpg\" class=\"attachment-large size-large wp-image-4920\" alt=\"\" srcset=\"https:\/\/danteshpk.al\/wp-content\/uploads\/2024\/03\/effectline1.jpg 588w, https:\/\/danteshpk.al\/wp-content\/uploads\/2024\/03\/effectline1-300x300.jpg 300w, https:\/\/danteshpk.al\/wp-content\/uploads\/2024\/03\/effectline1-150x150.jpg 150w, https:\/\/danteshpk.al\/wp-content\/uploads\/2024\/03\/effectline1-12x12.jpg 12w, https:\/\/danteshpk.al\/wp-content\/uploads\/2024\/03\/effectline1-100x100.jpg 100w, https:\/\/danteshpk.al\/wp-content\/uploads\/2024\/03\/effectline1-50x50.jpg 50w\" sizes=\"(max-width: 588px) 100vw, 588px\" \/>\t\t\t\t\t\t\t\t\t\t\t\t\t<\/div>\n\t\t\t\t<\/div>\n\t\t\t\t<\/div>\n\t\t<div class=\"elementor-element elementor-element-290b0b0 e-con-full e-flex e-con e-child\" data-id=\"290b0b0\" data-element_type=\"container\">\n\t\t\t\t<div class=\"elementor-element elementor-element-264cd8d elementor-widget elementor-widget-heading\" data-id=\"264cd8d\" data-element_type=\"widget\" data-widget_type=\"heading.default\">\n\t\t\t\t<div class=\"elementor-widget-container\">\n\t\t\t<h3 class=\"elementor-heading-title elementor-size-default\">SWINGLINE<\/h3>\t\t<\/div>\n\t\t\t\t<\/div>\n\t\t\t\t<div class=\"elementor-element elementor-element-2bb6824 elementor-widget elementor-widget-text-editor\" data-id=\"2bb6824\" data-element_type=\"widget\" data-widget_type=\"text-editor.default\">\n\t\t\t\t<div class=\"elementor-widget-container\">\n\t\t\t\t\t\t\t<ul class=\"tick-list\"><li style=\"list-style-type: none;\"><ul class=\"tick-list\"><li>EFFECTLINE \u00e8 un sistema di profili a cui l'azienda VEKA ha dedicato la sua produzione per l'utilizzo in edifici residenziali e commerciali: tecnologicamente EFFECTLINE soddisfa tutti i pi\u00f9 recenti standard europei e allo stesso tempo \u00e8 pi\u00f9 economico.<\/li><li>Grazie all'elegante larghezza del profilo, le finestre del sistema EFFECTLINE introducono una grande quantit\u00e0 di luce negli spazi interni e grazie al suo design classico dai contorni dolcemente arrotondati, si adatta perfettamente a tutti i tipi e stili di costruzione.<\/li><li>Lo spessore base di produzione di 70 mm e il sistema a 5 camere garantiscono un isolamento termico ottimale, che consente un notevole risparmio energetico in riscaldamento e raffrescamento.<\/li><li>Il sistema EFFECTLINE \u00e8 compatibile con un gran numero di elementi di collegamento aggiuntivi della tavolozza del sistema con uno spessore base di 70 mm, il che garantisce una grande flessibilit\u00e0 di utilizzo.<\/li><li>Inoltre, nelle finestre del sistema EFFECTLINE possono essere installati i normali meccanismi, mentre i profili stessi contengono gomma lucida coestrusa e saldata in fabbrica in PVC morbido. I punti vetro sono adatti per l'installazione di vetri termici fino a 24 mm di spessore.<\/li><\/ul><\/li><\/ul><h2>Per una qualit\u00e0 VEKA extra<\/h2><p>\u00a0<\/p><ul class=\"tick-list\"><li>Il sistema EFFECTLINE \u00e8 prodotto con la tecnologia pi\u00f9 avanzata, ma \u00e8 molto economico. Ancora una volta la ditta VEKA AG ha prodotto un profilo di alta qualit\u00e0 in linea con le tendenze del mercato, che significa durabilit\u00e0, affidabilit\u00e0 ed efficienza energetica.<\/li><li>I sistemi di qualit\u00e0 dei profili VEKA, con la loro qualit\u00e0, superano i severi standard tedeschi. Grazie allo spessore delle pareti esterne di classe A e alla struttura stabile del profilo, le finestre sono stabili e resistenti nel collegamento.<\/li><li>Progettisti, architetti e imprenditori edili hanno a disposizione un numero virtualmente illimitato di scelte progettuali, cos\u00ec come un sistema logistico unico di consegna, un servizio completo, una produzione professionale e un'installazione da parte dei partner certificati VEKA.<\/li><\/ul>\t\t\t\t\t\t<\/div>\n\t\t\t\t<\/div>\n\t\t\t\t<\/div>\n\t\t\t\t\t<\/div>\n\t\t\t\t<\/div>\n\t\t\t\t<\/div>","protected":false},"excerpt":{"rendered":"<p>Karakteristikat e sistemit EFFECTLINE Sistemi i specializuar p\u00ebr p\u00ebrdorim n\u00eb nd\u00ebrtesat rezidenciale dhe komerciale Sistem shum\u00eb ekonomik me cil\u00ebsi t\u00eb d\u00ebshmuar Dizajni klasik ofron mund\u00ebsi t\u00eb pakufizuara t\u00eb aplikimit Cil\u00ebs e lart\u00eb e [&hellip;]<\/p>","protected":false},"author":1,"featured_media":0,"parent":0,"menu_order":0,"comment_status":"closed","ping_status":"closed","template":"","meta":{"footnotes":""},"class_list":["post-4918","page","type-page","status-publish","hentry"],"yoast_head":"<!-- This site is optimized with the Yoast SEO plugin v24.0 - https:\/\/yoast.com\/wordpress\/plugins\/seo\/ -->\n<title>EFFECTLINE - Dante shpk<\/title>\n<meta name=\"robots\" content=\"index, follow, max-snippet:-1, max-image-preview:large, max-video-preview:-1\" \/>\n<link rel=\"canonical\" href=\"https:\/\/danteshpk.al\/it\/effectline\/\" \/>\n<meta property=\"og:locale\" content=\"it_IT\" \/>\n<meta property=\"og:type\" content=\"article\" \/>\n<meta property=\"og:title\" content=\"EFFECTLINE - Dante shpk\" \/>\n<meta property=\"og:description\" content=\"Karakteristikat e sistemit EFFECTLINE Sistemi i specializuar p\u00ebr p\u00ebrdorim n\u00eb nd\u00ebrtesat rezidenciale dhe komerciale Sistem shum\u00eb ekonomik me cil\u00ebsi t\u00eb d\u00ebshmuar Dizajni klasik ofron mund\u00ebsi t\u00eb pakufizuara t\u00eb aplikimit Cil\u00ebs e lart\u00eb e [&hellip;]\" \/>\n<meta property=\"og:url\" content=\"https:\/\/danteshpk.al\/it\/effectline\/\" \/>\n<meta property=\"og:site_name\" content=\"Dante shpk\" \/>\n<meta property=\"article:publisher\" content=\"https:\/\/www.facebook.com\/profile.php?id=100066746433407\" \/>\n<meta property=\"article:modified_time\" content=\"2024-03-12T22:55:37+00:00\" \/>\n<meta property=\"og:image\" content=\"https:\/\/danteshpk.al\/wp-content\/uploads\/2024\/03\/7d132f35fc9e06eb19029dddde2c069e.png\" \/>\n<meta name=\"twitter:card\" content=\"summary_large_image\" \/>\n<meta name=\"twitter:label1\" content=\"Tempo di lettura stimato\" \/>\n\t<meta name=\"twitter:data1\" content=\"3 minuti\" \/>\n<script type=\"application\/ld+json\" class=\"yoast-schema-graph\">{\"@context\":\"https:\/\/schema.org\",\"@graph\":[{\"@type\":\"WebPage\",\"@id\":\"https:\/\/danteshpk.al\/effectline\/\",\"url\":\"https:\/\/danteshpk.al\/effectline\/\",\"name\":\"EFFECTLINE - Dante shpk\",\"isPartOf\":{\"@id\":\"https:\/\/danteshpk.al\/#website\"},\"primaryImageOfPage\":{\"@id\":\"https:\/\/danteshpk.al\/effectline\/#primaryimage\"},\"image\":{\"@id\":\"https:\/\/danteshpk.al\/effectline\/#primaryimage\"},\"thumbnailUrl\":\"https:\/\/danteshpk.al\/wp-content\/uploads\/2024\/03\/7d132f35fc9e06eb19029dddde2c069e.png\",\"datePublished\":\"2024-03-12T22:51:29+00:00\",\"dateModified\":\"2024-03-12T22:55:37+00:00\",\"breadcrumb\":{\"@id\":\"https:\/\/danteshpk.al\/effectline\/#breadcrumb\"},\"inLanguage\":\"it-IT\",\"potentialAction\":[{\"@type\":\"ReadAction\",\"target\":[\"https:\/\/danteshpk.al\/effectline\/\"]}]},{\"@type\":\"ImageObject\",\"inLanguage\":\"it-IT\",\"@id\":\"https:\/\/danteshpk.al\/effectline\/#primaryimage\",\"url\":\"https:\/\/danteshpk.al\/wp-content\/uploads\/2024\/03\/7d132f35fc9e06eb19029dddde2c069e.png\",\"contentUrl\":\"https:\/\/danteshpk.al\/wp-content\/uploads\/2024\/03\/7d132f35fc9e06eb19029dddde2c069e.png\"},{\"@type\":\"BreadcrumbList\",\"@id\":\"https:\/\/danteshpk.al\/effectline\/#breadcrumb\",\"itemListElement\":[{\"@type\":\"ListItem\",\"position\":1,\"name\":\"Home\",\"item\":\"https:\/\/danteshpk.al\/\"},{\"@type\":\"ListItem\",\"position\":2,\"name\":\"EFFECTLINE\"}]},{\"@type\":\"WebSite\",\"@id\":\"https:\/\/danteshpk.al\/#website\",\"url\":\"https:\/\/danteshpk.al\/\",\"name\":\"Dante shpk\",\"description\":\"\",\"publisher\":{\"@id\":\"https:\/\/danteshpk.al\/#organization\"},\"potentialAction\":[{\"@type\":\"SearchAction\",\"target\":{\"@type\":\"EntryPoint\",\"urlTemplate\":\"https:\/\/danteshpk.al\/?s={search_term_string}\"},\"query-input\":{\"@type\":\"PropertyValueSpecification\",\"valueRequired\":true,\"valueName\":\"search_term_string\"}}],\"inLanguage\":\"it-IT\"},{\"@type\":\"Organization\",\"@id\":\"https:\/\/danteshpk.al\/#organization\",\"name\":\"Dante shpk\",\"url\":\"https:\/\/danteshpk.al\/\",\"logo\":{\"@type\":\"ImageObject\",\"inLanguage\":\"it-IT\",\"@id\":\"https:\/\/danteshpk.al\/#\/schema\/logo\/image\/\",\"url\":\"https:\/\/danteshpk.al\/wp-content\/uploads\/2024\/03\/0001-Dante-Shpk-Veka-Logo-Png-1.png\",\"contentUrl\":\"https:\/\/danteshpk.al\/wp-content\/uploads\/2024\/03\/0001-Dante-Shpk-Veka-Logo-Png-1.png\",\"width\":518,\"height\":314,\"caption\":\"Dante shpk\"},\"image\":{\"@id\":\"https:\/\/danteshpk.al\/#\/schema\/logo\/image\/\"},\"sameAs\":[\"https:\/\/www.facebook.com\/profile.php?id=100066746433407\",\"https:\/\/konsulencemarketing.com\/biznesi\/dante-shpk-veka\/\"]}]}<\/script>\n<!-- \/ Yoast SEO plugin. -->","yoast_head_json":{"title":"EFFECTLINE - Dante shpk","robots":{"index":"index","follow":"follow","max-snippet":"max-snippet:-1","max-image-preview":"max-image-preview:large","max-video-preview":"max-video-preview:-1"},"canonical":"https:\/\/danteshpk.al\/it\/effectline\/","og_locale":"it_IT","og_type":"article","og_title":"EFFECTLINE - Dante shpk","og_description":"Karakteristikat e sistemit EFFECTLINE Sistemi i specializuar p\u00ebr p\u00ebrdorim n\u00eb nd\u00ebrtesat rezidenciale dhe komerciale Sistem shum\u00eb ekonomik me cil\u00ebsi t\u00eb d\u00ebshmuar Dizajni klasik ofron mund\u00ebsi t\u00eb pakufizuara t\u00eb aplikimit Cil\u00ebs e lart\u00eb e [&hellip;]","og_url":"https:\/\/danteshpk.al\/it\/effectline\/","og_site_name":"Dante shpk","article_publisher":"https:\/\/www.facebook.com\/profile.php?id=100066746433407","article_modified_time":"2024-03-12T22:55:37+00:00","og_image":[{"url":"https:\/\/danteshpk.al\/wp-content\/uploads\/2024\/03\/7d132f35fc9e06eb19029dddde2c069e.png","type":"","width":"","height":""}],"twitter_card":"summary_large_image","twitter_misc":{"Tempo di lettura stimato":"3 minuti"},"schema":{"@context":"https:\/\/schema.org","@graph":[{"@type":"WebPage","@id":"https:\/\/danteshpk.al\/effectline\/","url":"https:\/\/danteshpk.al\/effectline\/","name":"EFFECTLINE - Dante shpk","isPartOf":{"@id":"https:\/\/danteshpk.al\/#website"},"primaryImageOfPage":{"@id":"https:\/\/danteshpk.al\/effectline\/#primaryimage"},"image":{"@id":"https:\/\/danteshpk.al\/effectline\/#primaryimage"},"thumbnailUrl":"https:\/\/danteshpk.al\/wp-content\/uploads\/2024\/03\/7d132f35fc9e06eb19029dddde2c069e.png","datePublished":"2024-03-12T22:51:29+00:00","dateModified":"2024-03-12T22:55:37+00:00","breadcrumb":{"@id":"https:\/\/danteshpk.al\/effectline\/#breadcrumb"},"inLanguage":"it-IT","potentialAction":[{"@type":"ReadAction","target":["https:\/\/danteshpk.al\/effectline\/"]}]},{"@type":"ImageObject","inLanguage":"it-IT","@id":"https:\/\/danteshpk.al\/effectline\/#primaryimage","url":"https:\/\/danteshpk.al\/wp-content\/uploads\/2024\/03\/7d132f35fc9e06eb19029dddde2c069e.png","contentUrl":"https:\/\/danteshpk.al\/wp-content\/uploads\/2024\/03\/7d132f35fc9e06eb19029dddde2c069e.png"},{"@type":"BreadcrumbList","@id":"https:\/\/danteshpk.al\/effectline\/#breadcrumb","itemListElement":[{"@type":"ListItem","position":1,"name":"Home","item":"https:\/\/danteshpk.al\/"},{"@type":"ListItem","position":2,"name":"EFFECTLINE"}]},{"@type":"WebSite","@id":"https:\/\/danteshpk.al\/#website","url":"https:\/\/danteshpk.al\/","name":"Dante shpk","description":"","publisher":{"@id":"https:\/\/danteshpk.al\/#organization"},"potentialAction":[{"@type":"SearchAction","target":{"@type":"EntryPoint","urlTemplate":"https:\/\/danteshpk.al\/?s={search_term_string}"},"query-input":{"@type":"PropertyValueSpecification","valueRequired":true,"valueName":"search_term_string"}}],"inLanguage":"it-IT"},{"@type":"Organization","@id":"https:\/\/danteshpk.al\/#organization","name":"Dante shpk","url":"https:\/\/danteshpk.al\/","logo":{"@type":"ImageObject","inLanguage":"it-IT","@id":"https:\/\/danteshpk.al\/#\/schema\/logo\/image\/","url":"https:\/\/danteshpk.al\/wp-content\/uploads\/2024\/03\/0001-Dante-Shpk-Veka-Logo-Png-1.png","contentUrl":"https:\/\/danteshpk.al\/wp-content\/uploads\/2024\/03\/0001-Dante-Shpk-Veka-Logo-Png-1.png","width":518,"height":314,"caption":"Dante shpk"},"image":{"@id":"https:\/\/danteshpk.al\/#\/schema\/logo\/image\/"},"sameAs":["https:\/\/www.facebook.com\/profile.php?id=100066746433407","https:\/\/konsulencemarketing.com\/biznesi\/dante-shpk-veka\/"]}]}},"_links":{"self":[{"href":"https:\/\/danteshpk.al\/it\/wp-json\/wp\/v2\/pages\/4918","targetHints":{"allow":["GET"]}}],"collection":[{"href":"https:\/\/danteshpk.al\/it\/wp-json\/wp\/v2\/pages"}],"about":[{"href":"https:\/\/danteshpk.al\/it\/wp-json\/wp\/v2\/types\/page"}],"author":[{"embeddable":true,"href":"https:\/\/danteshpk.al\/it\/wp-json\/wp\/v2\/users\/1"}],"replies":[{"embeddable":true,"href":"https:\/\/danteshpk.al\/it\/wp-json\/wp\/v2\/comments?post=4918"}],"version-history":[{"count":4,"href":"https:\/\/danteshpk.al\/it\/wp-json\/wp\/v2\/pages\/4918\/revisions"}],"predecessor-version":[{"id":4923,"href":"https:\/\/danteshpk.al\/it\/wp-json\/wp\/v2\/pages\/4918\/revisions\/4923"}],"wp:attachment":[{"href":"https:\/\/danteshpk.al\/it\/wp-json\/wp\/v2\/media?parent=4918"}],"curies":[{"name":"wp","href":"https:\/\/api.w.org\/{rel}","templated":true}]}}